{"id":20080,"date":"2023-01-02T14:38:32","date_gmt":"2023-01-02T13:38:32","guid":{"rendered":"https:\/\/e-adams.pl\/produkt\/latexfarbe-beckers-designer-white-5l\/"},"modified":"2023-01-02T14:40:20","modified_gmt":"2023-01-02T13:40:20","slug":"latexfarbe-beckers-designer-white-5l","status":"publish","type":"product","link":"https:\/\/e-adams.pl\/de\/produkt\/latexfarbe-beckers-designer-white-5l\/","title":{"rendered":"Latexfarbe BECKERS DESIGNER WHITE &#8211; 5L"},"content":{"rendered":"<h2>Beckers Designer White &#8211; 5L<\/h2>\n<p>&#8211; Best\u00e4ndigkeit der lackierten Beschichtung gegen Waschen mit Wasser und Reinigungsmittel<br \/>\n&#8211; Langer wei\u00dfer Effekt:<br \/>\n&#8211; UV-best\u00e4ndiger Lack vergilbt nicht mit der Zeit;<br \/>\n&#8211; empfohlen f\u00fcr stark verglaste R\u00e4ume;<br \/>\n&#8211; Die Farbe l\u00e4sst sich leicht verteilen, spritzt beim Auftragen nicht<\/p>\n<p><b>Farben<\/b>: wei\u00df, <u>matt<\/u> (3)<br \/>\n<b>Anwendungsmethode:<\/b> rollen, streichen oder spr\u00fchen<br \/>\n<b>Leistung:<\/b> Bis zu 14 m2\/l<\/p>\n<p style=\"font-size: 20px; color: #666666; line-height: 30px; text-align: justify;\">Hochwertige, wasserverd\u00fcnnbare, wei\u00dfe Latexfarbe BECKERS DESIGNER WHITE, empfohlen zum Streichen von W\u00e4nden und Decken. Die damit beschichtete Oberfl\u00e4che erh\u00e4lt ein sch\u00f6nes, tiefes mattes Finish. Das Produkt wird von der Polnischen Gesellschaft f\u00fcr Allergologie empfohlen. Dar\u00fcber hinaus erf\u00fcllt es strenge europ\u00e4ische Standards f\u00fcr die Emission fl\u00fcchtiger organischer Verbindungen.<\/p>\n","protected":false},"excerpt":{"rendered":"<p>Latexfarbe f\u00fcr W\u00e4nde und Decken<\/p>\n","protected":false},"featured_media":20077,"comment_status":"closed","ping_status":"closed","template":"","meta":{"_acf_changed":false,"inline_featured_image":false},"product_cat":[892],"product_tag":[1432,1433,1434],"class_list":{"0":"post-20080","1":"product","2":"type-product","3":"status-publish","4":"has-post-thumbnail","6":"product_cat-weisse-farben","7":"product_tag-beckers-de","8":"product_tag-farben","9":"product_tag-innenfarbe","11":"first","12":"onbackorder","13":"shipping-taxable","14":"product-type-simple"},"acf":[],"_links":{"self":[{"href":"https:\/\/e-adams.pl\/de\/wp-json\/wp\/v2\/product\/20080","targetHints":{"allow":["GET"]}}],"collection":[{"href":"https:\/\/e-adams.pl\/de\/wp-json\/wp\/v2\/product"}],"about":[{"href":"https:\/\/e-adams.pl\/de\/wp-json\/wp\/v2\/types\/product"}],"replies":[{"embeddable":true,"href":"https:\/\/e-adams.pl\/de\/wp-json\/wp\/v2\/comments?post=20080"}],"wp:featuredmedia":[{"embeddable":true,"href":"https:\/\/e-adams.pl\/de\/wp-json\/wp\/v2\/media\/20077"}],"wp:attachment":[{"href":"https:\/\/e-adams.pl\/de\/wp-json\/wp\/v2\/media?parent=20080"}],"wp:term":[{"taxonomy":"product_cat","embeddable":true,"href":"https:\/\/e-adams.pl\/de\/wp-json\/wp\/v2\/product_cat?post=20080"},{"taxonomy":"product_tag","embeddable":true,"href":"https:\/\/e-adams.pl\/de\/wp-json\/wp\/v2\/product_tag?post=20080"}],"curies":[{"name":"wp","href":"https:\/\/api.w.org\/{rel}","templated":true}]}}