{"id":20093,"date":"2023-01-02T15:36:04","date_gmt":"2023-01-02T14:36:04","guid":{"rendered":"https:\/\/e-adams.pl\/?post_type=product&#038;p=20093"},"modified":"2023-01-02T15:40:20","modified_gmt":"2023-01-02T14:40:20","slug":"beckers-designer-collection-white-5l","status":"publish","type":"product","link":"https:\/\/e-adams.pl\/de\/produkt\/beckers-designer-collection-white-5l\/","title":{"rendered":"Keramische Farbe BECKERS DESIGNER COLLECTION WHITE &#8211; 5L"},"content":{"rendered":"<h2>Beckers Designer Collection White &#8211; 5L<\/h2>\n<p>&#8211; H\u00f6chste Schmutzresistenz<br \/>\n&#8211; Entspiegelung unabh\u00e4ngig vom Lichteinfallswinkel<br \/>\n&#8211; Tiefe Matte f\u00fcr hochwertigen Innenausbau erforderlich<br \/>\n&#8211; Die Farbe l\u00e4sst sich leicht verteilen, spritzt beim Auftragen nicht<\/p>\n<p><b>Farben:<\/b> wei\u00df, <u>tiefmatt<\/u> (1,5-3)<br \/>\n<b>Auftragsmethode:<\/b> Rolle oder Pinsel<br \/>\n<b>Ergiebigkeit:<\/b> Bis zu 16 m2\/l bei einem Anstrich<\/p>\n<p style=\"font-size: 20px; color: #666666; line-height: 30px; text-align: justify;\">BECKERS DESIGNER COLLECTION WHITE ist eine hochwertige, tiefmatte wei\u00dfe Keramikfarbe auf Wasserbasis . Die Farbe ist zum dekorativen und sch\u00fctzenden Streichen von W\u00e4nden und Decken in Wohn-, B\u00fcro- und \u00f6ffentlichen R\u00e4umen, einschlie\u00dflich Bildungs- und Gesundheitseinrichtungen (Schulen, Kinderg\u00e4rten, Kinderg\u00e4rten, Krankenh\u00e4user, Kliniken, Arztpraxen, Operationss\u00e4le, Behandlungsr\u00e4ume, Labors, Dialysestationen, etc.) und Dienstleistungs- und Produktionsst\u00e4tten, einschlie\u00dflich der Lebensmittelindustrie, ausgenommen direkter Kontakt mit Lebensmitteln*. Es kann zum Streichen von Karton-Gips-Platten, Gipsputzen, Zement-Kalk-Putzen, dekorativen Anstrichen von Betonuntergr\u00fcnden sowie zur Renovierung von Altanstrichen verwendet werden.<\/p>\n","protected":false},"excerpt":{"rendered":"<p>Keramische Farbe f\u00fcr W\u00e4nde und Decken<\/p>\n","protected":false},"featured_media":20091,"comment_status":"closed","ping_status":"closed","template":"","meta":{"_acf_changed":false,"inline_featured_image":false},"product_cat":[892],"product_tag":[1432,1433,1434],"class_list":{"0":"post-20093","1":"product","2":"type-product","3":"status-publish","4":"has-post-thumbnail","6":"product_cat-weisse-farben","7":"product_tag-beckers-de","8":"product_tag-farben","9":"product_tag-innenfarbe","11":"first","12":"onbackorder","13":"shipping-taxable","14":"product-type-simple"},"acf":[],"_links":{"self":[{"href":"https:\/\/e-adams.pl\/de\/wp-json\/wp\/v2\/product\/20093","targetHints":{"allow":["GET"]}}],"collection":[{"href":"https:\/\/e-adams.pl\/de\/wp-json\/wp\/v2\/product"}],"about":[{"href":"https:\/\/e-adams.pl\/de\/wp-json\/wp\/v2\/types\/product"}],"replies":[{"embeddable":true,"href":"https:\/\/e-adams.pl\/de\/wp-json\/wp\/v2\/comments?post=20093"}],"wp:featuredmedia":[{"embeddable":true,"href":"https:\/\/e-adams.pl\/de\/wp-json\/wp\/v2\/media\/20091"}],"wp:attachment":[{"href":"https:\/\/e-adams.pl\/de\/wp-json\/wp\/v2\/media?parent=20093"}],"wp:term":[{"taxonomy":"product_cat","embeddable":true,"href":"https:\/\/e-adams.pl\/de\/wp-json\/wp\/v2\/product_cat?post=20093"},{"taxonomy":"product_tag","embeddable":true,"href":"https:\/\/e-adams.pl\/de\/wp-json\/wp\/v2\/product_tag?post=20093"}],"curies":[{"name":"wp","href":"https:\/\/api.w.org\/{rel}","templated":true}]}}