{"id":20101,"date":"2023-01-02T15:50:28","date_gmt":"2023-01-02T14:50:28","guid":{"rendered":"https:\/\/e-adams.pl\/produkt\/farba-lateksowa-tikkurila-super-white-2-5l\/"},"modified":"2023-01-02T15:56:46","modified_gmt":"2023-01-02T14:56:46","slug":"tikkurila-super-white-2-5l","status":"publish","type":"product","link":"https:\/\/e-adams.pl\/de\/produkt\/tikkurila-super-white-2-5l\/","title":{"rendered":"Latexfarbe TIKKURILA SUPER WHITE &#8211; 2,5L"},"content":{"rendered":"<h2>Tikkurila Super White &#8211; 2,5L<\/h2>\n<p>&#8211; Eine sichere Rezeptur, die die Umwelt und empfindliche und zu Allergien neigende Menschen schont<br \/>\n&#8211; Hohe Effizienz und Deckkraft<br \/>\n&#8211; Haltbarkeit der Beschichtung und Farbe im Laufe der Zeit<br \/>\n&#8211; Nicht tropfende Formel<br \/>\n&#8211; Sehr gute Haftung auf dem Untergrund<\/p>\n<p><b>Farben<\/b>: wei\u00df, <u>tiefmatt<\/u><br \/>\n<b>Auftragsmethode:<\/b> Streichen, Rollen oder Spritzen<br \/>\n<b>Ergiebigkeit:<\/b> Bis zu 12 m\u00b2\/l bei einem Anstrich.<\/p>\n<p style=\"font-size: 20px; color: #666666; line-height: 30px; text-align: justify;\"><strong>Latexfarbe auf Wasserbasis<\/strong> Tikkurila Super White. Vorgesehen f\u00fcr dekorative und sch\u00fctzende Anstriche von W\u00e4nden und Decken in Wohn-, B\u00fcro-, Versorgungs- und Gesundheitseinrichtungen (Krankenh\u00e4user &#8211; ausgenommen W\u00e4nde um Waschbecken, K\u00fcchensp\u00fclen und R\u00e4ume, die desinfiziert oder keimfrei gehalten werden m\u00fcssen, Schulen und Kinderg\u00e4rten) und in Lebensmitteln Industrieanlagen unter Ausschluss des direkten Kontakts mit Lebensmitteln. Verleiht der lackierten Oberfl\u00e4che ein elegantes, mattes Finish. Die Farbe ist waschbest\u00e4ndig und hat eine hohe Deckkraft.<\/p>\n","protected":false},"excerpt":{"rendered":"<p>Latexfarbe auf Wasserbasis f\u00fcr W\u00e4nde und Decken<\/p>\n","protected":false},"featured_media":20099,"comment_status":"closed","ping_status":"closed","template":"","meta":{"_acf_changed":false,"inline_featured_image":false},"product_cat":[892],"product_tag":[1433,1434,1435],"class_list":{"0":"post-20101","1":"product","2":"type-product","3":"status-publish","4":"has-post-thumbnail","6":"product_cat-weisse-farben","7":"product_tag-farben","8":"product_tag-innenfarbe","9":"product_tag-tikkurila-de","11":"first","12":"onbackorder","13":"shipping-taxable","14":"product-type-simple"},"acf":[],"_links":{"self":[{"href":"https:\/\/e-adams.pl\/de\/wp-json\/wp\/v2\/product\/20101","targetHints":{"allow":["GET"]}}],"collection":[{"href":"https:\/\/e-adams.pl\/de\/wp-json\/wp\/v2\/product"}],"about":[{"href":"https:\/\/e-adams.pl\/de\/wp-json\/wp\/v2\/types\/product"}],"replies":[{"embeddable":true,"href":"https:\/\/e-adams.pl\/de\/wp-json\/wp\/v2\/comments?post=20101"}],"wp:featuredmedia":[{"embeddable":true,"href":"https:\/\/e-adams.pl\/de\/wp-json\/wp\/v2\/media\/20099"}],"wp:attachment":[{"href":"https:\/\/e-adams.pl\/de\/wp-json\/wp\/v2\/media?parent=20101"}],"wp:term":[{"taxonomy":"product_cat","embeddable":true,"href":"https:\/\/e-adams.pl\/de\/wp-json\/wp\/v2\/product_cat?post=20101"},{"taxonomy":"product_tag","embeddable":true,"href":"https:\/\/e-adams.pl\/de\/wp-json\/wp\/v2\/product_tag?post=20101"}],"curies":[{"name":"wp","href":"https:\/\/api.w.org\/{rel}","templated":true}]}}