{"id":20108,"date":"2022-12-27T10:07:52","date_gmt":"2022-12-27T09:07:52","guid":{"rendered":"https:\/\/e-adams.pl\/produkt\/emulsja-lateksowa-dulux-idealny-sufit-9l\/"},"modified":"2023-01-03T11:17:18","modified_gmt":"2023-01-03T10:17:18","slug":"latex-emulsion-dulux-idealny-sufit-9l","status":"publish","type":"product","link":"https:\/\/e-adams.pl\/de\/produkt\/latex-emulsion-dulux-idealny-sufit-9l\/","title":{"rendered":"Latex-Emulsion DULUX IDEALNY SUFIT &#8211; 9L"},"content":{"rendered":"<h2>Dulux Idealny Sufit &#8211; 9L<\/h2>\n<p>&#8211; Perfekte wei\u00dfe Decke<br \/>\n&#8211; Sehr gute Deckkraft<br \/>\n&#8211; Minimales Spritzniveau<br \/>\n&#8211; Beseitigt Substratfehler<br \/>\n&#8211; Entspiegelte Oberfl\u00e4che ohne Schlieren<\/p>\n<p><b>Farben:<\/b> wei\u00df, <u>tiefmatt<\/u><br \/>\n<b>Auftragsmethode:<\/b> Rolle oder Pinsel<br \/>\n<b>Ergiebigkeit:<\/b> Bis zu 14 m2\/l bei einmaligem Anstrich<\/p>\n<p style=\"font-size: 20px; color: #666666; line-height: 30px; text-align: justify;\">Dulux Perfect Ceiling White Latexemulsion ist eine hochwertige Latexemulsion auf Wasserbasis, ideal zum Malen Decken in Wohnr\u00e4umen, B\u00fcros und \u00f6ffentlichen Einrichtungen. Es erzeugt tiefmatte, entspiegelte Beschichtungen, die Unebenheiten des Substrats beseitigen und die lackierten Oberfl\u00e4chen perfekt wei\u00df ohne sichtbare Streifen hinterlassen. Die spritzfreie Formel und die optimale Trocknungszeit erleichtern das Lackieren schwierigster Oberfl\u00e4chen, und der geringe Gehalt an fl\u00fcchtigen organischen Verbindungen sorgt f\u00fcr einen neutralen Geruch w\u00e4hrend des Lackierens.<\/p>\n","protected":false},"excerpt":{"rendered":"<p>Antireflex-Latexemulsion f\u00fcr Decken<\/p>\n","protected":false},"featured_media":19722,"comment_status":"closed","ping_status":"closed","template":"","meta":{"_acf_changed":false,"inline_featured_image":false},"product_cat":[892],"product_tag":[1436,1433,1434],"class_list":{"0":"post-20108","1":"product","2":"type-product","3":"status-publish","4":"has-post-thumbnail","6":"product_cat-weisse-farben","7":"product_tag-dulux-de","8":"product_tag-farben","9":"product_tag-innenfarbe","11":"first","12":"onbackorder","13":"shipping-taxable","14":"product-type-simple"},"acf":[],"_links":{"self":[{"href":"https:\/\/e-adams.pl\/de\/wp-json\/wp\/v2\/product\/20108","targetHints":{"allow":["GET"]}}],"collection":[{"href":"https:\/\/e-adams.pl\/de\/wp-json\/wp\/v2\/product"}],"about":[{"href":"https:\/\/e-adams.pl\/de\/wp-json\/wp\/v2\/types\/product"}],"replies":[{"embeddable":true,"href":"https:\/\/e-adams.pl\/de\/wp-json\/wp\/v2\/comments?post=20108"}],"wp:featuredmedia":[{"embeddable":true,"href":"https:\/\/e-adams.pl\/de\/wp-json\/wp\/v2\/media\/19722"}],"wp:attachment":[{"href":"https:\/\/e-adams.pl\/de\/wp-json\/wp\/v2\/media?parent=20108"}],"wp:term":[{"taxonomy":"product_cat","embeddable":true,"href":"https:\/\/e-adams.pl\/de\/wp-json\/wp\/v2\/product_cat?post=20108"},{"taxonomy":"product_tag","embeddable":true,"href":"https:\/\/e-adams.pl\/de\/wp-json\/wp\/v2\/product_tag?post=20108"}],"curies":[{"name":"wp","href":"https:\/\/api.w.org\/{rel}","templated":true}]}}