{"id":20120,"date":"2023-01-03T11:45:50","date_gmt":"2023-01-03T10:45:50","guid":{"rendered":"https:\/\/e-adams.pl\/?post_type=product&#038;p=20120"},"modified":"2023-01-03T11:47:16","modified_gmt":"2023-01-03T10:47:16","slug":"latexfarbe-dulux-easycare-5l","status":"publish","type":"product","link":"https:\/\/e-adams.pl\/de\/produkt\/latexfarbe-dulux-easycare-5l\/","title":{"rendered":"Latexfarbe DULUX EASYCARE makelloses wei\u00df &#8211; 5L"},"content":{"rendered":"<h2>Dulux EASYCARE &#8211; 5L<\/h2>\n<p>&#8211; Hervorragende Abdeckung<br \/>\n&#8211; Einfach anzuwenden<br \/>\n&#8211; Hydrophobe Wirkung:<br \/>\n&#8211; die Beschichtung weist Wasser und anderen fl\u00fcssigen Schmutz ab;<br \/>\n&#8211; Gute Wasserdampfdurchl\u00e4ssigkeit gew\u00e4hrleistet Wandatmung<br \/>\n&#8211; Geringes Spritzen w\u00e4hrend der Anwendung<\/p>\n<p><b>Farben:<\/b> wei\u00df, <u>tiefmatt<\/u><br \/>\n<b>Auftragsmethode:<\/b> Rolle oder Pinsel<br \/>\n<b>Ergiebigkeit:<\/b> Bis zu 16 m2\/l bei einmaligem Anstrich<\/p>\n<p style=\"font-size: 20px; color: #666666; line-height: 30px; text-align: justify;\">Dulux EasyCare ist die erste Innenfarbe auf dem Markt mit revolution\u00e4ren wasserabweisenden Eigenschaften. Dank einer speziellen Beschichtung weist die Farbe Wasser und fl\u00fcssigen Schmutz ab und verhindert, dass sie in die Oberfl\u00e4che eindringen. Dulux EasyCare ist eine der wenigen schmutzabweisenden Farben mit der beliebtesten, matten Oberfl\u00e4che. Es verleiht lackierten Oberfl\u00e4chen eine perfekt matte Beschichtung und beseitigt Oberfl\u00e4chenfehler. Es erzeugt Beschichtungen mit h\u00f6chster Fleckenunempfindlichkeit, deren Entfernung kinderleicht ist.<\/p>\n","protected":false},"excerpt":{"rendered":"<p>Hydrophobe Latexfarbe f\u00fcr W\u00e4nde und Decken<\/p>\n","protected":false},"featured_media":20116,"comment_status":"closed","ping_status":"closed","template":"","meta":{"_acf_changed":false,"inline_featured_image":false},"product_cat":[892],"product_tag":[1436,1433,1434],"class_list":{"0":"post-20120","1":"product","2":"type-product","3":"status-publish","4":"has-post-thumbnail","6":"product_cat-weisse-farben","7":"product_tag-dulux-de","8":"product_tag-farben","9":"product_tag-innenfarbe","11":"first","12":"onbackorder","13":"shipping-taxable","14":"product-type-simple"},"acf":[],"_links":{"self":[{"href":"https:\/\/e-adams.pl\/de\/wp-json\/wp\/v2\/product\/20120","targetHints":{"allow":["GET"]}}],"collection":[{"href":"https:\/\/e-adams.pl\/de\/wp-json\/wp\/v2\/product"}],"about":[{"href":"https:\/\/e-adams.pl\/de\/wp-json\/wp\/v2\/types\/product"}],"replies":[{"embeddable":true,"href":"https:\/\/e-adams.pl\/de\/wp-json\/wp\/v2\/comments?post=20120"}],"wp:featuredmedia":[{"embeddable":true,"href":"https:\/\/e-adams.pl\/de\/wp-json\/wp\/v2\/media\/20116"}],"wp:attachment":[{"href":"https:\/\/e-adams.pl\/de\/wp-json\/wp\/v2\/media?parent=20120"}],"wp:term":[{"taxonomy":"product_cat","embeddable":true,"href":"https:\/\/e-adams.pl\/de\/wp-json\/wp\/v2\/product_cat?post=20120"},{"taxonomy":"product_tag","embeddable":true,"href":"https:\/\/e-adams.pl\/de\/wp-json\/wp\/v2\/product_tag?post=20120"}],"curies":[{"name":"wp","href":"https:\/\/api.w.org\/{rel}","templated":true}]}}