{"id":20136,"date":"2022-12-27T10:54:44","date_gmt":"2022-12-27T09:54:44","guid":{"rendered":"https:\/\/e-adams.pl\/produkt\/dulux-professional-complex-white-3-9l\/"},"modified":"2023-01-03T12:39:27","modified_gmt":"2023-01-03T11:39:27","slug":"dulux-professional-complex-white-3-9l","status":"publish","type":"product","link":"https:\/\/e-adams.pl\/de\/produkt\/dulux-professional-complex-white-3-9l\/","title":{"rendered":"Latex-Emulsion DULUX PROFESSIONAL COMPLEX WHITE 3 &#8211; 9L"},"content":{"rendered":"<h2>Dulux Professional Complex White 3 &#8211; 9L<\/h2>\n<p>&#8211; Sehr gute Deckkraft<br \/>\n&#8211; Hochleistung<br \/>\n&#8211; Milder Duft<br \/>\n&#8211; Keine Schlieren<\/p>\n<p><b>Farben:<\/b> wei\u00df, <u>matt<\/u><br \/>\n<b>Auftragsmethode:<\/b> Rolle, Pinsel oder Spray<br \/>\n<b>Ergiebigkeit:<\/b> Bis zu 15 m2\/l bei einmaligem Anstrich<\/p>\n<p style=\"font-size: 20px; color: #666666; line-height: 30px; text-align: justify;\">Latexemulsion f\u00fcr Standard-Malarbeiten im Innenbereich Dulux Professional Complex White 3 zeichnet sich durch sehr gute Deckkraft aus, super Ergiebigkeit (bis zu 15m2\/l) und einem angenehmen Wei\u00dfton. Hinterl\u00e4sst keine Schlieren. Bei der Herstellung von Dulux Professional Complex White 3 werden keine organischen L\u00f6sungsmittel zugesetzt, die den Gehalt an fl\u00fcchtigen organischen Verbindungen (&lt;1 g\/l VOC) beeinflussen, wodurch es geruchsneutral ist.<\/p>\n","protected":false},"excerpt":{"rendered":"<p>Latexemulsion f\u00fcr W\u00e4nde und Decken<\/p>\n","protected":false},"featured_media":19731,"comment_status":"closed","ping_status":"closed","template":"","meta":{"_acf_changed":false,"inline_featured_image":false},"product_cat":[892],"product_tag":[1436,1433,1434],"class_list":{"0":"post-20136","1":"product","2":"type-product","3":"status-publish","4":"has-post-thumbnail","6":"product_cat-weisse-farben","7":"product_tag-dulux-de","8":"product_tag-farben","9":"product_tag-innenfarbe","11":"first","12":"onbackorder","13":"shipping-taxable","14":"product-type-simple"},"acf":[],"_links":{"self":[{"href":"https:\/\/e-adams.pl\/de\/wp-json\/wp\/v2\/product\/20136","targetHints":{"allow":["GET"]}}],"collection":[{"href":"https:\/\/e-adams.pl\/de\/wp-json\/wp\/v2\/product"}],"about":[{"href":"https:\/\/e-adams.pl\/de\/wp-json\/wp\/v2\/types\/product"}],"replies":[{"embeddable":true,"href":"https:\/\/e-adams.pl\/de\/wp-json\/wp\/v2\/comments?post=20136"}],"wp:featuredmedia":[{"embeddable":true,"href":"https:\/\/e-adams.pl\/de\/wp-json\/wp\/v2\/media\/19731"}],"wp:attachment":[{"href":"https:\/\/e-adams.pl\/de\/wp-json\/wp\/v2\/media?parent=20136"}],"wp:term":[{"taxonomy":"product_cat","embeddable":true,"href":"https:\/\/e-adams.pl\/de\/wp-json\/wp\/v2\/product_cat?post=20136"},{"taxonomy":"product_tag","embeddable":true,"href":"https:\/\/e-adams.pl\/de\/wp-json\/wp\/v2\/product_tag?post=20136"}],"curies":[{"name":"wp","href":"https:\/\/api.w.org\/{rel}","templated":true}]}}