{"id":20147,"date":"2023-01-03T12:49:14","date_gmt":"2023-01-03T11:49:14","guid":{"rendered":"https:\/\/e-adams.pl\/produkt\/farba-lateksowa-magnat-ultra-matt-5l\/"},"modified":"2023-01-03T13:28:27","modified_gmt":"2023-01-03T12:28:27","slug":"latexfarbe-magnat-ultra-matt-5l","status":"publish","type":"product","link":"https:\/\/e-adams.pl\/de\/produkt\/latexfarbe-magnat-ultra-matt-5l\/","title":{"rendered":"Latexfarbe MAGNAT ULTRA MATT schneewei\u00dfe &#8211; 5L"},"content":{"rendered":"<h2>Magnat Ultra Matt &#8211; 5L<\/h2>\n<p>&#8211; Wasch- und scheuerfest\u00b9<br \/>\n&#8211; Langlebiges Wei\u00df UV-best\u00e4ndig<br \/>\n&#8211; Optimale Trocknungszeit<br \/>\n&#8211; Spritzt nicht beim Malen<br \/>\n&#8211; Sehr gute Haftung auf dem Untergrund<br \/>\n&#8211; Komfortables Malen<br \/>\n&#8211; Hervorragende Abdeckung<\/p>\n<p><b>Farben:<\/b> wei\u00df, <u>matt<\/u><br \/>\n<b>Auftragsmethode:<\/b> Rolle oder Pinsel<br \/>\n<b>Ergiebigkeit:<\/b> Bis zu 14 m2\/l bei einmaligem Anstrich<\/p>\n<p style=\"font-size: 20px; color: #666666; line-height: 30px; text-align: justify;\">MAGNAT Ultra Matt ist eine matte Latexfarbe zum Streichen von W\u00e4nden und Decken. Hergestellt auf der Grundlage einer innovativen Technologie, die auf einer Zusammensetzung ausgew\u00e4hlter Komponenten basiert, die Mattheit und UV-Best\u00e4ndigkeit gew\u00e4hrleisten. Dank dieser Formel erzeugt MAGNAT Ultra Matt Farbe eine matte Beschichtung, die gegen den &#8222;Vergilbungseffekt&#8220; der W\u00e4nde best\u00e4ndig ist.<\/p>\n","protected":false},"excerpt":{"rendered":"<p>Latexfarbe f\u00fcr W\u00e4nde und Decken<\/p>\n","protected":false},"featured_media":20146,"comment_status":"closed","ping_status":"closed","template":"","meta":{"_acf_changed":false,"inline_featured_image":false},"product_cat":[892],"product_tag":[1433,1434,1437],"class_list":{"0":"post-20147","1":"product","2":"type-product","3":"status-publish","4":"has-post-thumbnail","6":"product_cat-weisse-farben","7":"product_tag-farben","8":"product_tag-innenfarbe","9":"product_tag-magnat-de","11":"first","12":"onbackorder","13":"shipping-taxable","14":"product-type-simple"},"acf":[],"_links":{"self":[{"href":"https:\/\/e-adams.pl\/de\/wp-json\/wp\/v2\/product\/20147","targetHints":{"allow":["GET"]}}],"collection":[{"href":"https:\/\/e-adams.pl\/de\/wp-json\/wp\/v2\/product"}],"about":[{"href":"https:\/\/e-adams.pl\/de\/wp-json\/wp\/v2\/types\/product"}],"replies":[{"embeddable":true,"href":"https:\/\/e-adams.pl\/de\/wp-json\/wp\/v2\/comments?post=20147"}],"wp:featuredmedia":[{"embeddable":true,"href":"https:\/\/e-adams.pl\/de\/wp-json\/wp\/v2\/media\/20146"}],"wp:attachment":[{"href":"https:\/\/e-adams.pl\/de\/wp-json\/wp\/v2\/media?parent=20147"}],"wp:term":[{"taxonomy":"product_cat","embeddable":true,"href":"https:\/\/e-adams.pl\/de\/wp-json\/wp\/v2\/product_cat?post=20147"},{"taxonomy":"product_tag","embeddable":true,"href":"https:\/\/e-adams.pl\/de\/wp-json\/wp\/v2\/product_tag?post=20147"}],"curies":[{"name":"wp","href":"https:\/\/api.w.org\/{rel}","templated":true}]}}