{"id":20157,"date":"2023-01-03T13:39:43","date_gmt":"2023-01-03T12:39:43","guid":{"rendered":"https:\/\/e-adams.pl\/produkt\/farba-lateksowa-magnat-creative-white-2-5l\/"},"modified":"2023-01-03T13:45:54","modified_gmt":"2023-01-03T12:45:54","slug":"latexfarbe-magnat-creative-white-2-5l","status":"publish","type":"product","link":"https:\/\/e-adams.pl\/de\/produkt\/latexfarbe-magnat-creative-white-2-5l\/","title":{"rendered":"Latexfarbe MAGNAT CREATIVE WHITE &#8211; 2,5L"},"content":{"rendered":"<h2>Magnat Ultra Matt &#8211; 2,5L<\/h2>\n<p>&#8211; Wasch- und scheuerfest\u00b9<br \/>\n&#8211; Antireflex &#8211; richtet das Substrat optisch aus<br \/>\n&#8211; Langlebiges Wei\u00df UV-best\u00e4ndig<br \/>\n&#8211; Antistatisch &#8211; reduzierte Staubanhaftung<br \/>\n&#8211; Spritzt nicht beim Malen<br \/>\n&#8211; Empfohlen f\u00fcr gro\u00dfe Fl\u00e4chen<\/p>\n<p><b>Farben:<\/b> wei\u00df, <u>tiefmatt<\/u><br \/>\n<b>Auftragsmethode:<\/b> Rolle, Pinsel oder Spray<br \/>\n<b>Ergiebigkeit:<\/b> Bis zu 16 m2\/l bei einmaligem Anstrich<\/p>\n<p style=\"font-size: 20px; color: #666666; line-height: 30px; text-align: justify;\">MAGNAT CREATIVE WHITE ist eine schneewei\u00dfe Hybridfarbe, die zwei Eigenschaften vereint: Best\u00e4ndigkeit gegen fl\u00fcssigen Schmutz ( Hydrophobie ) und Best\u00e4ndigkeit gegen\u00fcber Fetten (Oleophobie). Das tiefe matte Finish betont die Farbtiefe, bedeutet aber auch, dass der Lack entspiegelt ist.<\/p>\n","protected":false},"excerpt":{"rendered":"<p>Latexfarbe f\u00fcr W\u00e4nde und Decken<\/p>\n","protected":false},"featured_media":20156,"comment_status":"closed","ping_status":"closed","template":"","meta":{"_acf_changed":false,"inline_featured_image":false},"product_cat":[892],"product_tag":[1433,1434,1437],"class_list":{"0":"post-20157","1":"product","2":"type-product","3":"status-publish","4":"has-post-thumbnail","6":"product_cat-weisse-farben","7":"product_tag-farben","8":"product_tag-innenfarbe","9":"product_tag-magnat-de","11":"first","12":"onbackorder","13":"shipping-taxable","14":"product-type-simple"},"acf":[],"_links":{"self":[{"href":"https:\/\/e-adams.pl\/de\/wp-json\/wp\/v2\/product\/20157","targetHints":{"allow":["GET"]}}],"collection":[{"href":"https:\/\/e-adams.pl\/de\/wp-json\/wp\/v2\/product"}],"about":[{"href":"https:\/\/e-adams.pl\/de\/wp-json\/wp\/v2\/types\/product"}],"replies":[{"embeddable":true,"href":"https:\/\/e-adams.pl\/de\/wp-json\/wp\/v2\/comments?post=20157"}],"wp:featuredmedia":[{"embeddable":true,"href":"https:\/\/e-adams.pl\/de\/wp-json\/wp\/v2\/media\/20156"}],"wp:attachment":[{"href":"https:\/\/e-adams.pl\/de\/wp-json\/wp\/v2\/media?parent=20157"}],"wp:term":[{"taxonomy":"product_cat","embeddable":true,"href":"https:\/\/e-adams.pl\/de\/wp-json\/wp\/v2\/product_cat?post=20157"},{"taxonomy":"product_tag","embeddable":true,"href":"https:\/\/e-adams.pl\/de\/wp-json\/wp\/v2\/product_tag?post=20157"}],"curies":[{"name":"wp","href":"https:\/\/api.w.org\/{rel}","templated":true}]}}