{"id":20172,"date":"2023-01-03T14:22:50","date_gmt":"2023-01-03T13:22:50","guid":{"rendered":"https:\/\/e-adams.pl\/?post_type=product&#038;p=20172"},"modified":"2023-01-03T14:24:10","modified_gmt":"2023-01-03T13:24:10","slug":"latexfarbe-sniezka-eko-plus-5l","status":"publish","type":"product","link":"https:\/\/e-adams.pl\/de\/produkt\/latexfarbe-sniezka-eko-plus-5l\/","title":{"rendered":"Latexfarbe \u015aNIE\u017bKA EKO PLUS &#8211; 5L"},"content":{"rendered":"<h2>\u015anie\u017cka Eko Plus &#8211; 5L<\/h2>\n<p>&#8211; Scheuerfest<br \/>\n&#8211; Bietet Wandatmung<br \/>\n&#8211; Empfohlen f\u00fcr gro\u00dfe Fl\u00e4chen<br \/>\n&#8211; Perfekte Deckkraft: 1-2 Schichten<br \/>\n&#8211; Spritzt nicht beim Malen<\/p>\n<p><b>Farben:<\/b> wei\u00df, <u>matt<\/u><br \/>\n<b>Auftragsmethode:<\/b> Rolle, Pinsel oder Spray<br \/>\n<b>Ergiebigkeit:<\/b> Bis zu 14 m2\/l bei einmaligem Anstrich<\/p>\n<p style=\"font-size: 20px; color: #666666; line-height: 30px; text-align: justify;\">Die Farbe \u015anie\u017cka EKO PLUS ist f\u00fcr die dekorative Bemalung von W\u00e4nden und Decken in Innenr\u00e4umen bestimmt: aus Zementm\u00f6rtel, Zement &#8211; Kalk, Kalk, Gips, Gipskartonplatten, Holz, Holzwerkstoffe und Tapeten, einschlie\u00dflich solche aus Glasfaser.<\/p>\n","protected":false},"excerpt":{"rendered":"<p>Latexfarbe f\u00fcr W\u00e4nde und Decken<\/p>\n","protected":false},"featured_media":20168,"comment_status":"closed","ping_status":"closed","template":"","meta":{"_acf_changed":false,"inline_featured_image":false},"product_cat":[892],"product_tag":[1433,1434,1438],"class_list":{"0":"post-20172","1":"product","2":"type-product","3":"status-publish","4":"has-post-thumbnail","6":"product_cat-weisse-farben","7":"product_tag-farben","8":"product_tag-innenfarbe","9":"product_tag-sniezka-de","11":"first","12":"onbackorder","13":"shipping-taxable","14":"product-type-simple"},"acf":[],"_links":{"self":[{"href":"https:\/\/e-adams.pl\/de\/wp-json\/wp\/v2\/product\/20172","targetHints":{"allow":["GET"]}}],"collection":[{"href":"https:\/\/e-adams.pl\/de\/wp-json\/wp\/v2\/product"}],"about":[{"href":"https:\/\/e-adams.pl\/de\/wp-json\/wp\/v2\/types\/product"}],"replies":[{"embeddable":true,"href":"https:\/\/e-adams.pl\/de\/wp-json\/wp\/v2\/comments?post=20172"}],"wp:featuredmedia":[{"embeddable":true,"href":"https:\/\/e-adams.pl\/de\/wp-json\/wp\/v2\/media\/20168"}],"wp:attachment":[{"href":"https:\/\/e-adams.pl\/de\/wp-json\/wp\/v2\/media?parent=20172"}],"wp:term":[{"taxonomy":"product_cat","embeddable":true,"href":"https:\/\/e-adams.pl\/de\/wp-json\/wp\/v2\/product_cat?post=20172"},{"taxonomy":"product_tag","embeddable":true,"href":"https:\/\/e-adams.pl\/de\/wp-json\/wp\/v2\/product_tag?post=20172"}],"curies":[{"name":"wp","href":"https:\/\/api.w.org\/{rel}","templated":true}]}}