{"id":20184,"date":"2023-01-03T14:47:53","date_gmt":"2023-01-03T13:47:53","guid":{"rendered":"https:\/\/e-adams.pl\/produkt\/farba-akrylowa-sniezka-eko-1l\/"},"modified":"2023-01-03T14:56:59","modified_gmt":"2023-01-03T13:56:59","slug":"acrylfarbe-sniezka-eko-1l","status":"publish","type":"product","link":"https:\/\/e-adams.pl\/de\/produkt\/acrylfarbe-sniezka-eko-1l\/","title":{"rendered":"Acrylfarbe \u015aNIE\u017bKA EKO &#8211; 1L"},"content":{"rendered":"<h2>\u015anie\u017cka Eko &#8211; 1L<\/h2>\n<p>&#8211; Niedriger VOC-Gehalt.<br \/>\n&#8211; Einfache Anwendung und hervorragende Deckkraft.<\/p>\n<p><b>Farben:<\/b> wei\u00df, <u>matt<\/u><br \/>\n<b>Auftragsmethode:<\/b> Rolle, Pinsel oder Spray<br \/>\n<b>Ergiebigkeit:<\/b> Bis zu 13 m2\/l bei einmaligem Anstrich<\/p>\n<p style=\"font-size: 20px; color: #666666; line-height: 30px; text-align: justify;\">\u015anie\u017cka EKO-Farbe ist eine Farbe zum Streichen von W\u00e4nden und Decken. Ergibt matte, schneewei\u00dfe Beschichtungen, die die W\u00e4nde \u201eatmen\u201c lassen.<\/p>\n","protected":false},"excerpt":{"rendered":"<p>Acrylfarbe f\u00fcr W\u00e4nde und Decken<\/p>\n","protected":false},"featured_media":20178,"comment_status":"closed","ping_status":"closed","template":"","meta":{"_acf_changed":false,"inline_featured_image":false},"product_cat":[892],"product_tag":[1433,1434,1438],"class_list":{"0":"post-20184","1":"product","2":"type-product","3":"status-publish","4":"has-post-thumbnail","6":"product_cat-weisse-farben","7":"product_tag-farben","8":"product_tag-innenfarbe","9":"product_tag-sniezka-de","11":"first","12":"onbackorder","13":"shipping-taxable","14":"product-type-simple"},"acf":[],"_links":{"self":[{"href":"https:\/\/e-adams.pl\/de\/wp-json\/wp\/v2\/product\/20184","targetHints":{"allow":["GET"]}}],"collection":[{"href":"https:\/\/e-adams.pl\/de\/wp-json\/wp\/v2\/product"}],"about":[{"href":"https:\/\/e-adams.pl\/de\/wp-json\/wp\/v2\/types\/product"}],"replies":[{"embeddable":true,"href":"https:\/\/e-adams.pl\/de\/wp-json\/wp\/v2\/comments?post=20184"}],"wp:featuredmedia":[{"embeddable":true,"href":"https:\/\/e-adams.pl\/de\/wp-json\/wp\/v2\/media\/20178"}],"wp:attachment":[{"href":"https:\/\/e-adams.pl\/de\/wp-json\/wp\/v2\/media?parent=20184"}],"wp:term":[{"taxonomy":"product_cat","embeddable":true,"href":"https:\/\/e-adams.pl\/de\/wp-json\/wp\/v2\/product_cat?post=20184"},{"taxonomy":"product_tag","embeddable":true,"href":"https:\/\/e-adams.pl\/de\/wp-json\/wp\/v2\/product_tag?post=20184"}],"curies":[{"name":"wp","href":"https:\/\/api.w.org\/{rel}","templated":true}]}}