{"id":20199,"date":"2023-01-03T15:55:19","date_gmt":"2023-01-03T14:55:19","guid":{"rendered":"https:\/\/e-adams.pl\/?post_type=product&#038;p=20199"},"modified":"2023-01-03T15:56:57","modified_gmt":"2023-01-03T14:56:57","slug":"acrylfarbe-nobiles-super-akryl-10l","status":"publish","type":"product","link":"https:\/\/e-adams.pl\/de\/produkt\/acrylfarbe-nobiles-super-akryl-10l\/","title":{"rendered":"Acrylfarbe NOBILES SUPER AKRYL &#8211; 10L"},"content":{"rendered":"<h2>Nobiles Super Akryl &#8211; 10L<\/h2>\n<p>&#8211; Gute Wasserdampfdurchl\u00e4ssigkeit gew\u00e4hrleistet Wandatmung<br \/>\n&#8211; Deckel mit integriertem Malgitter<br \/>\n&#8211; Gute Abdeckung<\/p>\n<p><b>Farben:<\/b> wei\u00df, <u>matt<\/u><br \/>\n<b>Auftragsmethode:<\/b> Rolle, Pinsel oder Spray<br \/>\n<b>Ergiebigkeit:<\/b> Bis zu 14 m2\/l bei einmaligem Anstrich<\/p>\n<p style=\"font-size: 20px; color: #666666; line-height: 30px; text-align: justify;\">Nobiles Super Akryl ist eine moderne Acrylfarbe f\u00fcr W\u00e4nde und Decken im Innenbereich. Es ist auch die einzige wei\u00dfe Farbe auf dem Markt mit einem patentierten, funktionellen Deckel mit Malgitter. Das bedeutet Einsparung von Zeit, Geld und Bedienkomfort. Das Produkt ist zum Streichen in Wohn- und \u00f6ffentlichen R\u00e4umen, einschlie\u00dflich Bildungseinrichtungen, Industrieanlagen und der Lebensmittelindustrie (ohne direkten Kontakt mit Lebensmitteln) bestimmt.<\/p>\n","protected":false},"excerpt":{"rendered":"<p>Acrylfarbe f\u00fcr W\u00e4nde und Decken<\/p>\n","protected":false},"featured_media":19758,"comment_status":"closed","ping_status":"closed","template":"","meta":{"_acf_changed":false,"inline_featured_image":false},"product_cat":[892],"product_tag":[1433,1434,1439],"class_list":{"0":"post-20199","1":"product","2":"type-product","3":"status-publish","4":"has-post-thumbnail","6":"product_cat-weisse-farben","7":"product_tag-farben","8":"product_tag-innenfarbe","9":"product_tag-nobiles-de","11":"first","12":"onbackorder","13":"shipping-taxable","14":"product-type-simple"},"acf":[],"_links":{"self":[{"href":"https:\/\/e-adams.pl\/de\/wp-json\/wp\/v2\/product\/20199","targetHints":{"allow":["GET"]}}],"collection":[{"href":"https:\/\/e-adams.pl\/de\/wp-json\/wp\/v2\/product"}],"about":[{"href":"https:\/\/e-adams.pl\/de\/wp-json\/wp\/v2\/types\/product"}],"replies":[{"embeddable":true,"href":"https:\/\/e-adams.pl\/de\/wp-json\/wp\/v2\/comments?post=20199"}],"wp:featuredmedia":[{"embeddable":true,"href":"https:\/\/e-adams.pl\/de\/wp-json\/wp\/v2\/media\/19758"}],"wp:attachment":[{"href":"https:\/\/e-adams.pl\/de\/wp-json\/wp\/v2\/media?parent=20199"}],"wp:term":[{"taxonomy":"product_cat","embeddable":true,"href":"https:\/\/e-adams.pl\/de\/wp-json\/wp\/v2\/product_cat?post=20199"},{"taxonomy":"product_tag","embeddable":true,"href":"https:\/\/e-adams.pl\/de\/wp-json\/wp\/v2\/product_tag?post=20199"}],"curies":[{"name":"wp","href":"https:\/\/api.w.org\/{rel}","templated":true}]}}