{"id":20211,"date":"2023-01-04T12:35:31","date_gmt":"2023-01-04T11:35:31","guid":{"rendered":"https:\/\/e-adams.pl\/produkt\/latexfarbe-dekoral-akrylit-w-schneeweiss-3l\/"},"modified":"2023-01-04T12:36:59","modified_gmt":"2023-01-04T11:36:59","slug":"latexfarbe-dekoral-akrylit-w-schneeweiss-3l","status":"publish","type":"product","link":"https:\/\/e-adams.pl\/de\/produkt\/latexfarbe-dekoral-akrylit-w-schneeweiss-3l\/","title":{"rendered":"Latexfarbe DEKORAL AKRYLIT W schneewei\u00df &#8211; 3L"},"content":{"rendered":"<h2>Dekoral Akrylit W &#8211; 3L<\/h2>\n<p>&#8211; Scheuerfest<br \/>\n&#8211; Sehr gute Deckkraft<br \/>\n&#8211; Die W\u00e4nde atmen unter dem wei\u00dfen Anstrich<br \/>\n&#8211; Bequemer Rollen- und Spr\u00fchauftrag<br \/>\n&#8211; 5 Jahre Haltbarkeit von Wei\u00df<br \/>\n&#8211; Die Farbe ist UV-best\u00e4ndig und vergilbt nicht mit der Zeit<\/p>\n<p><b>Farben:<\/b> Wei\u00df, <u>Matte<\/u><br \/>\n<b>Anwendungsmethode:<\/b> rollen, streichen oder spr\u00fchen<br \/>\n<b>Leistung:<\/b> Bis zu 14 m2\/l bei einmaligem Anstrich<\/p>\n<p style=\"font-size: 20px; color: #666666; line-height: 30px; text-align: justify;\">Die scheuerbest\u00e4ndige Latexfarbe Akrylit W schneewei\u00df ist zum dekorativen Streichen von W\u00e4nden und Decken in Innenr\u00e4umen bestimmt. Die optimale Auswahl der physikalisch-chemischen und optischen Eigenschaften des Pigments garantiert, dass sich die mit dem Lack lackierten Oberfl\u00e4chen durch ein schneewei\u00dfes, mattes Finish auszeichnen, das f\u00fcr das Auge angenehm ist. Sorgt f\u00fcr eine gleichm\u00e4\u00dfige Beschichtung und maskiert optisch Unebenheiten des Substrats. Die Verwendung einer hochwertigen Dispersion erm\u00f6glicht eine gute Mikrobel\u00fcftung der Oberfl\u00e4che.<\/p>\n","protected":false},"excerpt":{"rendered":"<p>Latexfarbe f\u00fcr W\u00e4nde und Decken<\/p>\n","protected":false},"featured_media":20205,"comment_status":"closed","ping_status":"closed","template":"","meta":{"_acf_changed":false,"inline_featured_image":false},"product_cat":[892],"product_tag":[1440,1433,1434],"class_list":{"0":"post-20211","1":"product","2":"type-product","3":"status-publish","4":"has-post-thumbnail","6":"product_cat-weisse-farben","7":"product_tag-dekoral-de","8":"product_tag-farben","9":"product_tag-innenfarbe","11":"first","12":"onbackorder","13":"shipping-taxable","14":"product-type-simple"},"acf":[],"_links":{"self":[{"href":"https:\/\/e-adams.pl\/de\/wp-json\/wp\/v2\/product\/20211","targetHints":{"allow":["GET"]}}],"collection":[{"href":"https:\/\/e-adams.pl\/de\/wp-json\/wp\/v2\/product"}],"about":[{"href":"https:\/\/e-adams.pl\/de\/wp-json\/wp\/v2\/types\/product"}],"replies":[{"embeddable":true,"href":"https:\/\/e-adams.pl\/de\/wp-json\/wp\/v2\/comments?post=20211"}],"wp:featuredmedia":[{"embeddable":true,"href":"https:\/\/e-adams.pl\/de\/wp-json\/wp\/v2\/media\/20205"}],"wp:attachment":[{"href":"https:\/\/e-adams.pl\/de\/wp-json\/wp\/v2\/media?parent=20211"}],"wp:term":[{"taxonomy":"product_cat","embeddable":true,"href":"https:\/\/e-adams.pl\/de\/wp-json\/wp\/v2\/product_cat?post=20211"},{"taxonomy":"product_tag","embeddable":true,"href":"https:\/\/e-adams.pl\/de\/wp-json\/wp\/v2\/product_tag?post=20211"}],"curies":[{"name":"wp","href":"https:\/\/api.w.org\/{rel}","templated":true}]}}