{"id":20228,"date":"2023-01-04T13:26:50","date_gmt":"2023-01-04T12:26:50","guid":{"rendered":"https:\/\/e-adams.pl\/produkt\/latexfarbe-dekoral-lazienka-kuchnia-schneewittchen-5l\/"},"modified":"2023-01-04T13:27:40","modified_gmt":"2023-01-04T12:27:40","slug":"latexfarbe-dekoral-lazienka-kuchnia-schneewittchen-5l","status":"publish","type":"product","link":"https:\/\/e-adams.pl\/de\/produkt\/latexfarbe-dekoral-lazienka-kuchnia-schneewittchen-5l\/","title":{"rendered":"Latexfarbe DEKORAL \u0141AZIENKA &#038; KUCHNIA Schneewittchen &#8211; 5L"},"content":{"rendered":"<h2>Dekoral \u0141azienka &amp; Kuchnia &#8211; 5L<\/h2>\n<p>&#8211; Feuchtigkeitsresistent<br \/>\n&#8211; Hydrophob &#8211; weist Wasser und fl\u00fcssigen Schmutz ab<br \/>\n&#8211; Erzeugt eine pilz- und schimmelresistente Beschichtung<br \/>\n&#8211; Best\u00e4ndig gegen Nassabrieb &#8211; Klasse 3 nach PN EN 13300<br \/>\n&#8211; Sorgt f\u00fcr eine angemessene Mikrobel\u00fcftung der Oberfl\u00e4che<\/p>\n<p><b>Farben:<\/b> Wei\u00df, <u>Matte<\/u><br \/>\n<b>Anwendungsmethode:<\/b> rollen, streichen oder spr\u00fchen<br \/>\n<b>Leistung:<\/b> Bis zu 12 m2\/l bei einmaligem Anstrich<\/p>\n<p style=\"font-size: 20px; color: #666666; line-height: 30px; text-align: justify;\">Die matte Latex-Dispersionsfarbe BADEZIMMER &amp; K\u00dcCHE schneewei\u00df ist zum Streichen von W\u00e4nden und Decken in R\u00e4umen bestimmt, die der Bildung von Schimmelpilzen und Feuchtigkeit besonders ausgesetzt sind. Die Verwendung einer hochwertigen Polymerdispersion wirkt sich auf die erh\u00f6hte mechanische Best\u00e4ndigkeit der Beschichtung aus, dank derer sie flexibel, stark, langlebig und wasserbest\u00e4ndig ist, und die geeignete Auswahl an F\u00fcllstoffen und Hilfsmitteln l\u00e4sst die W\u00e4nde richtig atmen. Die Beschichtung ist langfristig gegen Pilzbefall gesch\u00fctzt.<\/p>\n","protected":false},"excerpt":{"rendered":"<p>Latexfarbe f\u00fcr W\u00e4nde und Decken<\/p>\n","protected":false},"featured_media":20220,"comment_status":"closed","ping_status":"closed","template":"","meta":{"_acf_changed":false,"inline_featured_image":false},"product_cat":[892],"product_tag":[1440,1433,1434],"class_list":{"0":"post-20228","1":"product","2":"type-product","3":"status-publish","4":"has-post-thumbnail","6":"product_cat-weisse-farben","7":"product_tag-dekoral-de","8":"product_tag-farben","9":"product_tag-innenfarbe","11":"first","12":"onbackorder","13":"shipping-taxable","14":"product-type-simple"},"acf":[],"_links":{"self":[{"href":"https:\/\/e-adams.pl\/de\/wp-json\/wp\/v2\/product\/20228","targetHints":{"allow":["GET"]}}],"collection":[{"href":"https:\/\/e-adams.pl\/de\/wp-json\/wp\/v2\/product"}],"about":[{"href":"https:\/\/e-adams.pl\/de\/wp-json\/wp\/v2\/types\/product"}],"replies":[{"embeddable":true,"href":"https:\/\/e-adams.pl\/de\/wp-json\/wp\/v2\/comments?post=20228"}],"wp:featuredmedia":[{"embeddable":true,"href":"https:\/\/e-adams.pl\/de\/wp-json\/wp\/v2\/media\/20220"}],"wp:attachment":[{"href":"https:\/\/e-adams.pl\/de\/wp-json\/wp\/v2\/media?parent=20228"}],"wp:term":[{"taxonomy":"product_cat","embeddable":true,"href":"https:\/\/e-adams.pl\/de\/wp-json\/wp\/v2\/product_cat?post=20228"},{"taxonomy":"product_tag","embeddable":true,"href":"https:\/\/e-adams.pl\/de\/wp-json\/wp\/v2\/product_tag?post=20228"}],"curies":[{"name":"wp","href":"https:\/\/api.w.org\/{rel}","templated":true}]}}