{"id":20241,"date":"2023-01-04T14:06:14","date_gmt":"2023-01-04T13:06:14","guid":{"rendered":"https:\/\/e-adams.pl\/produkt\/latexfarbe-dulux-easycare-25l\/"},"modified":"2023-01-04T14:06:52","modified_gmt":"2023-01-04T13:06:52","slug":"latexfarbe-dulux-easycare-25l","status":"publish","type":"product","link":"https:\/\/e-adams.pl\/de\/produkt\/latexfarbe-dulux-easycare-25l\/","title":{"rendered":"Latexfarbe DULUX EASYCARE+ &#8211; 2,5L"},"content":{"rendered":"<h2>Dulux EasyCare+ &#8211; 2,5L<\/h2>\n<p>-Titanfarbe<br \/>\n&#8211; Abriebfeste Technologie<br \/>\n&#8211; Best\u00e4ndig gegen schwarze Flecken und Abrieb<br \/>\n&#8211; Schmutzabweisend<br \/>\n&#8211; Einfache Anwendung <\/p>\n<p><b>Farben:<\/b> fertige Farben, <u>tiefmatt<\/u><br \/>\n<b>Anwendungsmethode:<\/b> Rolle oder B\u00fcrste<br \/>\n<b>Leistung:<\/b> Bis zu 16 m2\/l bei einmaligem Anstrich<\/p>\n<p><span style=\"font-weight: bold;\">ALLE FARBEN AUS DER FARBPALETTE ERH\u00c4LTLICH<\/span><\/p>\n<p style=\"font-size: 20px; color: #666666; line-height: 30px; text-align: justify;\">Dulux EasyCare Plus ist eine innovative Latexfarbe mit Titaneigenschaften, die eine au\u00dfergew\u00f6hnliche mechanische Festigkeit gew\u00e4hrleisten. Es erzeugt eine extrem haltbare Beschichtung, die gegen die Bildung von schwarzen Flecken und Abrieb, die durch St\u00f6\u00dfe oder Kratzer an der Wand entstehen, best\u00e4ndig ist. Die Scuff Resist-Technologie erzeugt Beschichtungen mit einer mikrokugelf\u00f6rmigen Struktur, die die Reibung verringern, die beim Aufprall und Gleiten mit Gegenst\u00e4nden aus Gummi, Kunststoff oder Holz entsteht.<\/p>\n","protected":false},"excerpt":{"rendered":"<p>Titanlatexfarbe f\u00fcr W\u00e4nde und Decken<\/p>\n","protected":false},"featured_media":20240,"comment_status":"closed","ping_status":"closed","template":"","meta":{"_acf_changed":false,"inline_featured_image":false},"product_cat":[888],"product_tag":[1436,1433,1434],"class_list":{"0":"post-20241","1":"product","2":"type-product","3":"status-publish","4":"has-post-thumbnail","6":"product_cat-bunte-farben","7":"product_tag-dulux-de","8":"product_tag-farben","9":"product_tag-innenfarbe","11":"first","12":"onbackorder","13":"shipping-taxable","14":"product-type-simple"},"acf":[],"_links":{"self":[{"href":"https:\/\/e-adams.pl\/de\/wp-json\/wp\/v2\/product\/20241","targetHints":{"allow":["GET"]}}],"collection":[{"href":"https:\/\/e-adams.pl\/de\/wp-json\/wp\/v2\/product"}],"about":[{"href":"https:\/\/e-adams.pl\/de\/wp-json\/wp\/v2\/types\/product"}],"replies":[{"embeddable":true,"href":"https:\/\/e-adams.pl\/de\/wp-json\/wp\/v2\/comments?post=20241"}],"wp:featuredmedia":[{"embeddable":true,"href":"https:\/\/e-adams.pl\/de\/wp-json\/wp\/v2\/media\/20240"}],"wp:attachment":[{"href":"https:\/\/e-adams.pl\/de\/wp-json\/wp\/v2\/media?parent=20241"}],"wp:term":[{"taxonomy":"product_cat","embeddable":true,"href":"https:\/\/e-adams.pl\/de\/wp-json\/wp\/v2\/product_cat?post=20241"},{"taxonomy":"product_tag","embeddable":true,"href":"https:\/\/e-adams.pl\/de\/wp-json\/wp\/v2\/product_tag?post=20241"}],"curies":[{"name":"wp","href":"https:\/\/api.w.org\/{rel}","templated":true}]}}