{"id":20247,"date":"2023-01-04T14:30:18","date_gmt":"2023-01-04T13:30:18","guid":{"rendered":"https:\/\/e-adams.pl\/produkt\/latexemulsion-dulux-kolory-swiata-25-l\/"},"modified":"2023-01-04T14:32:06","modified_gmt":"2023-01-04T13:32:06","slug":"latexemulsion-dulux-kolory-swiata-25-l","status":"publish","type":"product","link":"https:\/\/e-adams.pl\/de\/produkt\/latexemulsion-dulux-kolory-swiata-25-l\/","title":{"rendered":"Latexemulsion DULUX KOLORY \u015aWIATA &#8211; 2,5 L"},"content":{"rendered":"<h2>Dulux KOLORY \u015aWIATA &#8211; 2,5L<\/h2>\n<p>&#8211; Hohe Abriebfestigkeit<br \/>\n&#8211; Leicht zu entfernender Schmutz<br \/>\n&#8211; 100 % Farbzufriedenheit<br \/>\n&#8211; Doskona\u0142e Krycie<br \/>\n-Niski poziom chlapania<br \/>\n&#8211; Gute Wasserdampfdurchl\u00e4ssigkeit gew\u00e4hrleistet Wandatmung<\/p>\n<p><b>Farben:<\/b> fertige Farben, <u>tiefmatt<\/u><br \/>\n<b>Anwendungsmethode:<\/b> rollen, streichen oder spr\u00fchen<br \/>\n<b>Leistung:<\/b> Bis zu 16 m2\/l bei einmaligem Anstrich<\/p>\n<p><span style=\"font-weight: bold;\">ALLE FARBEN AUS DER FARBPALETTE ERH\u00c4LTLICH<\/span><\/p>\n<p style=\"font-size: 20px; color: #666666; line-height: 30px; text-align: justify;\">Dulux KOLORY \u015aWIATA (Farben der Welt) ist eine innovative Latexfarbe f\u00fcr W\u00e4nde und Decken mit einem tiefen matten Finish. Es erzeugt Beschichtungen mit sehr hoher Scheuerfestigkeit, die den h\u00f6chsten Anforderungen des Typs I gem\u00e4\u00df der polnischen Norm PN-C 81914:2002 entsprechen. Nach 200 Zyklen Nassscheuern hat es einen Schichtdickenverlust von nicht mehr als 20 \u03bcm. Die Farbe bietet eine hervorragende Deckkraft (auch f\u00fcr dunkle Wandfarben), was in Kombination mit der spritzerfreien Formel, der kurzen Trocknungszeit und dem neutralen Geruch beim Streichen die Anwendung sehr einfach macht. Die mikropor\u00f6se Struktur der Beschichtung l\u00e4sst die W\u00e4nde atmen (richtige Mikrobel\u00fcftung des Untergrunds).<\/p>\n","protected":false},"excerpt":{"rendered":"<p>Latexemulsion f\u00fcr W\u00e4nde und Decken<\/p>\n","protected":false},"featured_media":20245,"comment_status":"closed","ping_status":"closed","template":"","meta":{"_acf_changed":false,"inline_featured_image":false},"product_cat":[888],"product_tag":[1436,1433,1434],"class_list":{"0":"post-20247","1":"product","2":"type-product","3":"status-publish","4":"has-post-thumbnail","6":"product_cat-bunte-farben","7":"product_tag-dulux-de","8":"product_tag-farben","9":"product_tag-innenfarbe","11":"first","12":"onbackorder","13":"shipping-taxable","14":"product-type-simple"},"acf":[],"_links":{"self":[{"href":"https:\/\/e-adams.pl\/de\/wp-json\/wp\/v2\/product\/20247","targetHints":{"allow":["GET"]}}],"collection":[{"href":"https:\/\/e-adams.pl\/de\/wp-json\/wp\/v2\/product"}],"about":[{"href":"https:\/\/e-adams.pl\/de\/wp-json\/wp\/v2\/types\/product"}],"replies":[{"embeddable":true,"href":"https:\/\/e-adams.pl\/de\/wp-json\/wp\/v2\/comments?post=20247"}],"wp:featuredmedia":[{"embeddable":true,"href":"https:\/\/e-adams.pl\/de\/wp-json\/wp\/v2\/media\/20245"}],"wp:attachment":[{"href":"https:\/\/e-adams.pl\/de\/wp-json\/wp\/v2\/media?parent=20247"}],"wp:term":[{"taxonomy":"product_cat","embeddable":true,"href":"https:\/\/e-adams.pl\/de\/wp-json\/wp\/v2\/product_cat?post=20247"},{"taxonomy":"product_tag","embeddable":true,"href":"https:\/\/e-adams.pl\/de\/wp-json\/wp\/v2\/product_tag?post=20247"}],"curies":[{"name":"wp","href":"https:\/\/api.w.org\/{rel}","templated":true}]}}