{"id":20255,"date":"2023-01-04T15:26:26","date_gmt":"2023-01-04T14:26:26","guid":{"rendered":"https:\/\/e-adams.pl\/produkt\/latex-emulsion-magnat-ceramic-5l\/"},"modified":"2023-01-04T15:27:30","modified_gmt":"2023-01-04T14:27:30","slug":"latex-emulsion-magnat-ceramic-5l","status":"publish","type":"product","link":"https:\/\/e-adams.pl\/de\/produkt\/latex-emulsion-magnat-ceramic-5l\/","title":{"rendered":"Latex-Emulsion MAGNAT CERAMIC &#8211; 5L"},"content":{"rendered":"<h2>Magnat Ceramic &#8211; 5L<\/h2>\n<p>&#8211; unbegrenzte St\u00fcckzahl<br \/>\n&#8211; jede Farbe aus dem Mustermuster ist im Preis inbegriffen<br \/>\n&#8211; Ideal f\u00fcr Innenr\u00e4ume<br \/>\n&#8211; Best\u00e4ndig gegen Scheuern und wiederholtes Waschen<br \/>\n&#8211; Best\u00e4ndig gegen Desinfektionsmittel<\/p>\n<p><b>Farben:<\/b> 66 fertige Farben, <u>Matte<\/u><br \/>\n<b>Leistung:<\/b> bis zu 14m2\/L mit einer Schicht<br \/>\n<b>Anwendungsmethode:<\/b> streichen, rollen oder spr\u00fchen<\/p>\n<p><span style=\"font-weight: bold;\">ALLE FARBEN AUS DER FARBPALETTE ERH\u00c4LTLICH<\/span><\/p>\n<p style=\"font-size: 20px; color: #666666; line-height: 30px; text-align: justify;\">Magnat Keramik Innenfarbe, 3. Generation, hergestellt mit der innovativen CERAMIC SYSTEM-Technologie auf Basis keramischer Komponenten und hochwertigster Harze und Pigmente. Diese einzigartige Formel liefert die Farbe <a href=\"https:\/\/e-adams.pl\/tag\/magnat\/\" target=\"_blank\" rel=\"noopener noreferrer\">MAGNAT<\/a> CERAMIC \u00fcberdurchschnittliche Widerstandsparameter <strong>Schrubben und mehrmaliges Waschen<\/strong> und sorgt daf\u00fcr, dass die Lackbeschichtungen keinen Schmutz und \u201eschwierige\u201c Flecken aufnehmen und desinfektionsmittelbest\u00e4ndig sind. Dies gew\u00e4hrleistet eine au\u00dfergew\u00f6hnliche Beschichtungs- und Farbbest\u00e4ndigkeit.<\/p>\n","protected":false},"excerpt":{"rendered":"<p>Latexemulsion f\u00fcr W\u00e4nde und Decken<\/p>\n","protected":false},"featured_media":20252,"comment_status":"closed","ping_status":"closed","template":"","meta":{"_acf_changed":false,"inline_featured_image":false},"product_cat":[888],"product_tag":[1433,1434,1437],"class_list":{"0":"post-20255","1":"product","2":"type-product","3":"status-publish","4":"has-post-thumbnail","6":"product_cat-bunte-farben","7":"product_tag-farben","8":"product_tag-innenfarbe","9":"product_tag-magnat-de","11":"first","12":"onbackorder","13":"shipping-taxable","14":"product-type-simple"},"acf":[],"_links":{"self":[{"href":"https:\/\/e-adams.pl\/de\/wp-json\/wp\/v2\/product\/20255","targetHints":{"allow":["GET"]}}],"collection":[{"href":"https:\/\/e-adams.pl\/de\/wp-json\/wp\/v2\/product"}],"about":[{"href":"https:\/\/e-adams.pl\/de\/wp-json\/wp\/v2\/types\/product"}],"replies":[{"embeddable":true,"href":"https:\/\/e-adams.pl\/de\/wp-json\/wp\/v2\/comments?post=20255"}],"wp:featuredmedia":[{"embeddable":true,"href":"https:\/\/e-adams.pl\/de\/wp-json\/wp\/v2\/media\/20252"}],"wp:attachment":[{"href":"https:\/\/e-adams.pl\/de\/wp-json\/wp\/v2\/media?parent=20255"}],"wp:term":[{"taxonomy":"product_cat","embeddable":true,"href":"https:\/\/e-adams.pl\/de\/wp-json\/wp\/v2\/product_cat?post=20255"},{"taxonomy":"product_tag","embeddable":true,"href":"https:\/\/e-adams.pl\/de\/wp-json\/wp\/v2\/product_tag?post=20255"}],"curies":[{"name":"wp","href":"https:\/\/api.w.org\/{rel}","templated":true}]}}