{"id":20277,"date":"2023-01-04T16:15:59","date_gmt":"2023-01-04T15:15:59","guid":{"rendered":"https:\/\/e-adams.pl\/produkt\/latexfarbe-beckers-designer-colour-5l\/"},"modified":"2023-01-04T16:17:07","modified_gmt":"2023-01-04T15:17:07","slug":"latexfarbe-beckers-designer-colour-5l","status":"publish","type":"product","link":"https:\/\/e-adams.pl\/de\/produkt\/latexfarbe-beckers-designer-colour-5l\/","title":{"rendered":"Latexfarbe BECKERS DESIGNER COLOUR &#8211; 5L"},"content":{"rendered":"<h2>Beckers Designer Colour &#8211; 5L<\/h2>\n<p>&#8211; Best\u00e4ndigkeit gegen Nassabrieb &#8211; Klasse 1<br \/>\n&#8211; Sehr gute Deckkraft und Farbechtheit<br \/>\n&#8211; Erzeugt eine Beschichtung, die gegen Waschen mit Wasser und Reinigungsmitteln best\u00e4ndig ist<br \/>\n&#8211; Gibt beim Auftragen und Trocknen keinen unangenehmen Geruch ab<br \/>\n&#8211; Die Farbe l\u00e4sst sich leicht verteilen, spritzt beim Auftragen nicht<\/p>\n<p><b>Farben:<\/b> Fertige Farben, <u>Matte<\/u> (5)<br \/>\n<b>Anwendungsmethode:<\/b> rollen, streichen oder spr\u00fchen<br \/>\n<b>Leistung:<\/b> Bis zu 16 m2\/l<\/p>\n<p><span style=\"font-weight: bold;\">ALLE FARBEN AUS DER FARBPALETTE ERH\u00c4LTLICH<\/span><\/p>\n<p style=\"font-size: 20px; color: #666666; line-height: 30px; text-align: justify;\">BECKERS DESIGNER COLOR Farbe ist eine hochwertige, wasserl\u00f6sliche Latexfarbe, die zum Streichen von W\u00e4nden und Decken empfohlen wird. Die mit Farbe bedeckte Oberfl\u00e4che erh\u00e4lt ein sch\u00f6nes mattes Finish. Das Produkt wird von der Polnischen Gesellschaft f\u00fcr Allergologie empfohlen.<\/p>\n","protected":false},"excerpt":{"rendered":"<p>Latexfarbe f\u00fcr W\u00e4nde und Decken<\/p>\n","protected":false},"featured_media":20275,"comment_status":"closed","ping_status":"closed","template":"","meta":{"_acf_changed":false,"inline_featured_image":false},"product_cat":[888],"product_tag":[1432,1433,1434],"class_list":{"0":"post-20277","1":"product","2":"type-product","3":"status-publish","4":"has-post-thumbnail","6":"product_cat-bunte-farben","7":"product_tag-beckers-de","8":"product_tag-farben","9":"product_tag-innenfarbe","11":"first","12":"onbackorder","13":"shipping-taxable","14":"product-type-simple"},"acf":[],"_links":{"self":[{"href":"https:\/\/e-adams.pl\/de\/wp-json\/wp\/v2\/product\/20277","targetHints":{"allow":["GET"]}}],"collection":[{"href":"https:\/\/e-adams.pl\/de\/wp-json\/wp\/v2\/product"}],"about":[{"href":"https:\/\/e-adams.pl\/de\/wp-json\/wp\/v2\/types\/product"}],"replies":[{"embeddable":true,"href":"https:\/\/e-adams.pl\/de\/wp-json\/wp\/v2\/comments?post=20277"}],"wp:featuredmedia":[{"embeddable":true,"href":"https:\/\/e-adams.pl\/de\/wp-json\/wp\/v2\/media\/20275"}],"wp:attachment":[{"href":"https:\/\/e-adams.pl\/de\/wp-json\/wp\/v2\/media?parent=20277"}],"wp:term":[{"taxonomy":"product_cat","embeddable":true,"href":"https:\/\/e-adams.pl\/de\/wp-json\/wp\/v2\/product_cat?post=20277"},{"taxonomy":"product_tag","embeddable":true,"href":"https:\/\/e-adams.pl\/de\/wp-json\/wp\/v2\/product_tag?post=20277"}],"curies":[{"name":"wp","href":"https:\/\/api.w.org\/{rel}","templated":true}]}}