{"id":20281,"date":"2023-01-04T16:24:32","date_gmt":"2023-01-04T15:24:32","guid":{"rendered":"https:\/\/e-adams.pl\/produkt\/latexfarbe-beckers-designer-kitchen-bathroom-25l\/"},"modified":"2023-01-04T16:25:41","modified_gmt":"2023-01-04T15:25:41","slug":"beckers-designer-kitchen-bathroom-2-5l","status":"publish","type":"product","link":"https:\/\/e-adams.pl\/de\/produkt\/beckers-designer-kitchen-bathroom-2-5l\/","title":{"rendered":"Latexfarbe BECKERS DESIGNER KITCHEN &#038; BATHROOM &#8211; 2,5L"},"content":{"rendered":"<h2>Beckers Designer Kitchen &amp; Bathroom &#8211; 2,5L<\/h2>\n<p>&#8211; Best\u00e4ndigkeit gegen Nassscheuern<br \/>\n&#8211; Sehr leichte Entfernung von Schmutz<br \/>\n&#8211; Best\u00e4ndig gegen das Eindringen von Fett<br \/>\n&#8211; Hohe Feuchtigkeitsbest\u00e4ndigkeit<\/p>\n<p><b>Farben:<\/b> fertige Farben, <u>Matte<\/u><br \/>\n<b>Anwendungsmethode:<\/b> rollen, streichen oder spr\u00fchen<br \/>\n<b>Leistung:<\/b> Bis zu 14 m2\/l<\/p>\n<p><span style=\"font-weight: bold;\">ALLE FARBEN AUS DER FARBPALETTE ERH\u00c4LTLICH<\/span><\/p>\n<p style=\"font-size: 20px; color: #666666; line-height: 30px; text-align: justify;\">Farbe BECKERS DESIGNER KITCHEN &amp; BATHROOM ist eine hochwertige, wasserl\u00f6sliche Latexfarbe f\u00fcr R\u00e4ume, die Schmutz und Feuchtigkeit am meisten ausgesetzt sind: K\u00fcchen, Badezimmer, Flure, Hauswirtschaftsr\u00e4ume. Beachtung! Lackierte Oberfl\u00e4chen d\u00fcrfen nicht st\u00e4ndig mit Wasser in Ber\u00fchrung kommen.<\/p>\n","protected":false},"excerpt":{"rendered":"<p>Latexfarbe f\u00fcr W\u00e4nde und Decken<\/p>\n","protected":false},"featured_media":20279,"comment_status":"closed","ping_status":"closed","template":"","meta":{"_acf_changed":false,"inline_featured_image":false},"product_cat":[888],"product_tag":[1432,1433,1434],"class_list":{"0":"post-20281","1":"product","2":"type-product","3":"status-publish","4":"has-post-thumbnail","6":"product_cat-bunte-farben","7":"product_tag-beckers-de","8":"product_tag-farben","9":"product_tag-innenfarbe","11":"first","12":"onbackorder","13":"shipping-taxable","14":"product-type-simple"},"acf":[],"_links":{"self":[{"href":"https:\/\/e-adams.pl\/de\/wp-json\/wp\/v2\/product\/20281","targetHints":{"allow":["GET"]}}],"collection":[{"href":"https:\/\/e-adams.pl\/de\/wp-json\/wp\/v2\/product"}],"about":[{"href":"https:\/\/e-adams.pl\/de\/wp-json\/wp\/v2\/types\/product"}],"replies":[{"embeddable":true,"href":"https:\/\/e-adams.pl\/de\/wp-json\/wp\/v2\/comments?post=20281"}],"wp:featuredmedia":[{"embeddable":true,"href":"https:\/\/e-adams.pl\/de\/wp-json\/wp\/v2\/media\/20279"}],"wp:attachment":[{"href":"https:\/\/e-adams.pl\/de\/wp-json\/wp\/v2\/media?parent=20281"}],"wp:term":[{"taxonomy":"product_cat","embeddable":true,"href":"https:\/\/e-adams.pl\/de\/wp-json\/wp\/v2\/product_cat?post=20281"},{"taxonomy":"product_tag","embeddable":true,"href":"https:\/\/e-adams.pl\/de\/wp-json\/wp\/v2\/product_tag?post=20281"}],"curies":[{"name":"wp","href":"https:\/\/api.w.org\/{rel}","templated":true}]}}