{"id":20284,"date":"2023-01-05T10:52:39","date_gmt":"2023-01-05T09:52:39","guid":{"rendered":"https:\/\/e-adams.pl\/produkt\/latexfarbe-beckers-designer-collection-25l\/"},"modified":"2023-01-05T10:55:33","modified_gmt":"2023-01-05T09:55:33","slug":"latexfarbe-beckers-designer-collection-2-5l","status":"publish","type":"product","link":"https:\/\/e-adams.pl\/de\/produkt\/latexfarbe-beckers-designer-collection-2-5l\/","title":{"rendered":"Latexfarbe BECKERS DESIGNER COLLECTION &#8211; 2,5L"},"content":{"rendered":"<h2>Beckers Designer Collection &#8211; 2,5L<\/h2>\n<p>&#8211; Einzigartige Premium-Farbpalette im skandinavischen Stil<br \/>\n&#8211; Keramikrezeptur mit h\u00f6chster Schmutzresistenz<br \/>\n&#8211; Entspiegelung unabh\u00e4ngig vom Lichteinfallswinkel.<br \/>\n&#8211; Mindestgehalt an fl\u00fcchtigen organischen Verbindungen (unter 1%)<br \/>\n&#8211; Erh\u00f6hte Schmutzresistenz<br \/>\n&#8211; H\u00f6chste Wasch- und Nassscheuerbest\u00e4ndigkeit (Klasse I)<br \/>\n&#8211; Hohe Qualit\u00e4t des Endeffekts<\/p>\n<p><b>Farben:<\/b> fertige Farben, <u>tiefmatt<\/u><br \/>\n<b>Anwendungsmethode:<\/b> Rolle oder B\u00fcrste<br \/>\n<b>Leistung:<\/b> Bis zu 16 m2\/l<\/p>\n<p><span style=\"font-weight: bold;\">ALLE FARBEN AUS DER FARBPALETTE ERH\u00c4LTLICH<\/span><\/p>\n<p style=\"font-size: 20px; color: #666666; line-height: 30px; text-align: justify;\">LatexFarbe BECKERS DESIGNER COLLECTION ist eine hochwertige, wasserl\u00f6sliche Keramikfarbe, die auf Basis hochwertigster Lacktechnologien hergestellt wurde. Es garantiert eine hohe Widerstandsf\u00e4higkeit der lackierten Oberfl\u00e4che und einen modernen Innenausbau. Das Produkt ist sicher f\u00fcr Gesundheit und Umwelt. Es zeichnet sich durch das internationale Zertifikat EU Ecolabel und die Empfehlung der Polnischen Gesellschaft f\u00fcr Allergologie aus. Die verwendete Vergusstechnik bewirkt eine erh\u00f6hte Schmutzresistenz. Erzeugt eine oleophobe Beschichtung, die eine hohe Best\u00e4ndigkeit gegen fettige Flecken verleiht. Keramische Mikrok\u00fcgelchen bieten eine erh\u00f6hte Best\u00e4ndigkeit gegen Abriebspuren.<\/p>\n","protected":false},"excerpt":{"rendered":"<p>Keramische Farbe f\u00fcr W\u00e4nde und Decken<\/p>\n","protected":false},"featured_media":20283,"comment_status":"closed","ping_status":"closed","template":"","meta":{"_acf_changed":false,"inline_featured_image":false},"product_cat":[888],"product_tag":[1432,1433,1434],"class_list":{"0":"post-20284","1":"product","2":"type-product","3":"status-publish","4":"has-post-thumbnail","6":"product_cat-bunte-farben","7":"product_tag-beckers-de","8":"product_tag-farben","9":"product_tag-innenfarbe","11":"first","12":"onbackorder","13":"shipping-taxable","14":"product-type-simple"},"acf":[],"_links":{"self":[{"href":"https:\/\/e-adams.pl\/de\/wp-json\/wp\/v2\/product\/20284","targetHints":{"allow":["GET"]}}],"collection":[{"href":"https:\/\/e-adams.pl\/de\/wp-json\/wp\/v2\/product"}],"about":[{"href":"https:\/\/e-adams.pl\/de\/wp-json\/wp\/v2\/types\/product"}],"replies":[{"embeddable":true,"href":"https:\/\/e-adams.pl\/de\/wp-json\/wp\/v2\/comments?post=20284"}],"wp:featuredmedia":[{"embeddable":true,"href":"https:\/\/e-adams.pl\/de\/wp-json\/wp\/v2\/media\/20283"}],"wp:attachment":[{"href":"https:\/\/e-adams.pl\/de\/wp-json\/wp\/v2\/media?parent=20284"}],"wp:term":[{"taxonomy":"product_cat","embeddable":true,"href":"https:\/\/e-adams.pl\/de\/wp-json\/wp\/v2\/product_cat?post=20284"},{"taxonomy":"product_tag","embeddable":true,"href":"https:\/\/e-adams.pl\/de\/wp-json\/wp\/v2\/product_tag?post=20284"}],"curies":[{"name":"wp","href":"https:\/\/api.w.org\/{rel}","templated":true}]}}