{"id":20286,"date":"2023-01-05T11:01:11","date_gmt":"2023-01-05T10:01:11","guid":{"rendered":"https:\/\/e-adams.pl\/produkt\/wasserfeste-farbe-v33-easy-hydro-bariera-075l\/"},"modified":"2023-01-05T11:02:19","modified_gmt":"2023-01-05T10:02:19","slug":"wasserfeste-farbe-v33-easy-hydro-bariera-075l","status":"publish","type":"product","link":"https:\/\/e-adams.pl\/de\/produkt\/wasserfeste-farbe-v33-easy-hydro-bariera-075l\/","title":{"rendered":"Wasserfeste Farbe V33 EASY HYDRO-BARIERA \u2013 0,75L"},"content":{"rendered":"<h2>V33 Easy Hydro-Bariera &#8211; 0,75L<\/h2>\n<p>&#8211; Perfekt f\u00fcr Feuchtr\u00e4ume<br \/>\n&#8211; Hohe Abrieb- und Waschbest\u00e4ndigkeit.<br \/>\n&#8211; Eine Alternative zu keramischen Wandfliesen.<br \/>\n&#8211; Best\u00e4ndigkeit gegen Pflegeprodukte wie Shampoos, Duschgels und milde Reinigungsmittel.<br \/>\n&#8211; Best\u00e4ndig gegen Wasser (einschlie\u00dflich direktem Duschwasser) und gegen erhebliche Temperaturunterschiede (von 10 \u00b0C bis 40 \u00b0C).<\/p>\n<p><b>Farben:<\/b> fertige Farben, <u>Satin<\/u><br \/>\n<b>Anwendungsmethode:<\/b> Rolle<br \/>\n<b>Leistung:<\/b> Bis zu 12 m2\/l<\/p>\n<p><span style=\"font-weight: bold;\">ALLE FARBEN AUS DER FARBPALETTE ERH\u00c4LTLICH<\/span><\/p>\n<p style=\"font-size: 20px; color: #666666; line-height: 30px; text-align: justify;\">Wasserfeste Innenfarbe EASY HYDRO-BARIERA ist eine hervorragende Alternative zu Keramikfliesen. Es ist eine ideale L\u00f6sung f\u00fcr R\u00e4ume mit erh\u00f6hter Luftfeuchtigkeit \u2013 wie K\u00fcche, Bad oder Garage. Selbst in extrem feuchten R\u00e4umen wie dem Inneren einer Duschkabine kann es eine keramische Verkleidung ersetzen. Um die vollen Eigenschaften und Best\u00e4ndigkeit des Produkts zu erhalten, sollten zwei Schichten aufgetragen werden.<\/p>\n","protected":false},"excerpt":{"rendered":"<p>Wasserfeste Farbe statt Keramikfliesen<\/p>\n","protected":false},"featured_media":19812,"comment_status":"closed","ping_status":"closed","template":"","meta":{"_acf_changed":false,"inline_featured_image":false},"product_cat":[888],"product_tag":[1433,1434,1441],"class_list":{"0":"post-20286","1":"product","2":"type-product","3":"status-publish","4":"has-post-thumbnail","6":"product_cat-bunte-farben","7":"product_tag-farben","8":"product_tag-innenfarbe","9":"product_tag-v33-de","11":"first","12":"onbackorder","13":"shipping-taxable","14":"product-type-simple"},"acf":[],"_links":{"self":[{"href":"https:\/\/e-adams.pl\/de\/wp-json\/wp\/v2\/product\/20286","targetHints":{"allow":["GET"]}}],"collection":[{"href":"https:\/\/e-adams.pl\/de\/wp-json\/wp\/v2\/product"}],"about":[{"href":"https:\/\/e-adams.pl\/de\/wp-json\/wp\/v2\/types\/product"}],"replies":[{"embeddable":true,"href":"https:\/\/e-adams.pl\/de\/wp-json\/wp\/v2\/comments?post=20286"}],"wp:featuredmedia":[{"embeddable":true,"href":"https:\/\/e-adams.pl\/de\/wp-json\/wp\/v2\/media\/19812"}],"wp:attachment":[{"href":"https:\/\/e-adams.pl\/de\/wp-json\/wp\/v2\/media?parent=20286"}],"wp:term":[{"taxonomy":"product_cat","embeddable":true,"href":"https:\/\/e-adams.pl\/de\/wp-json\/wp\/v2\/product_cat?post=20286"},{"taxonomy":"product_tag","embeddable":true,"href":"https:\/\/e-adams.pl\/de\/wp-json\/wp\/v2\/product_tag?post=20286"}],"curies":[{"name":"wp","href":"https:\/\/api.w.org\/{rel}","templated":true}]}}