{"id":20380,"date":"2023-08-10T13:31:20","date_gmt":"2023-08-10T11:31:20","guid":{"rendered":"https:\/\/e-adams.pl\/produkt\/piana-purfoam-2-komp-400ml\/"},"modified":"2024-07-15T11:31:09","modified_gmt":"2024-07-15T09:31:09","slug":"piana-montazowa-szybka-b2-den-braven-pur-foam-sprint-400ml","status":"publish","type":"product","link":"https:\/\/e-adams.pl\/de\/produkt\/piana-montazowa-szybka-b2-den-braven-pur-foam-sprint-400ml\/","title":{"rendered":"Piana monta\u017cowa szybka B2 DEN BRAVEN PUR FOAM SPRINT &#8211; 400ml"},"content":{"rendered":"<h1>Szybka Piana B2 DEN BRAVEN PUR FOAM SPRINT<\/h1>\n<p>Den Braven Pur Foam Sprint to dwusk\u0142adnikowa, chemoutwardzalna, poliuretanowa piana w\u0119\u017cykowa do zastosowa\u0144 konstrukcyjnych, klasy reakcji na ogie\u0144 B2.<\/p>\n<p>Monta\u017c wewn\u0119trznej stolarki drzwiowej (mocowanie punktowe bez konieczno\u015bci mechanicznego kotwienia). \u0141\u0105czenie element\u00f3w budowlanych, gdzie po\u017c\u0105dany jest szybki monta\u017c lub gdzie brak jest wystarczaj\u0105cego dost\u0119pu wilgoci (np. profile zamkni\u0119te i p\u00f3\u0142zamkni\u0119te). Wyg\u0142uszanie i mocowanie brodzik\u00f3w oraz wanien. Osadzanie schod\u00f3w, parapet\u00f3w, prog\u00f3w. \u0141\u0105czenie i uszczelnianie prefabrykat\u00f3w budowlanych. Szkutnictwo \u2013 budowa i naprawa \u0142odzi.<\/p>\n<h3>W\u0142a\u015bciwo\u015bci produktu:<\/h3>\n<ul>\n<li>Gotowa do obr\u00f3bki w ci\u0105gu 15 minut od aplikacji<\/li>\n<li>Chemoutwardzalna (nie wymaga dost\u0119pu wilgoci do zwi\u0105zania)<\/li>\n<li>Odznacza si\u0119 bardzo wysok\u0105 g\u0119sto\u015bci\u0105, twardo\u015bci\u0105, jednorodn\u0105, zwart\u0105 i regularn\u0105 struktur\u0105<\/li>\n<li>Wyr\u00f3\u017cnia si\u0119 bardzo kr\u00f3tkim czasem utwardzania i obr\u00f3bki, nisk\u0105 wodoch\u0142onno\u015bci\u0105 oraz stabilno\u015bci\u0105 wymiarow\u0105 w czasie<\/li>\n<li>Wytrzyma\u0142a mechanicznie (wysoka odporno\u015b\u0107 na \u015bciskanie)<\/li>\n<li>Zapewnia sztywno\u015b\u0107 i stabilno\u015b\u0107 montowanych element\u00f3w<\/li>\n<li>Bardzo dobra izolacja termiczna, akustyczna i przeciwwilgociowa<\/li>\n<li>Po utwardzeniu chemicznie neutralna, odporna na szeroki zakres temperatur i rozw\u00f3j grzyb\u00f3w oraz ple\u015bni<\/li>\n<li>Dobrze przyczepna do betonu, tynku, ceramiki budowlanej, drewna, stali, metali i materia\u0142\u00f3w podobnego typu<\/li>\n<li>Nie zawiera (H)CFC, PCB i formaldehydu<\/li>\n<li>Efektywna w u\u017cyciu<\/li>\n<li>Klasa reakcji na ogie\u0144 B2 wg DIN 4102-1<\/li>\n<li>Krajowa ocena techniczna ITB-KOT-2018\/0604 wydanie 1<\/li>\n<\/ul>\n<p><\/p>\n<h3>Zastosowanie produktu:<\/h3>\n<p><\/p>\n<p>Monta\u017c wewn\u0119trznej stolarki drzwiowej (mocowanie punktowe bez konieczno\u015bci mechanicznego kotwienia). \u0141\u0105czenie element\u00f3w budowlanych, gdzie po\u017c\u0105dany jest szybki monta\u017c lub gdzie brak jest wystarczaj\u0105cego dost\u0119pu wilgoci (np. profile zamkni\u0119te i p\u00f3\u0142zamkni\u0119te). Wyg\u0142uszanie i mocowanie brodzik\u00f3w oraz wanien. Osadzanie schod\u00f3w, parapet\u00f3w, prog\u00f3w. \u0141\u0105czenie i uszczelnianie prefabrykat\u00f3w budowlanych. Szkutnictwo \u2013 budowa i naprawa \u0142odzi.<\/p>\n<h3>Dane techniczne:<\/h3>\n<p>Czas obr\u00f3bki [min] 10<br \/>\nCzas utwardzania [min] 30-40<br \/>\nG\u0119sto\u015b\u0107 [kg\/m3] 30 &#8211; 35<br \/>\nKlasa reakcji an ogie\u0144 B2<br \/>\nOdporno\u015b\u0107 na dotyk [min] 6<br \/>\nMinimalna odporno\u015b\u0107 termiczna [\u00b0C] -40<br \/>\nMaksymalna odporno\u015b\u0107 termiczna [\u00b0C] +90<br \/>\nPrzewodno\u015b\u0107 termiczna [mW\/mK] 30 &#8211; 35<\/p>\n<h3>Spos\u00f3b u\u017cycia:<\/h3>\n<p>Temperatura butli w czasie pracy od +10\u00b0C do +25\u00b0C (optymalnie od +15\u00b0C do +25\u00b0C). Je\u015bli temperatura butli przekracza +25\u00b0C, przed rozpocz\u0119ciem pracy nale\u017cy butl\u0119 sch\u0142odzi\u0107. Nie zrasza\u0107 szczelin wod\u0105 (piana dwukomponentowa,chemoutwardzalna).Denko butli przekr\u0119ci\u0107 o 6 obrot\u00f3w w prawo, zgodnie ze strza\u0142kami. Nast\u0119pnie butl\u0119 energicznie wstrz\u0105sa\u0107 przez ok. 1 minut\u0119, by sk\u0142adniki dobrze si\u0119 wymiesza\u0142y. Nakr\u0119ci\u0107 dysz\u0119 nazaw\u00f3r. Odwr\u00f3ci\u0107 butl\u0119 zaworem do do\u0142u (prawid\u0142owa pozycja pracy). Piana musi mie\u0107 jednolicie niebieski kolor, bez \u017cadnych smug. W przeciwnym razie ponownie wymiesza\u0107. Butl\u0119 koniecznie opr\u00f3\u017cni\u0107 w ci\u0105gu maks. 6 minut od aktywacji. Ramydrzwiowe mocowa\u0107 wy\u0142\u0105cznie punktowo, zabezpieczaj\u0105c je przed ewentualn\u0105 deformacj\u0105 za pomoc\u0105 rozp\u00f3rek. Pian\u0119 nak\u0142ada\u0107 niewielkimi plackami, o \u015brednicy maks. 10 cm, w odst\u0119pach 40-50 cm (po 4 placki na ka\u017cd\u0105 stron\u0119 drzwi). Maksymalna szeroko\u015b\u0107 szczeliny mi\u0119dzy murem a o\u015bcie\u017cnic\u0105 20 mm. Dla poprawy stabilno\u015bci monta\u017cu zaleca si\u0119 pozostawi\u0107 kliny w szczelinie. Po utwardzeniu odci\u0105\u0107 nadmiar piany. Po ca\u0142kowitym wyschni\u0119ciu powierzchni\u0119 piany zabezpieczy\u0107 przed UV za pomoc\u0105 maskownic, kit\u00f3w uszczelniaj\u0105cych, tynku, g\u0142adzi, zapraw itp.<\/p>\n","protected":false},"excerpt":{"rendered":"<p>Szybka piana monta\u017cowa klasy B2<\/p>\n","protected":false},"featured_media":20384,"comment_status":"open","ping_status":"closed","template":"","meta":{"_acf_changed":false,"inline_featured_image":false},"product_cat":[286],"product_tag":[955,1481,1482],"class_list":{"0":"post-20380","1":"product","2":"type-product","3":"status-publish","4":"has-post-thumbnail","6":"product_cat-piany-i-pianokleje","7":"product_tag-den-braven","8":"product_tag-piana-montazowa","9":"product_tag-pur-foam-sprint","11":"first","12":"instock","13":"shipping-taxable","14":"purchasable","15":"product-type-simple"},"acf":[],"_links":{"self":[{"href":"https:\/\/e-adams.pl\/de\/wp-json\/wp\/v2\/product\/20380","targetHints":{"allow":["GET"]}}],"collection":[{"href":"https:\/\/e-adams.pl\/de\/wp-json\/wp\/v2\/product"}],"about":[{"href":"https:\/\/e-adams.pl\/de\/wp-json\/wp\/v2\/types\/product"}],"replies":[{"embeddable":true,"href":"https:\/\/e-adams.pl\/de\/wp-json\/wp\/v2\/comments?post=20380"}],"wp:featuredmedia":[{"embeddable":true,"href":"https:\/\/e-adams.pl\/de\/wp-json\/wp\/v2\/media\/20384"}],"wp:attachment":[{"href":"https:\/\/e-adams.pl\/de\/wp-json\/wp\/v2\/media?parent=20380"}],"wp:term":[{"taxonomy":"product_cat","embeddable":true,"href":"https:\/\/e-adams.pl\/de\/wp-json\/wp\/v2\/product_cat?post=20380"},{"taxonomy":"product_tag","embeddable":true,"href":"https:\/\/e-adams.pl\/de\/wp-json\/wp\/v2\/product_tag?post=20380"}],"curies":[{"name":"wp","href":"https:\/\/api.w.org\/{rel}","templated":true}]}}