{"id":20387,"date":"2023-08-16T12:14:51","date_gmt":"2023-08-16T10:14:51","guid":{"rendered":"https:\/\/e-adams.pl\/produkt\/db-0095\/"},"modified":"2024-07-15T11:31:11","modified_gmt":"2024-07-15T09:31:11","slug":"czyscik-do-pistoletow-jafra-500ml","status":"publish","type":"product","link":"https:\/\/e-adams.pl\/de\/produkt\/czyscik-do-pistoletow-jafra-500ml\/","title":{"rendered":"Czy\u015bcik do pistolet\u00f3w JAFRA &#8211; 500ml"},"content":{"rendered":"<div>\n<h1>Preparat czyszcz\u0105cy do pistolet\u00f3w JAFRA:<\/h1>\n<ul>\n<li>Preparat do czyszczenia \u015bwie\u017cych zabrudze\u0144 poliuretanem z powierzchni oraz z pistolet\u00f3w do aplikacji piany monta\u017cowej.<\/li>\n<li>Usuwa nieutwardzone piany i kleje poliuretanowe.<\/li>\n<li>Czy\u015bcik jest niezb\u0119dny do czyszczenia zawor\u00f3w w pojemnikach i pistoletach dozuj\u0105cych jednokomponentow\u0105 pian\u0119 monta\u017cowo \u2013 uszczelniaj\u0105c\u0105.<\/li>\n<li>Czy\u015bcik odt\u0142uszcza powierzchnie stalowe przed zastosowaniem poliuretan\u00f3w i silikon\u00f3w.<\/li>\n<\/ul>\n<h2>Przeznaczenie:<\/h2>\n<ul>\n<li>Odt\u0142uszcza nawierzchnie.<\/li>\n<li>Czy\u015bci i konserwuje zawory.<\/li>\n<li>Usuwa nieutwardzon\u0105 pian\u0119 poliuretanow\u0105.<\/li>\n<\/ul>\n<\/div>\n","protected":false},"excerpt":{"rendered":"<p>Preparat czyszcz\u0105cy do pistolet\u00f3w JAFRA<\/p>\n","protected":false},"featured_media":20441,"comment_status":"open","ping_status":"closed","template":"","meta":{"_acf_changed":false,"inline_featured_image":false},"product_cat":[324],"product_tag":[1503,1012],"class_list":{"0":"post-20387","1":"product","2":"type-product","3":"status-publish","4":"has-post-thumbnail","6":"product_cat-srodki-czyszczace","7":"product_tag-czyscik-do-pistoletu","8":"product_tag-jafra","10":"first","11":"instock","12":"shipping-taxable","13":"purchasable","14":"product-type-simple"},"acf":[],"_links":{"self":[{"href":"https:\/\/e-adams.pl\/de\/wp-json\/wp\/v2\/product\/20387","targetHints":{"allow":["GET"]}}],"collection":[{"href":"https:\/\/e-adams.pl\/de\/wp-json\/wp\/v2\/product"}],"about":[{"href":"https:\/\/e-adams.pl\/de\/wp-json\/wp\/v2\/types\/product"}],"replies":[{"embeddable":true,"href":"https:\/\/e-adams.pl\/de\/wp-json\/wp\/v2\/comments?post=20387"}],"wp:featuredmedia":[{"embeddable":true,"href":"https:\/\/e-adams.pl\/de\/wp-json\/wp\/v2\/media\/20441"}],"wp:attachment":[{"href":"https:\/\/e-adams.pl\/de\/wp-json\/wp\/v2\/media?parent=20387"}],"wp:term":[{"taxonomy":"product_cat","embeddable":true,"href":"https:\/\/e-adams.pl\/de\/wp-json\/wp\/v2\/product_cat?post=20387"},{"taxonomy":"product_tag","embeddable":true,"href":"https:\/\/e-adams.pl\/de\/wp-json\/wp\/v2\/product_tag?post=20387"}],"curies":[{"name":"wp","href":"https:\/\/api.w.org\/{rel}","templated":true}]}}