{"id":20388,"date":"2023-08-16T12:14:52","date_gmt":"2023-08-16T10:14:52","guid":{"rendered":"https:\/\/e-adams.pl\/produkt\/folia-membrana-100-15m-x-50m-topdach\/"},"modified":"2023-08-23T13:24:21","modified_gmt":"2023-08-23T11:24:21","slug":"membrana-dachowa-topdach-100-15m-x-50m","status":"publish","type":"product","link":"https:\/\/e-adams.pl\/de\/produkt\/membrana-dachowa-topdach-100-15m-x-50m\/","title":{"rendered":"Membrana dachowa TOPDACH 100 &#8211; 1,5m x 50m"},"content":{"rendered":"<h2>Informacje o produkcie:<\/h2>\n<p style=\"text-align:justify;\">Tr\u00f3jwarstwowa paroprzepuszczalna membrana dachowa.Zbudowana z dw\u00f3ch warstw w\u0142\u00f3kniny polipropylenowej i filmu funkcyjnego, kt\u00f3ry zapewnia wysok\u0105 przepuszczalno\u015b\u0107 pary wodnej oraz wodoszczelno\u015b\u0107 produktu. Znajduje zastosowanie jako wst\u0119pne krycie do dach\u00f3w sko\u015bnych, ocieplonych, wentylowanych, niedeskowanych.<\/p>\n","protected":false},"excerpt":{"rendered":"<p>Membrana dachowa TOPDACH 100 &#8211; 1,5m x 50m<\/p>\n","protected":false},"featured_media":20406,"comment_status":"open","ping_status":"closed","template":"","meta":{"_acf_changed":false,"inline_featured_image":false},"product_cat":[1471],"product_tag":[1494,1013,1493],"class_list":{"0":"post-20388","1":"product","2":"type-product","3":"status-publish","4":"has-post-thumbnail","6":"product_cat-membrany-i-folie-budowlane","7":"product_tag-folia-dachowa","8":"product_tag-membrana-dachowa","9":"product_tag-topdach","11":"first","12":"instock","13":"shipping-taxable","14":"purchasable","15":"product-type-simple"},"acf":[],"_links":{"self":[{"href":"https:\/\/e-adams.pl\/de\/wp-json\/wp\/v2\/product\/20388","targetHints":{"allow":["GET"]}}],"collection":[{"href":"https:\/\/e-adams.pl\/de\/wp-json\/wp\/v2\/product"}],"about":[{"href":"https:\/\/e-adams.pl\/de\/wp-json\/wp\/v2\/types\/product"}],"replies":[{"embeddable":true,"href":"https:\/\/e-adams.pl\/de\/wp-json\/wp\/v2\/comments?post=20388"}],"wp:featuredmedia":[{"embeddable":true,"href":"https:\/\/e-adams.pl\/de\/wp-json\/wp\/v2\/media\/20406"}],"wp:attachment":[{"href":"https:\/\/e-adams.pl\/de\/wp-json\/wp\/v2\/media?parent=20388"}],"wp:term":[{"taxonomy":"product_cat","embeddable":true,"href":"https:\/\/e-adams.pl\/de\/wp-json\/wp\/v2\/product_cat?post=20388"},{"taxonomy":"product_tag","embeddable":true,"href":"https:\/\/e-adams.pl\/de\/wp-json\/wp\/v2\/product_tag?post=20388"}],"curies":[{"name":"wp","href":"https:\/\/api.w.org\/{rel}","templated":true}]}}