{"id":20389,"date":"2023-08-16T12:14:52","date_gmt":"2023-08-16T10:14:52","guid":{"rendered":"https:\/\/e-adams.pl\/produkt\/jafra\/"},"modified":"2024-07-15T11:31:15","modified_gmt":"2024-07-15T09:31:15","slug":"piana-wezykowa-jafra-500ml","status":"publish","type":"product","link":"https:\/\/e-adams.pl\/de\/produkt\/piana-wezykowa-jafra-500ml\/","title":{"rendered":"Piana w\u0119\u017cykowa JAFRA &#8211; 500ml"},"content":{"rendered":"<h1>Piana w\u0119\u017cykowa JAFRA<\/h1>\n<p>Den Braven Pur Foam Sprint to dwusk\u0142adnikowa, chemoutwardzalna, poliuretanowa piana w\u0119\u017cykowa do zastosowa\u0144 konstrukcyjnych, klasy reakcji na ogie\u0144 B2.<\/p>\n<p>Jednokomponentowa poliuretanowa piana monta\u017cowa z aplikatorem w\u0119\u017cykowym do profesjonalnego monta\u017cu, uszczelniania i wyg\u0142uszania. Piana poliuretanowa do osadzania drzwi i okien. Piana do izolacji cieplnej sieci wodnych, kanalizacyjnych i c.o. Do izolacji przepust\u00f3w kablowych. Do uszczelniania i monta\u017cu parapet\u00f3w. Do izolacji cieplnej dach\u00f3w i stropodach\u00f3w. Wype\u0142nia szczeliny w izolacji termicznej przy ocieplaniu budynk\u00f3w.<\/p>\n<h2>Przeznaczenie:<\/h2>\n<ul>\n<li>Superizolacyjna<\/li>\n<li>Czy\u015bci i konserwuje zawory.<\/li>\n<li>Usuwa nieutwardzon\u0105 pian\u0119 poliuretanow\u0105.<\/li>\n<\/ul>\n","protected":false},"excerpt":{"rendered":"<p>Piana w\u0119\u017cykowa to poliuretanowy preparat w formie piany.<\/p>\n","protected":false},"featured_media":20513,"comment_status":"open","ping_status":"closed","template":"","meta":{"_acf_changed":false,"inline_featured_image":false},"product_cat":[286],"product_tag":[1012,1519],"class_list":{"0":"post-20389","1":"product","2":"type-product","3":"status-publish","4":"has-post-thumbnail","6":"product_cat-piany-i-pianokleje","7":"product_tag-jafra","8":"product_tag-piana-wezykowa","10":"first","11":"instock","12":"shipping-taxable","13":"purchasable","14":"product-type-simple"},"acf":[],"_links":{"self":[{"href":"https:\/\/e-adams.pl\/de\/wp-json\/wp\/v2\/product\/20389","targetHints":{"allow":["GET"]}}],"collection":[{"href":"https:\/\/e-adams.pl\/de\/wp-json\/wp\/v2\/product"}],"about":[{"href":"https:\/\/e-adams.pl\/de\/wp-json\/wp\/v2\/types\/product"}],"replies":[{"embeddable":true,"href":"https:\/\/e-adams.pl\/de\/wp-json\/wp\/v2\/comments?post=20389"}],"wp:featuredmedia":[{"embeddable":true,"href":"https:\/\/e-adams.pl\/de\/wp-json\/wp\/v2\/media\/20513"}],"wp:attachment":[{"href":"https:\/\/e-adams.pl\/de\/wp-json\/wp\/v2\/media?parent=20389"}],"wp:term":[{"taxonomy":"product_cat","embeddable":true,"href":"https:\/\/e-adams.pl\/de\/wp-json\/wp\/v2\/product_cat?post=20389"},{"taxonomy":"product_tag","embeddable":true,"href":"https:\/\/e-adams.pl\/de\/wp-json\/wp\/v2\/product_tag?post=20389"}],"curies":[{"name":"wp","href":"https:\/\/api.w.org\/{rel}","templated":true}]}}