{"id":20390,"date":"2023-08-16T12:14:53","date_gmt":"2023-08-16T10:14:53","guid":{"rendered":"https:\/\/e-adams.pl\/produkt\/tytan-euro-line-gun-piana-pistoletowa-750ml\/"},"modified":"2024-07-15T11:31:20","modified_gmt":"2024-07-15T09:31:20","slug":"tytan-euro-line-gun-piana-pistoletowa-750ml","status":"publish","type":"product","link":"https:\/\/e-adams.pl\/de\/produkt\/tytan-euro-line-gun-piana-pistoletowa-750ml\/","title":{"rendered":"Piana pistoletowa TYTAN GUN EURO-LINE &#8211; 750ml"},"content":{"rendered":"<h1>Piana TYTAN GUN EURO-LINE<\/h1>\n<p>Piana Tytan Euro \u2013 Line GUN pistoletowa utwardza si\u0119 pod wp\u0142ywem wilgoci, rekomendowana do szerokiej gamy zastosowa\u0144 w budownictwie: montowanie, uszczelnianie, wype\u0142nianie, izolowanie. Dzi\u0119ki nowoczesnej recepturze mo\u017cemy uzyska\u0107 do 40% wi\u0119cej piany. Po utwardzeniu pian\u0119 mo\u017cna ci\u0105\u0107, piaskowa\u0107, gipsowa\u0107 lub malowa\u0107. Jest odporna na ple\u015bnie i grzyby oraz na dzia\u0142anie wysokich i niskich temperatur<br \/>\n(od -40\u00b0C do +90\u00b0C). Wysokiej jako\u015bci piana monta\u017cowa Tytan Euro \u2013 Line GUN pistoletowa jest produkowana zgodnie z norm\u0105 ISO 9001.<\/p>\n<h3>W\u0142a\u015bciwo\u015bci produktu:<\/h3>\n<ul>\n<li>Uszczelnienia przy monta\u017cu okien i drzwi, parapet\u00f3w, rolet, stopni schod\u00f3w<\/li>\n<li>Uszczelnianie z\u0142\u0105czy dachowych, \u015bcianowych i stropowych<\/li>\n<li>Wype\u0142nianie wolnych przestrzeni, p\u0119kni\u0119\u0107, szczelin, przepust\u00f3w rurowych <\/li>\n<li>Wype\u0142nianie i wyg\u0142uszanie \u015bcian dzia\u0142owych  <\/li>\n<li>Izolacja termiczna i akustyczna <\/li>\n<li>Wype\u0142nienie element\u00f3w w konstrukcjach szkieletowych <\/li>\n<li>Wyg\u0142uszanie i uszczelnianie kabin samochodowych i \u0142odzi  <\/li>\n<\/ul>\n<h3>Zastosowanie produktu:<\/h3>\n<ul>\n<li>Uszczelnienia przy monta\u017cu okien i drzwi, parapet\u00f3w, rolet, stopni schod\u00f3w<\/li>\n<li>Uszczelnianie z\u0142\u0105czy dachowych, \u015bcianowych i stropowych <\/li>\n<li>Wype\u0142nianie wolnych przestrzeni, p\u0119kni\u0119\u0107, szczelin, przepust\u00f3w rurowych <\/li>\n<li>Wype\u0142nianie i wyg\u0142uszanie \u015bcian dzia\u0142owych <\/li>\n<li>Izolacja termiczna i akustyczna<\/li>\n<li>Wype\u0142nienie element\u00f3w w konstrukcjach szkieletowych <\/li>\n<li>Wyg\u0142uszanie i uszczelnianie kabin samochodowych i \u0142odzi <\/li>\n<\/ul>\n<h3>Dane techniczne:<\/h3>\n<p>Kolor: \u017c\u00f3\u0142ty<br \/>\nTemperatura otoczenia: +5\u00b0C do +30\u00b0C<br \/>\nTemperatura puszki: +15\u00b0C do +30\u00b0C<br \/>\nPost ekspansja: 50-70%<br \/>\nCzas tworzenia nask\u00f3rka: \u2264 15 min*<br \/>\nCzas wst\u0119pnej obr\u00f3bki: \u2264 40 min*<br \/>\nPe\u0142ne utwardzenie: po 24h*<br \/>\nOdporno\u015b\u0107 termiczna po utwardzeniu: od -40\u00b0C do +90\u00b0C<br \/>\nWydajno\u015b\u0107: 36-43 l<br \/>\nWsp\u00f3\u0142czynnik przewodzenia ciep\u0142a (\u03bb): \u2264 0,036 W\/mk<br \/>\nNasi\u0105kliwo\u015b\u0107 wod\u0105 po 24h przy cz\u0119\u015bciowym zanurzeniu bez nask\u00f3rka: \u2264 1 (kg\/m\u00b2)<br \/>\nKlasa reakcji na ogie\u0144: F\/B3 (EN 13501 \/ DIN 4102) <\/p>\n<h3>Spos\u00f3b u\u017cycia:<\/h3>\n<p>\u2022 za\u0142o\u017cy\u0107 r\u0119kawiczki ochronne<br \/>\n\u2022 pozycj\u0105 robocz\u0105 puszki jest pozycja \u201ezaworem w d\u00f3\u0142\u201d<br \/>\n\u2022 pionowe szczeliny wype\u0142nia\u0107 pian\u0105 od do\u0142u do g\u00f3ry<br \/>\n\u2022 nie wype\u0142nia\u0107 ca\u0142ej szczeliny, po aplikacji piana zwi\u0119ksza swoj\u0105 obj\u0119to\u015b\u0107<br \/>\n\u2022 w przypadku uszczelniania stolarki otworowej zachowa\u0107 odst\u0119p minimum 10 mm i maksimum 30 mm mi\u0119dzy o\u015bcie\u017cem a o\u015bcie\u017cnic\u0105; szczeliny > 30 mm s\u0105 niezalecane; szczelin szersze ni\u017c 30 mm wype\u0142nia\u0107 od do\u0142u do g\u00f3ry od jednej \u015bcianki do drugiej naprzemiennie.<br \/>\n\u2022 po zako\u0144czeniu aplikacji pian\u0119 ponownie zwil\u017cy\u0107 mgie\u0142k\u0105 wodn\u0105<br \/>\n\u2022 po utwardzeniu nadmiar piany usun\u0105\u0107 mechanicznie (np. no\u017cem)<\/p>\n","protected":false},"excerpt":{"rendered":"<p>Piana Pistoletowa Tytan Gun Euro-Line<\/p>\n","protected":false},"featured_media":20395,"comment_status":"open","ping_status":"closed","template":"","meta":{"_acf_changed":false,"inline_featured_image":false},"product_cat":[286],"product_tag":[1485,1483,1484],"class_list":{"0":"post-20390","1":"product","2":"type-product","3":"status-publish","4":"has-post-thumbnail","6":"product_cat-piany-i-pianokleje","7":"product_tag-piana-pistoletowa","8":"product_tag-tytan","9":"product_tag-tytan-gun-euro-line","11":"first","12":"instock","13":"shipping-taxable","14":"purchasable","15":"product-type-simple"},"acf":[],"_links":{"self":[{"href":"https:\/\/e-adams.pl\/de\/wp-json\/wp\/v2\/product\/20390","targetHints":{"allow":["GET"]}}],"collection":[{"href":"https:\/\/e-adams.pl\/de\/wp-json\/wp\/v2\/product"}],"about":[{"href":"https:\/\/e-adams.pl\/de\/wp-json\/wp\/v2\/types\/product"}],"replies":[{"embeddable":true,"href":"https:\/\/e-adams.pl\/de\/wp-json\/wp\/v2\/comments?post=20390"}],"wp:featuredmedia":[{"embeddable":true,"href":"https:\/\/e-adams.pl\/de\/wp-json\/wp\/v2\/media\/20395"}],"wp:attachment":[{"href":"https:\/\/e-adams.pl\/de\/wp-json\/wp\/v2\/media?parent=20390"}],"wp:term":[{"taxonomy":"product_cat","embeddable":true,"href":"https:\/\/e-adams.pl\/de\/wp-json\/wp\/v2\/product_cat?post=20390"},{"taxonomy":"product_tag","embeddable":true,"href":"https:\/\/e-adams.pl\/de\/wp-json\/wp\/v2\/product_tag?post=20390"}],"curies":[{"name":"wp","href":"https:\/\/api.w.org\/{rel}","templated":true}]}}