{"id":20392,"date":"2023-08-16T12:14:54","date_gmt":"2023-08-16T10:14:54","guid":{"rendered":"https:\/\/e-adams.pl\/produkt\/tytan-professional-60-sekund-szybki-pianoklej-uniwersalny-750ml-w-wersji-pistolet\/"},"modified":"2024-07-15T11:31:20","modified_gmt":"2024-07-15T09:31:20","slug":"szybki-pianoklej-uniwersalny-tytan-60-sekund-750ml","status":"publish","type":"product","link":"https:\/\/e-adams.pl\/de\/produkt\/szybki-pianoklej-uniwersalny-tytan-60-sekund-750ml\/","title":{"rendered":"Szybki pianoklej uniwersalny TYTAN 60 SEKUND &#8211; 750ml"},"content":{"rendered":"<h2>Pianoklej TYTAN 60 SEKUND<\/h2>\n<p>Profesjonalny jednokomponentowy klej poliuretanowy uniwersalnego zastosowania. Chwyt pocz\u0105tkowy ju\u017c po 60 sekundach, a pe\u0142ne utwardzenie uzyskuje ju\u017c po 24h.<\/p>\n<p>Profesjonalny, jednokomponentowy klej poliuretanowy uniwersalnego stosowania do klejenia p\u0142yt drewnopochodnych (OSB, MDF, HDF) do \u015bcian i pod\u0142\u00f3g, murowania \u015bcianek dzia\u0142owych i obud\u00f3w z element\u00f3w ceramicznych, silikatowych, gazobetonowych, klejenia styropianu EPS, XPS, we\u0142ny mineralnej, element\u00f3w z keramzytu oraz kaseton\u00f3w, listew przypod\u0142ogowych, parapet\u00f3w, schod\u00f3w.<\/p>\n<p>Zastosowanie kleju znacznie przyspiesza wykonanie prac: chwyt pocz\u0105tkowy ju\u017c po 60 sekundach, a pe\u0142ne utwardzenie uzyskuje ju\u017c po 24h. Szybki pianoklej uniwersalny 60 Sekund wykazuje doskona\u0142\u0105 przyczepno\u015b\u0107 do typowych materia\u0142\u00f3w konstrukcyjnych, takich jak: mury z betonu zwyk\u0142ego i kom\u00f3rkowego, ceg\u0142y, pustaki, bloczki ceramiczne i silikatowe, p\u0142yty drewnopochodne, p\u0142yty G-K, tynki, drewno, metale, styropian, we\u0142na mineralna (min. TR80), twarde PVC.<\/p>\n<h3>W\u0142a\u015bciwo\u015bci produktu:<\/h3>\n<ul>\n<li>Klejenie element\u00f3w z p\u0142yt drewnopochodnych (OSB, MDF, HDF) oraz p\u0142yt gipsowo \u2013 kartonowych<\/li>\n<li>Murowanie \u015bcianek dzia\u0142owych i obud\u00f3w z bloczk\u00f3w gazobetonowych, silikatowych, pustak\u00f3w ceramicznych<\/li>\n<li>Monta\u017c parapet\u00f3w okiennych i schod\u00f3w<\/li>\n<li>Klejenie element\u00f3w dekoracyjnych, kaseton\u00f3w, listew pod\u0142ogowych<\/li>\n<li>Klejenie p\u0142yt styropianowych EPS, XPS oraz we\u0142ny mineralnej<\/li>\n<\/ul>\n<h3>Zalety produktu:<\/h3>\n<ul>\n<li>szybki chwyt pocz\u0105tkowy (ju\u017c po 60 sekundach)<\/li>\n<li>doskona\u0142a przyczepno\u015b\u0107 do wi\u0119kszo\u015bci materia\u0142\u00f3w budowlanych<\/li>\n<li>\u0142atwy i wygodny w nak\u0142adaniu<\/li>\n<li>niski przyrost zapewniaj\u0105cy stabilno\u015b\u0107 klejonych element\u00f3w<\/li>\n<li>kotwienie mechaniczne po 2 godzinach<\/li>\n<li>zastosowanie w szerokim zakresie temperatur (od 0oC do +30oC stopni)<\/li>\n<li>\u201cOzon-friendly\u201d oznacza to, \u017ce produkt nie zawiera freon\u00f3w &#8211; gaz\u00f3w typu<\/li>\n<li>Chloro-Fluoro-Carbon (CFC i HCFC), kt\u00f3re przyczyniaj\u0105 si\u0119 do niszczenia pow\u0142oki ozonowe<\/li>\n<\/ul>\n<h3>Dane techniczne:<\/h3>\n<p>Kolor:\u017c\u00f3\u0142ty<br \/>\nTemperatura aplikacji: od 0\u00b0C do +30\u00b0C<br \/>\nTemperatura puszki: od +5\u00b0C do +30\u00b0C<br \/>\nCzas otwarty (max.): &lt; 2 min.<br \/>\nCzas korekty: &lt; 3 min.<br \/>\nKotwienie mechaniczne: \u2265 2 h<br \/>\nPe\u0142ne utwardzenie: 24 h<br \/>\nWydajno\u015b\u0107: ok. 40 mb<br \/>\nKlasa reakcji na ogie\u0144: F \/ B3 [EN 13501 \/ DIN 4102]<br \/>\nChwyt pocz\u0105tkowy:lekkie elementy po 60 sekundach, ci\u0119\u017ckie elementy po 120 sekundach<\/p>\n<h3>Spos\u00f3b u\u017cycia:<\/h3>\n<p>\u2022 za\u0142o\u017cy\u0107 r\u0119kawiczki ochronne<br \/>\n\u2022 pianoklej 60 Sekund nale\u017cy aplikowa\u0107 trzymaj\u0105c puszk\u0119 \u201edo g\u00f3ry dnem\u201d<br \/>\n\u2022 na\u0142o\u017cy\u0107 klej na powierzchni\u0119 klejon\u0105 w postaci warkocza o \u015brednicy 2-3 cm<br \/>\n\u2022 odczeka\u0107 maksymalnie 1 minut\u0119, nast\u0119pnie po\u0142\u0105czy\u0107 klejone elementy, jednak nie p\u00f3\u017aniej ni\u017c do 2 minut po aplikacji<br \/>\n\u2022 w przypadku du\u017cych powierzchni, takich jak p\u0142yty drewnopochodne pianoklej powinien pokrywa\u0107 min. 5% powierzchni klejenia (UWAGA: nie zaleca si\u0119 zwil\u017cania wod\u0105 kleju i powierzchni roboczych)<br \/>\n\u2022 w przypadku ma\u0142ych element\u00f3w wyko\u0144czeniowych lub dekoracyjnych pianoklej powinien pokrywa\u0107 min. 50% powierzchni klejenia<br \/>\n\u2022 zalecana grubo\u015b\u0107 spoiny wynosi max. 5 mm<br \/>\n\u2022 w celu polepszenia przyczepno\u015bci, zaleca si\u0119 klejenie kontaktowe (\u201eprzyci\u015bnij \u2013 oderwij \u2013 odczekaj chwil\u0119 \u2013 doci\u015bnij\u201d)<\/p>\n","protected":false},"excerpt":{"rendered":"<p>Szybki Pianoklej Uniwersalny 60 Sekund<\/p>\n","protected":false},"featured_media":20399,"comment_status":"open","ping_status":"closed","template":"","meta":{"_acf_changed":false,"inline_featured_image":false},"product_cat":[286],"product_tag":[1487,1483,1486],"class_list":{"0":"post-20392","1":"product","2":"type-product","3":"status-publish","4":"has-post-thumbnail","6":"product_cat-piany-i-pianokleje","7":"product_tag-szybki-pianoklej-uniwersalny","8":"product_tag-tytan","9":"product_tag-tytan-60-sekund","11":"first","12":"instock","13":"shipping-taxable","14":"purchasable","15":"product-type-simple"},"acf":[],"_links":{"self":[{"href":"https:\/\/e-adams.pl\/de\/wp-json\/wp\/v2\/product\/20392","targetHints":{"allow":["GET"]}}],"collection":[{"href":"https:\/\/e-adams.pl\/de\/wp-json\/wp\/v2\/product"}],"about":[{"href":"https:\/\/e-adams.pl\/de\/wp-json\/wp\/v2\/types\/product"}],"replies":[{"embeddable":true,"href":"https:\/\/e-adams.pl\/de\/wp-json\/wp\/v2\/comments?post=20392"}],"wp:featuredmedia":[{"embeddable":true,"href":"https:\/\/e-adams.pl\/de\/wp-json\/wp\/v2\/media\/20399"}],"wp:attachment":[{"href":"https:\/\/e-adams.pl\/de\/wp-json\/wp\/v2\/media?parent=20392"}],"wp:term":[{"taxonomy":"product_cat","embeddable":true,"href":"https:\/\/e-adams.pl\/de\/wp-json\/wp\/v2\/product_cat?post=20392"},{"taxonomy":"product_tag","embeddable":true,"href":"https:\/\/e-adams.pl\/de\/wp-json\/wp\/v2\/product_tag?post=20392"}],"curies":[{"name":"wp","href":"https:\/\/api.w.org\/{rel}","templated":true}]}}