{"id":20393,"date":"2023-08-16T12:14:55","date_gmt":"2023-08-16T10:14:55","guid":{"rendered":"https:\/\/e-adams.pl\/produkt\/tytan-professional-ultra-70-piana-pistoletowa-870ml\/"},"modified":"2024-07-15T11:31:20","modified_gmt":"2024-07-15T09:31:20","slug":"piana-pistoletowa-tytan-ultra-fast-70-870ml","status":"publish","type":"product","link":"https:\/\/e-adams.pl\/de\/produkt\/piana-pistoletowa-tytan-ultra-fast-70-870ml\/","title":{"rendered":"Piana pistoletowa TYTAN ULTRA FAST 70 &#8211; 870ml"},"content":{"rendered":"<h2>Piana TYTAN ULTRA FAST 70<\/h2>\n<p>Piana pistoletowa Tytan Professional ULTRA FAST 70 charakteryzuje si\u0119 wysok\u0105 wydajno\u015bci\u0105 do 77 litr\u00f3w oraz nisk\u0105 post-ekspansj\u0105. Nowoczesna formu\u0142a umo\u017cliwia wst\u0119pn\u0105 obr\u00f3bk\u0119 po nieca\u0142ych 20 minutach. Po 1,5 h pe\u0142ne utwardzenie piany pozwala przej\u015b\u0107 do kolejnych etap\u00f3w monta\u017cowych. Jednolita struktura zapewnia bardzo wysok\u0105 izolacyjno\u015b\u0107 akustyczn\u0105 do 63 dB i termiczn\u0105. Piana jest odporna na ple\u015bnie i grzyby oraz na dzia\u0142anie wysokich i niskich temperatur (od -60oC do +100oC).<\/p>\n<h3>W\u0142a\u015bciwo\u015bci produktu:<\/h3>\n<ul>\n<li>Uszczelnienia przy monta\u017cu okien i drzwi, parapet\u00f3w, rolet, stopni schod\u00f3w<\/li>\n<li>Uszczelnianie z\u0142\u0105czy dachowych, \u015bcianowych i stropowych<\/li>\n<li>Wype\u0142nianie wolnych przestrzeni, p\u0119kni\u0119\u0107, szczelin, przepust\u00f3w rurowych<\/li>\n<li>Wype\u0142nianie i wyg\u0142uszanie \u015bcian dzia\u0142owych <\/li>\n<li>izolacja termiczna i akustyczna<\/li>\n<li>wype\u0142nienie element\u00f3w w konstrukcjach szkieletowych<\/li>\n<\/ul>\n<h3>Zastowanie produktu:<\/h3>\n<ul>\n<li>Uszczelnienia przy monta\u017cu okien i drzwi, parapet\u00f3w, rolet, stopni schod\u00f3w<\/li>\n<li>Uszczelnianie z\u0142\u0105czy dachowych, \u015bcianowych i stropowych<\/li>\n<li>Wype\u0142nianie wolnych przestrzeni, p\u0119kni\u0119\u0107, szczelin, przepust\u00f3w rurowych<\/li>\n<li>Wype\u0142nianie i wyg\u0142uszanie \u015bcian dzia\u0142owych<\/li>\n<li>Izolacja termiczna i akustyczna<\/li>\n<li>Wype\u0142nienie element\u00f3w w konstrukcjach szkieletowych<\/li>\n<\/ul>\n<h3>Dane techniczne:<\/h3>\n<p>Kolor: \u017c\u00f3\u0142ty<br \/>\nTemperatura otoczenia: od +5oC do +30oC<br \/>\nTemperatura puszki: od +10oC do +30oC<br \/>\nPost ekspansja: \u2265 40%<br \/>\nCzas tworzenia nask\u00f3rka: \u2264 4 min *<br \/>\nCzas wst\u0119pnej obr\u00f3bki: \u2264 20 min *<br \/>\nCzas pe\u0142nego utwardzenia: po 1,5 h *<br \/>\nOdporno\u015b\u0107 termiczna po utwardzeniu: od -60oC do +100oC<br \/>\nWydajno\u015b\u0107: 70-77 l<br \/>\nWsp\u00f3\u0142czynnik przewodzenia ciep\u0142a: (\u03bb) \u2264 0,036 W\/mk<br \/>\nNasi\u0105kliwo\u015b\u0107 wod\u0105: po 24h przy cz\u0119\u015bciowym zanurzeniu bez nask\u00f3rka\u2264 1 (kg\/m2)<br \/>\nKlasa reakcji na ogie\u0144: B3 \/ F (DIN 4102 \/ EN 13501-1)<br \/>\nIzolacyjno\u015b\u0107 akustyczna: do 63 dB<\/p>\n<h3>Przechowywanie:<\/h3>\n<p>Data wa\u017cno\u015bci i numer partii na opakowaniu. Produkt przechowywa\u0107 w suchym, ch\u0142odnym miejscu, w oryginalnie zapakowanych<br \/>\npojemnikach, w pozycji pionowej (\u201ezaworem do g\u00f3ry\u201d). Temperatura przechowywania: od +5\u00b0C do +30\u00b0C. Przechowywanie<br \/>\nw temperaturze wy\u017cszej ni\u017c +30\u00b0C skraca okres przydatno\u015bci produktu do u\u017cycia, wp\u0142ywaj\u0105c negatywnie na jego parametry.<br \/>\nIstnieje mo\u017cliwo\u015b\u0107 przechowywania produktu w temperaturze -5\u00b0C nie d\u0142u\u017cej jednak ni\u017c 7 dni (z wy\u0142\u0105czeniem transportu).<br \/>\nNie jest dozwolone przechowywanie pojemnik\u00f3w z pian\u0105 w temp. powy\u017cej +50\u00b0C ani w pobli\u017cu otwartego ognia. Przechowywanie<br \/>\nproduktu w pozycji innej ni\u017c zalecana mo\u017ce doprowadzi\u0107 do blokady zaworu. Puszki nie wolno zgniata\u0107 ani przebija\u0107 nawet<br \/>\npo ca\u0142kowitym opr\u00f3\u017cnieniu. Nie przechowywa\u0107 piany w kabinie samochodu. Przewozi\u0107 wy\u0142\u0105cznie w baga\u017cniku.<\/p>\n","protected":false},"excerpt":{"rendered":"<p>Piana pistoletowa TYTAN ULTRA FAST 70 &#8211; 870ml<\/p>\n","protected":false},"featured_media":20404,"comment_status":"open","ping_status":"closed","template":"","meta":{"_acf_changed":false,"inline_featured_image":false},"product_cat":[286],"product_tag":[1485,1492,1491],"class_list":{"0":"post-20393","1":"product","2":"type-product","3":"status-publish","4":"has-post-thumbnail","6":"product_cat-piany-i-pianokleje","7":"product_tag-piana-pistoletowa","8":"product_tag-tytan-70","9":"product_tag-tytan-ultra-fast-70","11":"first","12":"instock","13":"shipping-taxable","14":"purchasable","15":"product-type-simple"},"acf":[],"_links":{"self":[{"href":"https:\/\/e-adams.pl\/de\/wp-json\/wp\/v2\/product\/20393","targetHints":{"allow":["GET"]}}],"collection":[{"href":"https:\/\/e-adams.pl\/de\/wp-json\/wp\/v2\/product"}],"about":[{"href":"https:\/\/e-adams.pl\/de\/wp-json\/wp\/v2\/types\/product"}],"replies":[{"embeddable":true,"href":"https:\/\/e-adams.pl\/de\/wp-json\/wp\/v2\/comments?post=20393"}],"wp:featuredmedia":[{"embeddable":true,"href":"https:\/\/e-adams.pl\/de\/wp-json\/wp\/v2\/media\/20404"}],"wp:attachment":[{"href":"https:\/\/e-adams.pl\/de\/wp-json\/wp\/v2\/media?parent=20393"}],"wp:term":[{"taxonomy":"product_cat","embeddable":true,"href":"https:\/\/e-adams.pl\/de\/wp-json\/wp\/v2\/product_cat?post=20393"},{"taxonomy":"product_tag","embeddable":true,"href":"https:\/\/e-adams.pl\/de\/wp-json\/wp\/v2\/product_tag?post=20393"}],"curies":[{"name":"wp","href":"https:\/\/api.w.org\/{rel}","templated":true}]}}