{"id":20407,"date":"2023-08-17T09:13:48","date_gmt":"2023-08-17T07:13:48","guid":{"rendered":"https:\/\/e-adams.pl\/produkt\/stalco\/"},"modified":"2024-02-15T11:49:26","modified_gmt":"2024-02-15T10:49:26","slug":"klej-hybrydowy-polimerowy-stalco-perfect-s-64839-290ml","status":"publish","type":"product","link":"https:\/\/e-adams.pl\/de\/produkt\/klej-hybrydowy-polimerowy-stalco-perfect-s-64839-290ml\/","title":{"rendered":"Klej hybrydowy polimerowy STALCO KEH 39- 290ml"},"content":{"rendered":"<h1>Klej uniwersalny STALCO KEH 39<\/h1>\n<p><\/p>\n<p>Jest to \u015brodek, kt\u00f3ry charakteryzuje si\u0119 doskona\u0142\u0105 przyczepno\u015bci\u0105 do wszelkich materia\u0142\u00f3w budowlanych i konstrukcyjnych, r\u00f3wnie\u017c wilgotnych jak: betonu, ceg\u0142y, kamienia naturalnego, p\u0142yty gipsowo-kartonowej, drewna i materia\u0142\u00f3w drewnopochodnych, metali, szk\u0142a i ceramiki, wi\u0119kszo\u015bci tworzyw sztucznych, np. PCV, styropianu, poliakrylu i poliw\u0119glan\u00f3w.<\/p>\n<p> Klej hybrydowy elastyczny polimerowy STALCO KEH 39 to neutralny elastyczny klej polimerowy o doskona\u0142ej przyczepno\u015bci do wi\u0119kszo\u015bci materia\u0142\u00f3w budowlanych (marmur, beton, ceg\u0142a, szk\u0142o, ceramika, stali, blachy, aluminium, styroduru (XPS), styropianu (EPS), PVC, poliestru, korka, drewna, sklejki itp.).<\/p>\n<h3>W\u0142a\u015bciwo\u015bci produktu:<\/h3>\n<ul>\n<li>Nie sp\u0142ywa po pionowych powierzchniach<\/li>\n<li>Dobra przyczepno\u015b\u0107 do mokrych powierzchni.<\/li>\n<li>Przyjazny dla \u015brodowiska, nie zawiera rozpuszczalnik\u00f3w, izocyjanian\u00f3w i silikon\u00f3w<\/li>\n<li>Ca\u0142kowicie neutralny chemicznie i bezwonny<\/li>\n<li>Nie powoduje korozji<\/li>\n<li>Mo\u017cna malowa\u0107 wi\u0119kszo\u015bci\u0105 farb i lakier\u00f3w na bazie epoksyd\u00f3w, poliuretan\u00f3w i wody<\/li>\n<li>Skurcz podczas utwardzania jest mniejszy ni\u017c 1%<\/li>\n<li>Odporny na warunki atmosferyczne, promieniowanie UV i starzenie<\/li>\n<li>Dobra odporno\u015b\u0107 chemiczna na wod\u0119, rozpuszczalniki alifatyczne, oleje mineralne, t\u0142uszcze, rozcie\u0144czone nieorganiczne kwasy i zasady<\/li>\n<li>Nieodporny chemicznie na rozpuszczalniki aromatyczne, st\u0119\u017cone kwasy i chlor oraz w\u0119glowodory<\/li>\n<\/ul>\n<h3>Zastosowanie produktu:<\/h3>\n<p>Do klejenia parapet\u00f3w i listew, do \u0142\u0105czenia \u017caluzji i listew weneckich, monta\u017cu i uszczelniania szafek kuchennych. Do uszczelniania po\u0142\u0105cze\u0144 w silosach, cysternach, zbiornikach, kontenerach, systemach pr\u00f3\u017cniowych i sieciach spr\u0119\u017conego powietrza. Do klejenia paneli i pokry\u0107 dachowych. Do klejenia konstrukcji nara\u017conych na wibracje. Do wykonywania dylatacji i do renowacji dylatacji, w kt\u00f3rych istnieje mo\u017cliwo\u015b\u0107 zagrzybienia. Do spoinowania po\u0142\u0105cze\u0144 dylatacyjnych.<\/p>\n<h3>Dane techniczne:<\/h3>\n<p> W\u0142a\u015bciwo\u015bci masy: polimer MS<br \/>\n Forma: g\u0119sta masa<br \/>\n Czas powstawania nask\u00f3rka 23\u00b0C\/50% rel. wilgotny: 25 \u00b1 5<br \/>\n Czas utwardzania 23\u00b0C\/50% wilgotno\u015bci wzgl.: 2\u20133 mm\/dzie\u0144<br \/>\n Temperatura stosowania: od + 5\u00b0C do +30\u00b0C<br \/>\n Odporno\u015b\u0107 na temperatur\u0119: od -40\u00b0C do +90\u00b0C<br \/>\n Twardo\u015b\u0107 Shore-A ISO 886: 35 &#8211; 40 Kolor: KEH 39 \u2013 bia\u0142y<\/p>\n<h3>Przechowywanie:<\/h3>\n<p>12 miesi\u0119cy w suchym, ch\u0142odnym miejscu w temperaturze od 0\u00b0C do 25\u00b0C, w oryginalnym zamkni\u0119tym opakowaniu.<\/p>\n","protected":false},"excerpt":{"rendered":"<p>Uniwersalny klej polimerowy do r\u00f3\u017cnego rodzaj\u00f3w nawierzchni.<\/p>\n","protected":false},"featured_media":20466,"comment_status":"open","ping_status":"closed","template":"","meta":{"_acf_changed":false,"inline_featured_image":false},"product_cat":[1475],"product_tag":[1508,1509,1505],"class_list":{"0":"post-20407","1":"product","2":"type-product","3":"status-publish","4":"has-post-thumbnail","6":"product_cat-kleje-montazowe","7":"product_tag-klej-polimerowy","8":"product_tag-klej-uniwersalny","9":"product_tag-stalco","11":"first","12":"outofstock","13":"shipping-taxable","14":"purchasable","15":"product-type-simple"},"acf":[],"_links":{"self":[{"href":"https:\/\/e-adams.pl\/de\/wp-json\/wp\/v2\/product\/20407","targetHints":{"allow":["GET"]}}],"collection":[{"href":"https:\/\/e-adams.pl\/de\/wp-json\/wp\/v2\/product"}],"about":[{"href":"https:\/\/e-adams.pl\/de\/wp-json\/wp\/v2\/types\/product"}],"replies":[{"embeddable":true,"href":"https:\/\/e-adams.pl\/de\/wp-json\/wp\/v2\/comments?post=20407"}],"wp:featuredmedia":[{"embeddable":true,"href":"https:\/\/e-adams.pl\/de\/wp-json\/wp\/v2\/media\/20466"}],"wp:attachment":[{"href":"https:\/\/e-adams.pl\/de\/wp-json\/wp\/v2\/media?parent=20407"}],"wp:term":[{"taxonomy":"product_cat","embeddable":true,"href":"https:\/\/e-adams.pl\/de\/wp-json\/wp\/v2\/product_cat?post=20407"},{"taxonomy":"product_tag","embeddable":true,"href":"https:\/\/e-adams.pl\/de\/wp-json\/wp\/v2\/product_tag?post=20407"}],"curies":[{"name":"wp","href":"https:\/\/api.w.org\/{rel}","templated":true}]}}