{"id":20408,"date":"2023-08-17T09:13:49","date_gmt":"2023-08-17T07:13:49","guid":{"rendered":"https:\/\/e-adams.pl\/produkt\/stalco-2\/"},"modified":"2024-07-15T11:31:21","modified_gmt":"2024-07-15T09:31:21","slug":"klej-hybrydowy-stalco-heros-perfect-s-64845-290ml","status":"publish","type":"product","link":"https:\/\/e-adams.pl\/de\/produkt\/klej-hybrydowy-stalco-heros-perfect-s-64845-290ml\/","title":{"rendered":"Klej hybrydowy STALCO HEROS PERFECT S-64845 &#8211; 290ml"},"content":{"rendered":"<h1>Klej uniwersalny STALCO HEROS PERFECT S-64845 <\/h1>\n<p><\/p>\n<p>Jest to \u015brodek, kt\u00f3ry charakteryzuje si\u0119 doskona\u0142\u0105 przyczepno\u015bci\u0105 do wszelkich materia\u0142\u00f3w budowlanych i konstrukcyjnych, r\u00f3wnie\u017c wilgotnych jak: betonu, ceg\u0142y, kamienia naturalnego, p\u0142yty gipsowo-kartonowej, drewna i materia\u0142\u00f3w drewnopochodnych, metali, szk\u0142a i ceramiki, wi\u0119kszo\u015bci tworzyw sztucznych, np. PCV, styropianu, poliakrylu i poliw\u0119glan\u00f3w.<\/p>\n<p>STALCO HEROS PERFECT S-64845 jest produktem o najwy\u017cszej jako\u015bci opartym na innowacyjnej formule. Jest to klej z 20 &#8211; letni\u0105 gwarancj\u0105, o bardzo niskiej emisji, spe\u0142niaj\u0105cy najwy\u017csze standardy bezpiecze\u0144stwa, higieny \u015brodowiska i klimatu. Ekstremalnie mocny i szybki klej MS Polimer o natychmiastowej przyczepno\u015bci pocz\u0105tkowej (2 sekundy) i wytrzyma\u0142o\u015bci ko\u0144cowej (430 kg\/10 cm\u00b2) po 72 godzinach.<\/p>\n<p>Doskona\u0142y do u\u017cytku wewn\u0105trz i na zewn\u0119trz. Skuteczny w klejeniu betonu, marmuru, tworzyw sztucznych, cegie\u0142, stali, aluminium, szk\u0142a, styroduru (XPS), styropianu (EPS), PVC, poliestru, korka, blachy, drewna, sklejki itp. Zast\u0119puje klasyczne mocowania mechaniczne. Idealny zamiennik ko\u0142k\u00f3w, \u015brub i innych czasoch\u0142onnych metod mocowania mechanicznego. Doskona\u0142y do klejenia ci\u0119\u017ckich przedmiot\u00f3w do powierzchni pionowych.<\/p>\n<h3>W\u0142a\u015bciwo\u015bci produktu:<\/h3>\n<ul>\n<li>Wytrzymuje obci\u0105\u017cenia do 430 kg\/10 cm2.<\/li>\n<li>Nadaje si\u0119 do stosowania na zewn\u0105trz i wewn\u0105trz.<\/li>\n<li>Odporny na promieniowanie UV, starzenie i wod\u0119. Dobra odporno\u015b\u0107 chemiczna na wod\u0119, rozpuszczalniki alifatyczne, oleje mineralne, t\u0142uszcze, rozcie\u0144czone nieorganiczne kwasy i zasady. <\/li>\n<li>Nie sprawia trudno\u015bci przy wyt\u0142aczaniu w niskich temperaturach. <\/li>\n<li>Chemicznie neutralny i bezwonny, nie powoduje korozji.<\/li>\n<li>Nie zawiera rozcie\u0144czalnik\u00f3w, izocyjanian\u00f3w i silikon\u00f3w.<\/li>\n<li>Mo\u017cna go malowa\u0107, b\u0142yskawicznie szybki<\/li>\n<\/ul>\n<h3>Zastosowanie produktu:<\/h3>\n<ul>\n<li>Skuteczny w klejeniu betonu, marmuru, tworzyw sztucznych, cegie\u0142, stali, aluminium, szk\u0142a, styroduru (XPS), styropianu (EPS), PVC, poliestru, korka, blachy, drewna, sklejki itp.<\/li>\n<li>Zast\u0119puje klasyczne mocowania mechaniczne. <\/li>\n<li>Idealny zamiennik ko\u0142k\u00f3w, \u015brub i innych czasoch\u0142onnych metod mocowania mechanicznego.<\/li>\n<li>Idealny do klejenia ci\u0119\u017ckich przedmiot\u00f3w do powierzchni pionowych.<\/li>\n<\/ul>\n<h3>Dane techniczne:<\/h3>\n<p>W\u0142a\u015bciwo\u015bci masy: polimer MS<br \/>\nForma: g\u0119sta masa<br \/>\nCzas powstawania nask\u00f3rka 23\u00b0C\/50% rel. wilgotny: 5 min<br \/>\nCzas utwardzania 23\u00b0C\/50% wilgotno\u015bci wzgl\u0119dnej: 2\u20133<br \/>\nTemperatura stosowania: od + 5\u00b0C do +40\u00b0C<br \/>\nOdporno\u015b\u0107 na temperatur\u0119: od -40\u00b0C do +90\u00b0C<\/p>\n<h3>Spos\u00f3b u\u017cycia:<\/h3>\n<ul>\n<li>Do kartusza z klejem HEROS do\u0142\u0105czony jest nosek do aplikacji w kszta\u0142cie litery V. Ko\u0144c\u00f3wka ta zapewnia optymaln\u0105 si\u0142\u0119 wyciskania oraz umo\u017cliwia na\u0142o\u017cenie odpowiedniej ilo\u015bci kleju.<\/li>\n<li>Klej aplikujemy trzymaj\u0105c kartusz w pozycji prostopad\u0142ej do powierzchni.<\/li>\n<li>Klej aplikujemy paskami w odst\u0119pach od 10 do 20 cm, w zale\u017cno\u015bci od wagi klejonego elementu.<\/li>\n<\/ul>\n","protected":false},"excerpt":{"rendered":"<p>Uniwersalny klej do r\u00f3\u017cnego rodzaj\u00f3w nawierzchni<\/p>\n","protected":false},"featured_media":20464,"comment_status":"open","ping_status":"closed","template":"","meta":{"_acf_changed":false,"inline_featured_image":false},"product_cat":[1475],"product_tag":[1506,1507,1505],"class_list":{"0":"post-20408","1":"product","2":"type-product","3":"status-publish","4":"has-post-thumbnail","6":"product_cat-kleje-montazowe","7":"product_tag-klej-hybrydowy","8":"product_tag-klej-uniewersalny","9":"product_tag-stalco","11":"first","12":"instock","13":"shipping-taxable","14":"purchasable","15":"product-type-simple"},"acf":[],"_links":{"self":[{"href":"https:\/\/e-adams.pl\/de\/wp-json\/wp\/v2\/product\/20408","targetHints":{"allow":["GET"]}}],"collection":[{"href":"https:\/\/e-adams.pl\/de\/wp-json\/wp\/v2\/product"}],"about":[{"href":"https:\/\/e-adams.pl\/de\/wp-json\/wp\/v2\/types\/product"}],"replies":[{"embeddable":true,"href":"https:\/\/e-adams.pl\/de\/wp-json\/wp\/v2\/comments?post=20408"}],"wp:featuredmedia":[{"embeddable":true,"href":"https:\/\/e-adams.pl\/de\/wp-json\/wp\/v2\/media\/20464"}],"wp:attachment":[{"href":"https:\/\/e-adams.pl\/de\/wp-json\/wp\/v2\/media?parent=20408"}],"wp:term":[{"taxonomy":"product_cat","embeddable":true,"href":"https:\/\/e-adams.pl\/de\/wp-json\/wp\/v2\/product_cat?post=20408"},{"taxonomy":"product_tag","embeddable":true,"href":"https:\/\/e-adams.pl\/de\/wp-json\/wp\/v2\/product_tag?post=20408"}],"curies":[{"name":"wp","href":"https:\/\/api.w.org\/{rel}","templated":true}]}}