{"id":20409,"date":"2023-08-17T09:13:50","date_gmt":"2023-08-17T07:13:50","guid":{"rendered":"https:\/\/e-adams.pl\/produkt\/stalco-3\/"},"modified":"2024-02-15T11:49:26","modified_gmt":"2024-02-15T10:49:26","slug":"klej-konstrukcyjny-do-drewna-stalco-kdp-51-280ml","status":"publish","type":"product","link":"https:\/\/e-adams.pl\/de\/produkt\/klej-konstrukcyjny-do-drewna-stalco-kdp-51-280ml\/","title":{"rendered":"Klej konstrukcyjny do drewna STALCO KDP 51 &#8211; 280ml"},"content":{"rendered":"<h1>Klej do drewna STALCO KDP 51:<\/h2>\n<p>Jest to \u015brodek, kt\u00f3ry charakteryzuje si\u0119 doskona\u0142\u0105 przyczepno\u015bci\u0105 do wszelkich materia\u0142\u00f3w budowlanych opartych na drewnie. Przeznaczony do profesjonalnego mocowania i klejenia r\u00f3\u017cnych drewnianych element\u00f3w jak i r\u00f3wnie\u017c naro\u017cnik\u00f3w okiennych, drzwi oraz do klejenia element\u00f3w do powierzchni porowatych i nieporowatych. Stosowany, gdy wymagane jest szybkie utwardzenie i przenoszenie obci\u0105\u017ce\u0144 mechanicznych. Dobrze przylega do r\u00f3\u017cnych rodzaj\u00f3w element\u00f3w budowlanych opartych na drewnie.<\/p>\n<p>Klej konstrukcyjny do drewna STALCO KDP 51 jest to klej poliuretanowy o wysokiej wytrzyma\u0142o\u015bci ko\u0144cowej, kt\u00f3ry ma doskona\u0142\u0105 przyczepno\u015b\u0107 do r\u00f3\u017cnych gatunk\u00f3w drewna i innych materia\u0142\u00f3w budowlanych.<br \/>\nWytrzyma\u0142o\u015b\u0107 na rozci\u0105ganie w wysokiej temperaturze DIN EN 14257: ok. 7,6 MPa. Odporno\u015b\u0107 na temperatur\u0119: od -40\u00b0C do +110\u00b0C. Czas tworzenia si\u0119 nask\u00f3rka 23\u00b0C\/50%<\/p>\n<h3>W\u0142a\u015bciwo\u015bci produktu:<\/h3>\n<ul>\n<li>Szybkie wi\u0105zanie pocz\u0105tkowe<\/li>\n<li>Lekko p\u0119cznieje podczas utwardzania<\/li>\n<li>Lekko p\u0119cznieje podczas utwardzania <\/li>\n<li>Szybkie utwardzanie<\/li>\n<li>Wodoodporny, (klasa D4) zgodny z norm\u0105 EN 204 D4<\/li>\n<li>Odporny na temperatur\u0119<\/li>\n<li>Odporny na wod\u0119, chemikalia, warunki atmosferyczne i starzenie<\/li>\n<li>Nie zawiera rozpuszczalnik\u00f3w<\/li>\n<li>Po utwardzeniu mo\u017cna go malowa\u0107 i szlifowa\u0107<\/li>\n<\/ul>\n","protected":false},"excerpt":{"rendered":"<p>Klej poliuretanowy przeznaczony do drewnianych element\u00f3w.<\/p>\n","protected":false},"featured_media":20470,"comment_status":"open","ping_status":"closed","template":"","meta":{"_acf_changed":false,"inline_featured_image":false},"product_cat":[1475],"product_tag":[1510,1511,1505],"class_list":{"0":"post-20409","1":"product","2":"type-product","3":"status-publish","4":"has-post-thumbnail","6":"product_cat-kleje-montazowe","7":"product_tag-klej-do-drewna","8":"product_tag-klej-konstrukcyjny","9":"product_tag-stalco","11":"first","12":"outofstock","13":"shipping-taxable","14":"purchasable","15":"product-type-simple"},"acf":[],"_links":{"self":[{"href":"https:\/\/e-adams.pl\/de\/wp-json\/wp\/v2\/product\/20409","targetHints":{"allow":["GET"]}}],"collection":[{"href":"https:\/\/e-adams.pl\/de\/wp-json\/wp\/v2\/product"}],"about":[{"href":"https:\/\/e-adams.pl\/de\/wp-json\/wp\/v2\/types\/product"}],"replies":[{"embeddable":true,"href":"https:\/\/e-adams.pl\/de\/wp-json\/wp\/v2\/comments?post=20409"}],"wp:featuredmedia":[{"embeddable":true,"href":"https:\/\/e-adams.pl\/de\/wp-json\/wp\/v2\/media\/20470"}],"wp:attachment":[{"href":"https:\/\/e-adams.pl\/de\/wp-json\/wp\/v2\/media?parent=20409"}],"wp:term":[{"taxonomy":"product_cat","embeddable":true,"href":"https:\/\/e-adams.pl\/de\/wp-json\/wp\/v2\/product_cat?post=20409"},{"taxonomy":"product_tag","embeddable":true,"href":"https:\/\/e-adams.pl\/de\/wp-json\/wp\/v2\/product_tag?post=20409"}],"curies":[{"name":"wp","href":"https:\/\/api.w.org\/{rel}","templated":true}]}}