{"id":20410,"date":"2023-08-17T09:13:51","date_gmt":"2023-08-17T07:13:51","guid":{"rendered":"https:\/\/e-adams.pl\/produkt\/piana-do-kregow-b3-750ml-soudal\/"},"modified":"2024-07-15T11:31:22","modified_gmt":"2024-07-15T09:31:22","slug":"pianka-do-kregow-soudal-b3-750ml","status":"publish","type":"product","link":"https:\/\/e-adams.pl\/de\/produkt\/pianka-do-kregow-soudal-b3-750ml\/","title":{"rendered":"Pianka do kr\u0119g\u00f3w SOUDAL B3 &#8211; 750ml"},"content":{"rendered":"<h1>Uszczelniacz do kr\u0119g\u00f3w<\/h1>\n<p>Monta\u017cowo-uszczelniaj\u0105ca pianka do kr\u0119g\u00f3w kanalizacyjnych, studzienek i kana\u0142\u00f3w komunikacyjnych oraz wszelkich konstrukcji betonowych z aplikatorem.<\/p>\n<h3>W\u0142a\u015bciwo\u015bci produktu:<\/h3>\n<ul>\n<li>Wielokrotne u\u017cycie \u2013 mo\u017cliwo\u015b\u0107 przerwania i wznowienia pracy w dowolnym momencie bez ryzyka zablokowania zaworu.<\/li>\n<li>Komfortowa aplikacja, nawet jedn\u0105 r\u0119k\u0105.<\/li>\n<li>Precyzyjne dozowanie.<\/li>\n<li>Podwy\u017cszona odporno\u015b\u0107 na dzia\u0142anie zwi\u0105zk\u00f3w i odpad\u00f3w organicznych \u2013 \u015bciek\u00f3w, grzyb\u00f3w, ple\u015bni itp.<\/li>\n<li>Doskona\u0142a przyczepno\u015b\u0107 do betonu, ceg\u0142y i materia\u0142\u00f3w prefabrykowanych, PCV i innych tworzyw sztucznych, metali oraz drewna.<\/li>\n<li>Wysoka wytrzyma\u0142o\u015b\u0107 mechaniczna (odporno\u015b\u0107 na \u015bciskanie i rozci\u0105ganie).<\/li>\n<li>Kr\u00f3tki czas utwardzania \u2013 ju\u017c po 1 godzinie elementy uszczelnianie mog\u0105 by\u0107 poddawane dalszej obr\u00f3bce.<\/li>\n<\/ul>\n<h3>Zastosowanie produktu:<\/h3>\n<ul>\n<li>Uszczelnianie po\u0142\u0105cze\u0144 kr\u0119g\u00f3w kanalizacyjnych, element\u00f3w konstrukcji szyb\u00f3w, studzienek, kom\u00f3r i kana\u0142\u00f3w telekomunikacyjnych.<\/li>\n<li>Uszczelnianie element\u00f3w prefabrykowanych w konstrukcji budowlanych. <\/li>\n<li>Termoizolacja element\u00f3w instalacji c.o. i wodno-kanalizacyjnej. <\/li>\n<li>Wype\u0142nianie przepust\u00f3w rurowych, przej\u015b\u0107 instalacyjnych w \u015bcianach i stropach itp. <\/li>\n<\/ul>\n<h3>Dane techniczne:<\/h3>\n<p>Podstawa: Poliuretan<br \/>\nKonsystencja: Stabilna pianka (po utwardzeniu)<br \/>\nStruktura kom\u00f3rkowa: Ok. 80% kom\u00f3rek zamkni\u0119tych<br \/>\nSystem utwardzania: Polimeryzacja z udzia\u0142em wilgoci<br \/>\nCzas tworzenia nask\u00f3rka: Ok. 10 minut (przy 20\u00b0C\/65 % RH)<br \/>\nCzas py\u0142osucho\u015bci Ok. 20 minut (przy 20\u00b0C\/65 % RH)<br \/>\nSzybko\u015b\u0107 twardnienia: 1 godz. dla 3 cm warstwy (20\u00b0C\/65 % RH.)<br \/>\nWydajno\u015b\u0107: Ok. 45l\/1000ml pianki (zale\u017cnie od otoczenia)<br \/>\nG\u0119sto\u015b\u0107 wzgl\u0119dna: Ok. 24 kg\/m3 (pianka utwardzona)<br \/>\nOdporno\u015b\u0107 termiczna: Od &#8211; 40\u00b0C do + 100\u00b0C (pianka utwardzona)<br \/>\nTemperatura aplikacji: Od +5\u00b0C do +30\u00b0C<br \/>\nKlasa palno\u015bci: B3 (DIN 4102 cz\u0119\u015b\u0107 2)<br \/>\nNasi\u0105kliwo\u015b\u0107 wod\u0105: 0.28 kg\/m2 (24h)<br \/>\nStabilno\u015b\u0107 wymiar\u00f3w: 0,4%<br \/>\nNapr\u0119\u017cenia \u015bciskaj\u0105ce: 48 kPa (przy 10% odkszta\u0142ceniu)<br \/>\nWytrzyma\u0142o\u015b\u0107 na rozci\u0105ganie: 113 kPa<\/p>\n<h3>Spos\u00f3b u\u017cycia:<\/h3>\n<p>Pod\u0142o\u017ce musi by\u0107 czyste, wolne od t\u0142uszczu i lu\u017anych zanieczyszcze\u0144 (kurz, stare szczeliwa itp.)<\/p>\n","protected":false},"excerpt":{"rendered":"<p>Pianka do kr\u0119g\u00f3w SOUDAL B3 &#8211; 750ml<\/p>\n","protected":false},"featured_media":20436,"comment_status":"open","ping_status":"closed","template":"","meta":{"_acf_changed":false,"inline_featured_image":false},"product_cat":[286],"product_tag":[1501,1495],"class_list":{"0":"post-20410","1":"product","2":"type-product","3":"status-publish","4":"has-post-thumbnail","6":"product_cat-piany-i-pianokleje","7":"product_tag-pianka-do-kregow","8":"product_tag-soudal","10":"first","11":"instock","12":"shipping-taxable","13":"purchasable","14":"product-type-simple"},"acf":[],"_links":{"self":[{"href":"https:\/\/e-adams.pl\/de\/wp-json\/wp\/v2\/product\/20410","targetHints":{"allow":["GET"]}}],"collection":[{"href":"https:\/\/e-adams.pl\/de\/wp-json\/wp\/v2\/product"}],"about":[{"href":"https:\/\/e-adams.pl\/de\/wp-json\/wp\/v2\/types\/product"}],"replies":[{"embeddable":true,"href":"https:\/\/e-adams.pl\/de\/wp-json\/wp\/v2\/comments?post=20410"}],"wp:featuredmedia":[{"embeddable":true,"href":"https:\/\/e-adams.pl\/de\/wp-json\/wp\/v2\/media\/20436"}],"wp:attachment":[{"href":"https:\/\/e-adams.pl\/de\/wp-json\/wp\/v2\/media?parent=20410"}],"wp:term":[{"taxonomy":"product_cat","embeddable":true,"href":"https:\/\/e-adams.pl\/de\/wp-json\/wp\/v2\/product_cat?post=20410"},{"taxonomy":"product_tag","embeddable":true,"href":"https:\/\/e-adams.pl\/de\/wp-json\/wp\/v2\/product_tag?post=20410"}],"curies":[{"name":"wp","href":"https:\/\/api.w.org\/{rel}","templated":true}]}}