{"id":20411,"date":"2023-08-17T09:13:51","date_gmt":"2023-08-17T07:13:51","guid":{"rendered":"https:\/\/e-adams.pl\/produkt\/piana-montazowa-770ml-2016-gg-soudal\/"},"modified":"2024-07-15T11:31:22","modified_gmt":"2024-07-15T09:31:22","slug":"piana-montazowa-soudal-genius-gun-770ml","status":"publish","type":"product","link":"https:\/\/e-adams.pl\/de\/produkt\/piana-montazowa-soudal-genius-gun-770ml\/","title":{"rendered":"Piana monta\u017cowa SOUDAL GENIUS GUN &#8211; 770ml"},"content":{"rendered":"<h1>Uniwersalny piana monta\u017cowa SOUDAL:<\/h1>\n<p>Pianka monta\u017cowa wielorazowego u\u017cytku z opatentowanym aplikatorem Genius Gun. Z powodzeniem mo\u017cemy j\u0105 zastosowa\u0107 m.in. do monta\u017cu i wyg\u0142uszania parapet\u00f3w, stopni schod\u00f3w oraz rolet, izolacji element\u00f3w instalacji centralnego ogrzewania i wodno-kanalizacyjnych, termoizolacji z\u0142\u0105czy dachowych i stropowych, a tak\u017ce do wype\u0142niania przepust\u00f3w kablowych i rurowych. Pianka monta\u017cowa z aplikatorem Genius Gun znajduje r\u00f3wnie\u017c zastosowanie przy monta\u017cu i izolacji element\u00f3w prefabrykowanych w konstrukcjach szkieletowych, izolacji termicznej i akustycznej \u015bcianek dzia\u0142owych oraz przy uszczelnianiu stolarki okiennej i drzwiowej z drewna, PCV i aluminium. Innowacyjny aplikator Genius Gun daje gwarancj\u0119 precyzyjnego dozowania pianki, umo\u017cliwia komfortow\u0105 i bezpieczn\u0105 prac\u0119 (piank\u0119 mo\u017cemy aplikowa\u0107 nawet jedn\u0105 r\u0119k\u0105) oraz pozwala na d\u0142ugotrwa\u0142e przechowywanie napocz\u0119tej puszki bez ryzyka zablokowania zaworu.<\/p>\n<h3>W\u0142a\u015bciwo\u015bci produktu:<\/h3>\n<ul>\n<li>Wielokrotne u\u017cycie, komfortowa aplikacja nawet jedn\u0105 r\u0119k\u0105, precyzyjne dozowanie dzi\u0119ki aplikatorowi Genius Gun.<\/li>\n<li>Doskona\u0142a przyczepno\u015b\u0107 do drewna i materia\u0142\u00f3w drewnopochodnych, PCV, aluminium i innych metali (r\u00f3wnie\u017c pokrytych pow\u0142okami lakierniczymi), betonu, muru, ceg\u0142y, powierzchni szkliwionych itp.<\/li>\n<\/ul>\n<h3>Zastosowanie produktu:<\/h3>\n<ul>\n<li>Uszczelnienia przy monta\u017cu stolarki okiennej i drzwiowej z drewna, PCV i aluminiumwype\u0142nianie i wyg\u0142uszanie pustych przestrzeni w konstrukcjach szkieletowych.<\/li>\n<li>Termoizolacja element\u00f3w instalacji c.o. i wodno-kanalizacyjnej, armatury \u0142azienkowej, wanien, brodzik\u00f3w itp.<\/li>\n<li>Monta\u017c i uszczelnianie parapet\u00f3w, rolet, prog\u00f3w, stopni schod\u00f3w itp. <\/li>\n<li>Izolacja termiczna i akustyczna \u015bcianek dzia\u0142owych, pod\u0142\u00f3g, strop\u00f3w, dach\u00f3w itp. <\/li>\n<li>Wype\u0142nianie przepust\u00f3w rurowych, przej\u015b\u0107 instalacyjnych w \u015bcianach i stropach itp.<\/li>\n<\/ul>\n<h3>Dane techniczne:<\/h3>\n<p>Podstawa: Poliuretan<br \/>\nKonsystencja: Stabilna pianka (po utwardzeniu)<br \/>\nSystem utwardzania Polimeryzacja z udzia\u0142em wilgoci<br \/>\nCzas ci\u0119cia:Ok. 60 minut (przy 20\u00b0C\/65 % RH)<br \/>\nWydajno\u015b\u0107: Ok. 45l\/1000ml pianki (zale\u017cnie od otoczenia)<br \/>\nG\u0119sto\u015b\u0107 termiczna: > 28 kg\/m3 (pianka utwardzona)<br \/>\nOdporno\u015b\u0107 termiczna: Od \u2013 40\u00b0C do + 100\u00b0C (pianka utwardzona)<br \/>\nTemperatura aplikacji: Od +5\u00b0C do +35 \u00b0C<br \/>\nTermoizolacyjno\u015b\u0107: \u03bb &#8211; 0,035 W\/m*K (MPA BAU Hannover)<br \/>\nIzolacyjno\u015b\u0107 akustyczna: RST,w = 58 dB (i.f.t. Rosenheim)<br \/>\nNasi\u0105kliwo\u015b\u0107 wod\u0105: < 1 kg\/m2 (PN-EN 1609:2013)\n<\/p>\n","protected":false},"excerpt":{"rendered":"<p>Piana monta\u017cowa SOUDAL GENIUS GUN &#8211; 770ml<\/p>\n","protected":false},"featured_media":20439,"comment_status":"open","ping_status":"closed","template":"","meta":{"_acf_changed":false,"inline_featured_image":false},"product_cat":[286],"product_tag":[1481,1495],"class_list":{"0":"post-20411","1":"product","2":"type-product","3":"status-publish","4":"has-post-thumbnail","6":"product_cat-piany-i-pianokleje","7":"product_tag-piana-montazowa","8":"product_tag-soudal","9":"product_shipping_class-standard-do-150cm-i-do-30kg-standard","11":"first","12":"instock","13":"shipping-taxable","14":"purchasable","15":"product-type-simple"},"acf":[],"_links":{"self":[{"href":"https:\/\/e-adams.pl\/de\/wp-json\/wp\/v2\/product\/20411","targetHints":{"allow":["GET"]}}],"collection":[{"href":"https:\/\/e-adams.pl\/de\/wp-json\/wp\/v2\/product"}],"about":[{"href":"https:\/\/e-adams.pl\/de\/wp-json\/wp\/v2\/types\/product"}],"replies":[{"embeddable":true,"href":"https:\/\/e-adams.pl\/de\/wp-json\/wp\/v2\/comments?post=20411"}],"wp:featuredmedia":[{"embeddable":true,"href":"https:\/\/e-adams.pl\/de\/wp-json\/wp\/v2\/media\/20439"}],"wp:attachment":[{"href":"https:\/\/e-adams.pl\/de\/wp-json\/wp\/v2\/media?parent=20411"}],"wp:term":[{"taxonomy":"product_cat","embeddable":true,"href":"https:\/\/e-adams.pl\/de\/wp-json\/wp\/v2\/product_cat?post=20411"},{"taxonomy":"product_tag","embeddable":true,"href":"https:\/\/e-adams.pl\/de\/wp-json\/wp\/v2\/product_tag?post=20411"}],"curies":[{"name":"wp","href":"https:\/\/api.w.org\/{rel}","templated":true}]}}