{"id":20413,"date":"2023-08-17T09:13:53","date_gmt":"2023-08-17T07:13:53","guid":{"rendered":"https:\/\/e-adams.pl\/produkt\/klej-uszcz-do-blach-colozinc-bb-290ml-soudal\/"},"modified":"2024-07-15T11:31:22","modified_gmt":"2024-07-15T09:31:22","slug":"klej-do-blach-soudal-colozinc-290ml","status":"publish","type":"product","link":"https:\/\/e-adams.pl\/de\/produkt\/klej-do-blach-soudal-colozinc-290ml\/","title":{"rendered":"Klej do blach SOUDAL COLOZINC &#8211; 290ml"},"content":{"rendered":"<h1>Uniwersalny klej do blach:<\/h1>\n<p>Blach\u0119 mo\u017cna sklei\u0107 przy u\u017cyciu kleju poliuretanowego do styropianu, klej SOUDAL COLOZINC doskonale poradzi sobie z tym zadaniem. Jest to super mocny klej-uszczelniacz hybrydowy do spajania blachodach\u00f3wki, blach trapezowych i system\u00f3w orynnowania. Odznacza si\u0119 trwa\u0142\u0105 elastyczno\u015bci\u0105 i jest bezbarwny.<\/p>\n<h3>W\u0142a\u015bciwo\u015bci produktu:<\/h3>\n<ul>\n<li>Zalecany do blach ocynkowanych, lakierowanych i<br \/> laminowanych, dach\u00f3wki ceramicznej, betonu, drewna i tworzyw sztucznych &#8211; r\u00f3wnie\u017c wilgotnych.<\/li>\n<li>Skrajne odporny na warunki atmosferyczne, promieniowanie UV, wiele chemikali\u00f3w (kwa\u015bne deszcze itp).<\/li>\n<li>Nie przebarwia materia\u0142\u00f3w porowatych, nie niszczy styropianu. <\/li>\n<li>Spoin\u0119 mo\u017cna malowa\u0107 wszelkimi typami farb. <\/li>\n<\/ul>\n<h3>Zastosowanie produktu:<\/h3>\n<ul>\n<li>Klejenie blach surowych, lakierowanych i ocynkowanych <br \/>ze sob\u0105.<\/li>\n<li>Klejenie blach dachowych i dach\u00f3wki ceramicznej na r\u00f3\u017cnych pod\u0142o\u017cach budowlanych<br \/> (metal, ceg\u0142a, beton, drewno).<\/li>\n<li>Monta\u017c i naprawa rynien i rur spustowych.  <\/li>\n<li>Uszczelnienia dylatacji i po\u0142\u0105cze\u0144 w wyko\u0144czeniowych <br \/>robotach dekarskich.<\/li>\n<\/ul>\n<h3>Dane techniczne:<\/h3>\n<p>Konsystencja: Pasta<br \/>\nSystem utwardzania: Polimeryzacja z wilgoci\u0105<br \/>\nCzas tworzenia nask\u00f3rka*: Ok. 10 minut (przy 23oC\/65% RH)<br \/>\nSzybko\u015b\u0107 utwardzania*: 2-3 mm\/24 godz. (przy 23oC\/65% RH)<br \/>\nG\u0119sto\u015b\u0107: 1,67 g\/cm3<br \/>\nTwardo\u015b\u0107 (wg. Shore A): 45 +\/- 5<br \/>\nModu\u0142 elastyczno\u015bci: 0,75 N\/mm2 (ISO 37)<br \/>\nMaksymalne napi\u0119cie: 1,8 N\/ mm2 (ISO 37)<br \/>\nWyd\u0142u\u017cenie przy zerwaniu: 750% (ISO 37)<br \/>\nMaksymalne dopuszczalne odkszta\u0142cenie: 20%<br \/>\nOdpr\u0119\u017cenie elastyczne >75% (ISO 7389)<br \/>\nOdporno\u015b\u0107 termiczna (po utwardzeniu): od -40\u00b0C do +90\u00b0C<br \/>\nTemperatura aplikacji: od +5\u00b0C do +35\u00b0C<\/p>\n<h3>Spos\u00f3b u\u017cycia:<\/h3>\n<p>Powierzchnie klejenia musz\u0105 by\u0107 czyste, odpylone i odt\u0142uszczone. Pod\u0142o\u017ca porowate, szczeg\u00f3lnie nara\u017cone na cz\u0119sty kontakt z wod\u0105, powinny by\u0107 zagruntowane preparatem Primer 150, do pod\u0142o\u017cy nieporowatych mo\u017cna u\u017cy\u0107 Soudal Surface Activator. Klejenie: na\u0142o\u017cy\u0107 \u015bcie\u017ck\u0119 kleju i \u015bcisn\u0105\u0107 klejone przedmioty w ci\u0105gu max. 10 minut. Uszczelnianie: wycisn\u0105\u0107 regularn\u0105 \u015bcie\u017ck\u0119 i wyg\u0142adzi\u0107 powierzchni\u0119 spoiny wod\u0105.<\/p>\n","protected":false},"excerpt":{"rendered":"<p>Klej-uszczelniacz hybrydowy przeznaczony do klejenia i uszczelniania blach, rynien i obr\u00f3bek dekarskich.<\/p>\n","protected":false},"featured_media":20472,"comment_status":"open","ping_status":"closed","template":"","meta":{"_acf_changed":false,"inline_featured_image":false},"product_cat":[1475],"product_tag":[1512,1495],"class_list":{"0":"post-20413","1":"product","2":"type-product","3":"status-publish","4":"has-post-thumbnail","6":"product_cat-kleje-montazowe","7":"product_tag-klej-do-blach","8":"product_tag-soudal","10":"first","11":"instock","12":"shipping-taxable","13":"purchasable","14":"product-type-simple"},"acf":[],"_links":{"self":[{"href":"https:\/\/e-adams.pl\/de\/wp-json\/wp\/v2\/product\/20413","targetHints":{"allow":["GET"]}}],"collection":[{"href":"https:\/\/e-adams.pl\/de\/wp-json\/wp\/v2\/product"}],"about":[{"href":"https:\/\/e-adams.pl\/de\/wp-json\/wp\/v2\/types\/product"}],"replies":[{"embeddable":true,"href":"https:\/\/e-adams.pl\/de\/wp-json\/wp\/v2\/comments?post=20413"}],"wp:featuredmedia":[{"embeddable":true,"href":"https:\/\/e-adams.pl\/de\/wp-json\/wp\/v2\/media\/20472"}],"wp:attachment":[{"href":"https:\/\/e-adams.pl\/de\/wp-json\/wp\/v2\/media?parent=20413"}],"wp:term":[{"taxonomy":"product_cat","embeddable":true,"href":"https:\/\/e-adams.pl\/de\/wp-json\/wp\/v2\/product_cat?post=20413"},{"taxonomy":"product_tag","embeddable":true,"href":"https:\/\/e-adams.pl\/de\/wp-json\/wp\/v2\/product_tag?post=20413"}],"curies":[{"name":"wp","href":"https:\/\/api.w.org\/{rel}","templated":true}]}}