{"id":20414,"date":"2023-08-17T09:13:54","date_gmt":"2023-08-17T07:13:54","guid":{"rendered":"https:\/\/e-adams.pl\/produkt\/pianka-montazowa-750ml-rurka-soudal\/"},"modified":"2024-07-15T11:31:22","modified_gmt":"2024-07-15T09:31:22","slug":"pianka-montazowa-z-rurka-soudal-750ml","status":"publish","type":"product","link":"https:\/\/e-adams.pl\/de\/produkt\/pianka-montazowa-z-rurka-soudal-750ml\/","title":{"rendered":"Pianka monta\u017cowa z rurk\u0105 SOUDAL &#8211; 750ml"},"content":{"rendered":"<h1>Piana monta\u017cowo-uszelniaj\u0105ca SOUDAL<\/h1>\n<p>Jednosk\u0142adnikowa monta\u017cowo-uszczelniaj\u0105ca pistoletowa pianka niskopr\u0119\u017cna gwarantuje profesjonalne uszczelnienie przy monta\u017cu wszelkiego typu materia\u0142\u00f3w budowlanych drewna, metali, betonu, ceg\u0142y, tynku i wielu tworzyw sztucznych. Uszczelnianie stolarki budowlanej, wyg\u0142uszanie \u015bcianek dzia\u0142owych, wanien i brodzik\u00f3w, izolowanie element\u00f3w instalacji sanitarnych i elektrycznych, monta\u017c rozetek, puszek, skrzynek sterowniczych, parapet\u00f3w itp. Pianka monta\u017cowa cechuje si\u0119 stabilno\u015bci\u0105 wymiar\u00f3w, du\u017c\u0105 g\u0119sto\u015bci\u0105, regularno\u015bci\u0105 struktury oraz dobrymi parametrami izolacyjnymi.<\/p>\n<div class=\"opis\">\n<h3>W\u0142a\u015bciwo\u015bci produktu:<\/h3>\n<ul>\n<li>Doskona\u0142a przyczepno\u015b\u0107 do drewna i materia\u0142\u00f3w drewnopochodnych, PCV, aluminium i innych metali (r\u00f3wnie\u017c pokrytych pow\u0142okami lakierniczymi), betonu, muru, ceg\u0142y, powierzchni szkliwionych itp.<\/li>\n<li>Dost\u0119pna r\u00f3wnie\u017c w specjalnej formule do niskich temperatur (-10\u00b0C)<\/li>\n<li>Odpowiedni do klejenia na nier\u00f3wnych pod\u0142o\u017cach. <\/li>\n<li>Doskona\u0142a przyczepno\u015b\u0107 do wszelkich porowatych pod\u0142o\u017cy budowlanych: betonu, tynku, ceg\u0142y, p\u0142yty gipsowo-kartonowej, drewna itp. <\/li>\n<li>Nie sp\u0142ywa z powierzchni pionowych<\/li>\n<li>Daje si\u0119 malowa\u0107.<\/li>\n<li>Odporny na wilgo\u0107.<\/li>\n<\/ul>\n<h3>Zastosowanie produktu:<\/h3>\n<ul>\n<li>Uszczelnianie stolarki budowlanej, wyg\u0142uszanie \u015bcianek dzia\u0142owych, wanien i brodzik\u00f3w.<\/li>\n<li>Izolowanie element\u00f3w instalacji sanitarnych i elektrycznych, monta\u017c rozetek, puszek, skrzynek sterowniczych, parapet\u00f3w itp.<\/li>\n<li>Wype\u0142nianie przepust\u00f3w rurowych, przej\u015b\u0107 instalacyjnych w \u015bcianach i stropach itp. <\/li>\n<\/ul>\n<\/div>\n<h3>Dane techniczne:<\/h3>\n<p>Podstawa: Poliuretan<br \/>\nKonsystencja: Stabilna pianka (po utwardzeniu)<br \/>\nSystem utwardzania: Polimeryzacja z udzia\u0142em wilgoci<br \/>\nCzas ci\u0119cia: Ok. 60 minut (przy 20\u00b0C\/65 % RH) *<br \/>\nWydajno\u015b\u0107: Ok. 45l\/1000ml pianki (zale\u017cnie od otoczenia)<br \/>\nG\u0119sto\u015b\u0107 wzgl\u0119dna: > 28 kg\/m3 (pianka utwardzona)<br \/>\nOdporno\u015b\u0107 termiczna: Od &#8211; 40\u00b0C do + 100\u00b0C (pianka utwardzona)<br \/>\nTemperatura aplikacji: Od +5\u00b0C do +30\u00b0C<br \/>\nTermoizolacyjno\u015b\u0107: \u03bb &#8211; 0,035 W\/m*K (MPA BAU Hannover)<br \/>\nIzolacyjno\u015b\u0107 akustyczna: RST,w = 58 dB (i.f.t. Rosenheim)<br \/>\nNasi\u0105kliwo\u015b\u0107 wod\u0105: < 1 kg\/m2 (PN-EN 1609:2013)\nPrzyczepno\u015b\u0107 do metali, PVC i drewna: > 70 kPa (PN-EN 1607:2013)<br \/>\nZmiany wymiar\u00f3w liniowych (grubo\u015b\u0107): < 3% po 7 dniach (FEICA TM 1004:2012)\nNapr\u0119\u017cenia \u015bciskaj\u0105ce (10%): > 20 kPa (PN-EN 826:2013)<br \/>\nWytrzyma\u0142o\u015b\u0107 na \u015bcinanie: > 30 kPa (PN-EN 12090: 2013)<br \/>\nWytrzyma\u0142o\u015b\u0107 na rozci\u0105ganie: > 50 kPa (PN-EN 1607:2013)<\/p>\n<h3>Spos\u00f3b u\u017cycia:<\/h3>\n<p>Pod\u0142o\u017ce musi by\u0107 czyste, wolne od t\u0142uszczu i lu\u017anych zanieczyszcze\u0144 (kurz, stare szczeliwa, itp.), bezpo\u015brednio przed na\u0142o\u017ceniem pianki<br \/>\npod\u0142o\u017ce zwil\u017cy\u0107 wod\u0105, przed u\u017cyciem doprowadzi\u0107 puszk\u0119 do temperatury pokojowej,<br \/>\nbezpo\u015brednio przed rozpocz\u0119ciem pracy energicznie wstrz\u0105sn\u0105\u0107 puszk\u0105 oko\u0142o 30 razy, otworzy\u0107 pokryw\u0119 na g\u00f3rze r\u0119koje\u015bci, od- blokowa\u0107 spust i wyprostowa\u0107 rurk\u0119 dozuj\u0105c\u0105, trzymaj\u0105c puszk\u0119 w pozycji do g\u00f3ry dnem, nacisn\u0105\u0107 na spust. Ilo\u015b\u0107 uwalnianej piany zale\u017cy od si\u0142y nacisku, po sko\u0144czonej pracy zatka\u0107 rurk\u0119 dozuj\u0105c\u0105 zatyczk\u0105 znajduj\u0105c\u0105 si\u0119 w pokrywie r\u0119koje\u015bci i zamkn\u0105\u0107 pokryw\u0119, blokuj\u0105c spust przed powt\u00f3rnym u\u017cyciem wymiesza\u0107 dok\u0142adnie zawarto\u015b\u0107 puszki (ok. 30 se-kund). Otworzy\u0107 pokryw\u0119 na g\u00f3rze r\u0119koje\u015bci (odblokowanie spustu) i usun\u0105\u0107 zatyczk\u0119 z rurki dozuj\u0105cej, zabezpieczy\u0107 utwardzon\u0105 piank\u0119 przed dzia\u0142aniem promieni s\u0142onecznych, \u015bwie\u017ce zabrudzenia i narz\u0119dzia czy\u015bci\u0107 p\u0142ynem czyszcz\u0105cym do pianki poliuretanowej Soudal lub \u015bciereczkami SWIPEX, utwardzon\u0105 piank\u0119 usuwa\u0107 tylko mechanicznie lub przy pomocy preparatu PU REMOVER.<\/p>\n<\/div>\n","protected":false},"excerpt":{"rendered":"<p>Pianka monta\u017cowa z rurk\u0105 SOUDAL &#8211; 750ml<\/p>\n","protected":false},"featured_media":20426,"comment_status":"open","ping_status":"closed","template":"","meta":{"_acf_changed":false,"inline_featured_image":false},"product_cat":[286],"product_tag":[1498,1495],"class_list":{"0":"post-20414","1":"product","2":"type-product","3":"status-publish","4":"has-post-thumbnail","6":"product_cat-piany-i-pianokleje","7":"product_tag-pianka-montazowa","8":"product_tag-soudal","10":"first","11":"instock","12":"shipping-taxable","13":"purchasable","14":"product-type-simple"},"acf":[],"_links":{"self":[{"href":"https:\/\/e-adams.pl\/de\/wp-json\/wp\/v2\/product\/20414","targetHints":{"allow":["GET"]}}],"collection":[{"href":"https:\/\/e-adams.pl\/de\/wp-json\/wp\/v2\/product"}],"about":[{"href":"https:\/\/e-adams.pl\/de\/wp-json\/wp\/v2\/types\/product"}],"replies":[{"embeddable":true,"href":"https:\/\/e-adams.pl\/de\/wp-json\/wp\/v2\/comments?post=20414"}],"wp:featuredmedia":[{"embeddable":true,"href":"https:\/\/e-adams.pl\/de\/wp-json\/wp\/v2\/media\/20426"}],"wp:attachment":[{"href":"https:\/\/e-adams.pl\/de\/wp-json\/wp\/v2\/media?parent=20414"}],"wp:term":[{"taxonomy":"product_cat","embeddable":true,"href":"https:\/\/e-adams.pl\/de\/wp-json\/wp\/v2\/product_cat?post=20414"},{"taxonomy":"product_tag","embeddable":true,"href":"https:\/\/e-adams.pl\/de\/wp-json\/wp\/v2\/product_tag?post=20414"}],"curies":[{"name":"wp","href":"https:\/\/api.w.org\/{rel}","templated":true}]}}