{"id":20415,"date":"2023-08-17T09:13:54","date_gmt":"2023-08-17T07:13:54","guid":{"rendered":"https:\/\/e-adams.pl\/produkt\/uniwersalny-klej-montazowy-49a-280-ml-soudal\/"},"modified":"2024-07-15T11:31:23","modified_gmt":"2024-07-15T09:31:23","slug":"uniwersalny-klej-montazowy-soudal-49a-280ml","status":"publish","type":"product","link":"https:\/\/e-adams.pl\/de\/produkt\/uniwersalny-klej-montazowy-soudal-49a-280ml\/","title":{"rendered":"Uniwersalny klej monta\u017cowy SOUDAL 49A &#8211; 280ml"},"content":{"rendered":"<h1>Uniwersalny klej SOUDAL 49A:<\/h1>\n<p>Rozpuszczalnikowy klej monta\u017cowy.Uniwersalny szybkoschn\u0105cy klej monta\u017cowy na bazie kauczuku syntetycznego. Bezpieczny dla styropianu i delikatnych materia\u0142ow wyko\u0144czeniowych.<\/p>\n<p>Uszczelniacz na bazie dyspersji akrylowych &#8211; w\u00a0kolorach dopasowanych do najpopularniejszych gatunk\u00f3w parkietu<\/p>\n<h3>W\u0142a\u015bciwo\u015bci produktu:<\/h3>\n<ul>\n<li>Zawiera nieagresywne rozpuszczalniki &#8211; nie reaguje z delikatnymi pod\u0142o\u017cami<\/li>\n<li>Odporny na wilgo\u0107 i szeroki zakres temperatur (od -20\u00b0C do +60\u00b0C)<\/li>\n<li>Wype\u0142nia i niweluje niewielkie nier\u00f3wno\u015bci pod\u0142o\u017ca<\/li>\n<li>Doskona\u0142a przyczepno\u015b\u0107 do wszelkich pod\u0142o\u017cy budowlanych za wyj\u0105tkiem PP i PE<\/li>\n<\/ul>\n<h3>Zastosowanie produktu:<\/h3>\n<ul>\n<li>Mocowanie listew, profili, rozet dekoracyjnych z polistyrenu, poliuretanu, drewna, p\u0142yt wi\u00f3rowych, MDF itp.\n         <\/li>\n<li>Monta\u017c uchwyt\u00f3w, prze\u0142\u0105cznik\u00f3w, tablic, puszek, listew z tworzyw sztucznych (PCV) i metali.<\/li>\n<\/ul>\n<h3>Dane techniczne:<\/h3>\n<p>Konsystencja: Pasta<br \/>\nSystem utwardzania: Wysychanie fizyczne i krystalizacja<br \/>\nCzas schni\u0119cia otwartego (*): Max. 15 minut (przy 20\u00b0C\/65 % RH)<br \/>\nCi\u0119\u017car w\u0142a\u015bciwy: 1,23 g\/cm3<br \/>\nOdporno\u015b\u0107 termiczna (po wyschni\u0119ciu): od &#8211; 20\u00b0C do + 60\u00b0C<br \/>\nTemperatura aplikacji: od +5\u00b0C do +30\u00b0C<\/p>\n<h3>Spos\u00f3b u\u017cycia:<\/h3>\n<p>Klej na\u0142o\u017cy\u0107 pasmami na jedn\u0105 z klejonych powierzchni, koniecznie wzd\u0142u\u017c kraw\u0119dzi i w naro\u017cnikach paneli. Z\u0142\u0105czy\u0107 obie klejone cz\u0119\u015bci i natychmiast roz\u0142\u0105czy\u0107. Po max 15.min.z\u0142\u0105czy\u0107 i docisn\u0105\u0107 powt\u00f3rnie. Pe\u0142n\u0105 wytrzyma\u0142o\u015b\u0107 spojenie uzyskuje po 24-48 godzinach. Czyszczenie: narz\u0119dzia i \u015bwie\u017ce zabrudzenia pod\u0142o\u017ca czy\u015bci\u0107 acetonem lub benzyn\u0105 lakow\u0105. Klej utwardzony usuwa\u0107 mechanicznie. <\/p>\n<h3>Opakowanie i kolory:<\/h3>\n<p>Kartusz 280 ml: kolor be\u017cowy.<\/p>\n","protected":false},"excerpt":{"rendered":"<p>Uniwersalny klej monta\u017cowy SOUDAL 49A \u2013 280ml<\/p>\n","protected":false},"featured_media":20432,"comment_status":"open","ping_status":"closed","template":"","meta":{"_acf_changed":false,"inline_featured_image":false},"product_cat":[1475],"product_tag":[1500,1495,1499],"class_list":{"0":"post-20415","1":"product","2":"type-product","3":"status-publish","4":"has-post-thumbnail","6":"product_cat-kleje-montazowe","7":"product_tag-klej-montazowy","8":"product_tag-soudal","9":"product_tag-uniwersalny-klej-montazowy","11":"first","12":"instock","13":"shipping-taxable","14":"purchasable","15":"product-type-simple"},"acf":[],"_links":{"self":[{"href":"https:\/\/e-adams.pl\/de\/wp-json\/wp\/v2\/product\/20415","targetHints":{"allow":["GET"]}}],"collection":[{"href":"https:\/\/e-adams.pl\/de\/wp-json\/wp\/v2\/product"}],"about":[{"href":"https:\/\/e-adams.pl\/de\/wp-json\/wp\/v2\/types\/product"}],"replies":[{"embeddable":true,"href":"https:\/\/e-adams.pl\/de\/wp-json\/wp\/v2\/comments?post=20415"}],"wp:featuredmedia":[{"embeddable":true,"href":"https:\/\/e-adams.pl\/de\/wp-json\/wp\/v2\/media\/20432"}],"wp:attachment":[{"href":"https:\/\/e-adams.pl\/de\/wp-json\/wp\/v2\/media?parent=20415"}],"wp:term":[{"taxonomy":"product_cat","embeddable":true,"href":"https:\/\/e-adams.pl\/de\/wp-json\/wp\/v2\/product_cat?post=20415"},{"taxonomy":"product_tag","embeddable":true,"href":"https:\/\/e-adams.pl\/de\/wp-json\/wp\/v2\/product_tag?post=20415"}],"curies":[{"name":"wp","href":"https:\/\/api.w.org\/{rel}","templated":true}]}}