{"id":20417,"date":"2023-08-17T09:13:56","date_gmt":"2023-08-17T07:13:56","guid":{"rendered":"https:\/\/e-adams.pl\/produkt\/plyn-czyszczacy-do-piany-500ml-soudal\/"},"modified":"2024-07-15T11:31:23","modified_gmt":"2024-07-15T09:31:23","slug":"plyn-czyszczacy-do-piany-i-pistoletow-soudal-500ml","status":"publish","type":"product","link":"https:\/\/e-adams.pl\/de\/produkt\/plyn-czyszczacy-do-piany-i-pistoletow-soudal-500ml\/","title":{"rendered":"P\u0142yn czyszcz\u0105cy do piany i pistolet\u00f3w SOUDAL &#8211; 500ML"},"content":{"rendered":"<h2>Czy\u015bcik do pistolet\u00f3w SOUDAL:<\/h2>\n<p style=\"text-align:justify;\">Czy\u015bcik, p\u0142yn czyszcz\u0105cy do pistolet\u00f3w aplikacyjnych i pianki poliuretanowej to jeden z niezb\u0119dnych element\u00f3w wyposa\u017cenia, kt\u00f3re s\u0105 przydatne si\u0119 przy wykonywaniu prac remontowych oraz budowlanych. Z jego pomoc\u0105 zniwelujesz pozosta\u0142o\u015bci po preparatach osadzaj\u0105cych si\u0119 wewn\u0105trz lejka oraz w korpusie pistoletu. Mo\u017ce by\u0107 tak\u017ce stosowany do usuwania nadmiaru \u015bwie\u017co zaaplikowanej piany.<\/p>\n<h3>W\u0142a\u015bciwo\u015bci produktu:<\/h3>\n<ul>\n<li>Usuwanie \u015bwie\u017cej, nieutwardzonej pianki poliuretanowej<\/li>\n<li>Szybkie czyszczenie pistolet\u00f3w aplikacyjnych<\/li>\n<li>Odt\u0142uszczanie powierzchni metalowych przed aplikacj\u0105 poliuretan\u00f3w i silikon\u00f3w<\/li>\n<li>Na powierzchniach z tworzyw sztucznych zalecamy wykonanie pr\u00f3by. Mieszanina rozpuszczalnik\u00f3w mo\u017ce powodowa\u0107 zmatowienie powierzchni.<\/li>\n<li>Przystosowany do po\u0142\u0105czenia ze standardowym pistoletem z gwintem<\/li>\n<li>Wyposa\u017cony w dodatkow\u0105 dysz\u0119 rozpylaj\u0105c\u0105<\/li>\n<\/ul>\n","protected":false},"excerpt":{"rendered":"<p>P\u0142yn czyszcz\u0105cy do piany i pistolet\u00f3w SOUDAL &#8211; 500ML<\/p>\n","protected":false},"featured_media":20423,"comment_status":"open","ping_status":"closed","template":"","meta":{"_acf_changed":false,"inline_featured_image":false},"product_cat":[324],"product_tag":[1497,1495],"class_list":{"0":"post-20417","1":"product","2":"type-product","3":"status-publish","4":"has-post-thumbnail","6":"product_cat-srodki-czyszczace","7":"product_tag-plyn-czyszczacy","8":"product_tag-soudal","10":"first","11":"instock","12":"shipping-taxable","13":"purchasable","14":"product-type-simple"},"acf":[],"_links":{"self":[{"href":"https:\/\/e-adams.pl\/de\/wp-json\/wp\/v2\/product\/20417","targetHints":{"allow":["GET"]}}],"collection":[{"href":"https:\/\/e-adams.pl\/de\/wp-json\/wp\/v2\/product"}],"about":[{"href":"https:\/\/e-adams.pl\/de\/wp-json\/wp\/v2\/types\/product"}],"replies":[{"embeddable":true,"href":"https:\/\/e-adams.pl\/de\/wp-json\/wp\/v2\/comments?post=20417"}],"wp:featuredmedia":[{"embeddable":true,"href":"https:\/\/e-adams.pl\/de\/wp-json\/wp\/v2\/media\/20423"}],"wp:attachment":[{"href":"https:\/\/e-adams.pl\/de\/wp-json\/wp\/v2\/media?parent=20417"}],"wp:term":[{"taxonomy":"product_cat","embeddable":true,"href":"https:\/\/e-adams.pl\/de\/wp-json\/wp\/v2\/product_cat?post=20417"},{"taxonomy":"product_tag","embeddable":true,"href":"https:\/\/e-adams.pl\/de\/wp-json\/wp\/v2\/product_tag?post=20417"}],"curies":[{"name":"wp","href":"https:\/\/api.w.org\/{rel}","templated":true}]}}