{"id":20418,"date":"2023-08-17T09:13:56","date_gmt":"2023-08-17T07:13:56","guid":{"rendered":"https:\/\/e-adams.pl\/produkt\/uszczelniacz-hybrydowy-fixall-290ml-soudal\/"},"modified":"2024-07-15T11:31:23","modified_gmt":"2024-07-15T09:31:23","slug":"uszczelniacz-hybrydowy-soudal-fix-all-290ml","status":"publish","type":"product","link":"https:\/\/e-adams.pl\/de\/produkt\/uszczelniacz-hybrydowy-soudal-fix-all-290ml\/","title":{"rendered":"Uszczelniacz hybrydowy SOUDAL FIX ALL &#8211; 290ml"},"content":{"rendered":"<h1>Do czego s\u0142u\u017cy hybrydowy uszczelniacz SOUDAL FIXX ALL?:<\/h1>\n<p>Trwale elastyczny klej-uszczelniacz SOUDAL FIX ALLjest oparty na bazie polimer\u00f3w hybrydowych SMX do zastosowa\u0144 wewn\u0119trznych i zewn\u0119trznych. Klei r\u00f3wnie\u017c wilgotne materia\u0142y. Nie wydziela lotnych zwi\u0105zk\u00f3w organicznych &#8211; spe\u0142nia wymagania klasyfikacji Emicode EC1 Plus.<\/p>\n<div class=\"opis\">\n<p>Uszczelniacz na bazie dyspersji akrylowych &#8211; w\u00a0kolorach dopasowanych do najpopularniejszych gatunk\u00f3w parkietu<\/p>\n<h3>W\u0142a\u015bciwo\u015bci produktu:<\/h3>\n<ul>\n<li>Doskona\u0142a przyczepno\u015b\u0107 do wszelkich materia\u0142\u00f3w budowlanych i konstrukcyjnych, r\u00f3wnie\u017c wilgotnych:<br \/> betonu, ceg\u0142y, kamienia naturalnego, p\u0142yty gipsowo-kartonowej, drewna i materia\u0142\u00f3w drewnopochodnych, metali, szk\u0142a i ceramiki, wi\u0119kszo\u015bci tworzyw sztucznych, np. PCV, styropianu    poliakrylu i poliw\u0119glan\u00f3w.<\/li>\n<li>Neutralny chemicznie &#8211; nie reaguje z pod\u0142o\u017cem, nie przebarwia brzeg\u00f3w materia\u0142\u00f3w porowatych.<\/li>\n<li>Praktycznie bezwonny nie wydziela lotnych zwi\u0105zk\u00f3w organicznych &#8211; spe\u0142nia wymagania klasyfikacji Emicode EC1 Plus.  <\/li>\n<li>Niewra\u017cliwy na dzia\u0142anie s\u0142abych kwas\u00f3w, zasad, rozpuszczalnik\u00f3w i olej\u00f3w.<\/li>\n<li>Odporny na dzia\u0142anie warunk\u00f3w atmosferycznych i promieniowania UV.<\/li>\n<li>Po utwardzeniu daje si\u0119 malowa\u0107 &#8211; r\u00f3wnie\u017c farbami wodnymi.<\/li>\n<\/ul>\n<h3>Zastosowanie produktu:<\/h3>\n<ul>\n<li>Klejenie i fugowanie paneli, prog\u00f3w, parapet\u00f3w, listew, rozet, gzyms\u00f3w z wszelkich materia\u0142\u00f3w dekoracyjnych<br \/> (drewno i materia\u0142y drewnopochodne, korek, styropian, styrodur, gips) do wszelkich pod\u0142o\u017cy budowlanych.<\/li>\n<li>Mocowanie tabliczek informacyjnych, skrzynek, liter i cyfr przestrzennych itp.<\/li>\n<li>Klejenie luster do betonu, ceg\u0142y, tynku, glazury i terakoty, drewna, karton-gipsu i szk\u0142a. <\/li>\n<li>Klejenie i fugowanie p\u0142yt z kamienia naturalnego (marmur, granit itp.). <\/li>\n<li>Mocowanie p\u0142yt izolacyjnych (korek, styropian, styrodur, we\u0142na mineralna) w pracach ociepleniowych.<\/li>\n<li>Elastyczne po\u0142\u0105czenia element\u00f3w w konstrukcjach poddawanych wibracjom.<\/li>\n<\/ul>\n<\/div>\n<h3>Dane techniczne:<\/h3>\n<p>Podstawa: SMXPOLYMER<br \/>\nKonsystencja: Pasta<br \/>\nCzas tworzenia nask\u00f3rka: Ok. 10 minut (przy 23\u00b0C\/50 % RH)<br \/>\nSzybko\u015b\u0107 utwardzania: 2-3 mm\/24 godz. (przy 23\u00b0C\/50 % RH)<br \/>\nG\u0119sto\u015b\u0107**: 1,67 g\/cm3<br \/>\nTwardo\u015b\u0107 (Shore A): 40 +\/- 5<br \/>\nPowr\u00f3t elastyczny: > 75 % (ISO 7389)<br \/>\nDopuszczalne odkszta\u0142cenie (ISO11600): \u00b120%<br \/>\nWyd\u0142u\u017cenie przy zerwaniu: 750 % (ISO 37)<br \/>\nModu\u0142 elastyczno\u015bci: 0,75 N\/mm2 (ISO 37)<br \/>\nMaksymalne napr\u0119\u017cenie: 1,80 N\/mm2 (ISO 37)<br \/>\nOdporno\u015b\u0107 termiczna (po utwardzeniu): od -40\u00b0C do +90\u00b0C<br \/>\nTemperatura aplikacji: od +5\u00b0C do +35\u00b0C<\/p>\n<h3>Spos\u00f3b u\u017cycia:<\/h3>\n<p>Pod\u0142o\u017ce musi by\u0107 czyste, suche i odt\u0142uszczone. Klejenie: nak\u0142ada\u0107 punktowo lub pasmami na jedn\u0105 z powierzchni. \u015acisn\u0105\u0107 klejone cz\u0119\u015bci (przedutworzeniem nask\u00f3rka) i pozostawi\u0107 do utwardzenia.Spoina powinna mie\u0107 co najmniej 2 mm grubo\u015bci. Uszczelnianie: natychmiast po aplikacji powierzchni\u0119 fugi wyg\u0142adzi\u0107 wod\u0105 z myd\u0142em. Ko\u0144cow\u0105 wytrzyma\u0142o\u015b\u0107 spoina uzyskuje po 24h. Zapozna\u0107 si\u0119 z kart\u0105 techniczn\u0105. <\/p>\n<\/div>\n","protected":false},"excerpt":{"rendered":"<p>Klej-uszczelniacz hybrydowy przeznaczony do spajania element\u00f3w budowlanych<\/p>\n","protected":false},"featured_media":20474,"comment_status":"open","ping_status":"closed","template":"","meta":{"_acf_changed":false,"inline_featured_image":false},"product_cat":[1475],"product_tag":[1495,1513],"class_list":{"0":"post-20418","1":"product","2":"type-product","3":"status-publish","4":"has-post-thumbnail","6":"product_cat-kleje-montazowe","7":"product_tag-soudal","8":"product_tag-uszczlniacz-uniwersalny","10":"first","11":"instock","12":"shipping-taxable","13":"purchasable","14":"product-type-simple"},"acf":[],"_links":{"self":[{"href":"https:\/\/e-adams.pl\/de\/wp-json\/wp\/v2\/product\/20418","targetHints":{"allow":["GET"]}}],"collection":[{"href":"https:\/\/e-adams.pl\/de\/wp-json\/wp\/v2\/product"}],"about":[{"href":"https:\/\/e-adams.pl\/de\/wp-json\/wp\/v2\/types\/product"}],"replies":[{"embeddable":true,"href":"https:\/\/e-adams.pl\/de\/wp-json\/wp\/v2\/comments?post=20418"}],"wp:featuredmedia":[{"embeddable":true,"href":"https:\/\/e-adams.pl\/de\/wp-json\/wp\/v2\/media\/20474"}],"wp:attachment":[{"href":"https:\/\/e-adams.pl\/de\/wp-json\/wp\/v2\/media?parent=20418"}],"wp:term":[{"taxonomy":"product_cat","embeddable":true,"href":"https:\/\/e-adams.pl\/de\/wp-json\/wp\/v2\/product_cat?post=20418"},{"taxonomy":"product_tag","embeddable":true,"href":"https:\/\/e-adams.pl\/de\/wp-json\/wp\/v2\/product_tag?post=20418"}],"curies":[{"name":"wp","href":"https:\/\/api.w.org\/{rel}","templated":true}]}}