{"id":20419,"date":"2023-08-17T09:13:57","date_gmt":"2023-08-17T07:13:57","guid":{"rendered":"https:\/\/e-adams.pl\/produkt\/wodny-klej-montazowy-50a-280-ml-soudal\/"},"modified":"2024-07-15T11:31:23","modified_gmt":"2024-07-15T09:31:23","slug":"wodny-klej-montazowy-soudal-50a-280ml","status":"publish","type":"product","link":"https:\/\/e-adams.pl\/de\/produkt\/wodny-klej-montazowy-soudal-50a-280ml\/","title":{"rendered":"Wodny klej monta\u017cowy SOUDAL 50A &#8211; 280ml"},"content":{"rendered":"<h1>Szybkoschn\u0105cy klej:<\/h1>\n<p>&nbsp;<\/p>\n<p>Klej monta\u017cowy na bazie wodnej dyspersji akrylowej. Bezwonny i bezpieczny dla delikatnych materia\u0142\u00f3w dekoracyjnych.<\/p>\n<p>Szybkoschn\u0105cy bia\u0142y klej mon-ta\u017cowy na bazie dyspersji akrylowej o doskona\u0142ej przyczepno\u015bci do wszelkich porowatych pod\u0142o\u017cy budowlanych(nie stosowa\u0107 do teflonu, PE,PP i pod\u0142o\u017cy bitumicznych).Nie zawiera rozpuszczalnik\u00f3w- bezwonny i bezpieczny dlawszelkich materia\u0142\u00f3w dekora-cyjnych. Nie sp\u0142ywa z powierzchni pionowych. Wype\u0142nia i niweluje niewielkie nier\u00f3wno\u015bci pod\u0142o\u017ca &#8211; maksymalna grubo\u015b\u0107warstwy kleju-3mm. Po utwardzeniu wodoodporny. Spoina daje si\u0119 malowa\u0107.<\/p>\n<div class=\"opis\">\n<h3>W\u0142a\u015bciwo\u015bci produktu:<\/h3>\n<ul>\n<li>Przyjazny dla \u015brodowiska, nie zawiera rozpuszczalnik\u00f3w.<\/li>\n<li>Nak\u0142adany na jedn\u0105 powierzchni\u0119.<\/li>\n<li>Odpowiedni do klejenia na nier\u00f3wnych pod\u0142o\u017cach.<\/li>\n<li>Doskona\u0142a przyczepno\u015b\u0107 do wszelkich porowatych pod\u0142o\u017cy budowlanych: betonu, tynku, ceg\u0142y, p\u0142yty gipsowo-kartonowej, drewna itp.<\/li>\n<li>Nie sp\u0142ywa z powierzchni pionowych<\/li>\n<li>Daje si\u0119 malowa\u0107.<\/li>\n<li>Odporny na wilgo\u0107.<\/li>\n<\/ul>\n<h3>Zastosowanie produktu:<\/h3>\n<ul>\n<li>Mocowanie rozet, profili i paneli dekoracyjnych z polistyrenu i innych materia\u0142\u00f3w spienionych<\/li>\n<li>Monta\u017c listew maskuj\u0105cych z drewna i materia\u0142\u00f3w drewnopochodnych<\/li>\n<li>Uwaga! przynajmniej jedna z powierzchni musi by\u0107 porowata.<\/li>\n<\/ul>\n<\/div>\n<h3>Dane techniczne:<\/h3>\n<p>Konsystencja: Pasta<br \/>\nSystem utwardzania: Wysychanie fizyczne i krystalizacja<br \/>\nCzas schni\u0119cia otwartego (*): Max. 15 minut (przy 20\u00b0C\/65 % RH)<br \/>\nCi\u0119\u017car w\u0142a\u015bciwy: 1,40 g\/cm3<br \/>\nOdporno\u015b\u0107 termiczna (po wyschni\u0119ciu): Od -20\u00b0C do +70\u00b0C<br \/>\nTemperatura aplikacji: Od +5\u00b0C do +35\u00b0C<\/p>\n<h3>Spos\u00f3b u\u017cycia:<\/h3>\n<p>Pod\u0142o\u017ce musi by\u0107 czyste, suche, wolne od t\u0142uszczu i innych zanieczyszcze\u0144 (kurz, stare szczeliwa, itp.), &#8211; nak\u0142ada\u0107 pistoletem r\u0119cznym lub pneu- matycznym, pozostawiaj\u0105c niewielki nadmiar kitu w spoinie, powierzchni\u0119 wyr\u00f3wna\u0107 szpachelk\u0105, &#8211; po na\u0142o\u017ceniu przez 5 godzin chroni\u0107 kit przed dzia\u0142aniem wody, &#8211; malowa\u0107 lub lakierowa\u0107 najwcze\u015bniej po 24 godzinach, &#8211; narz\u0119dzia czy\u015bci\u0107 wod\u0105 przed utwar- dzeniem kitu.<\/p>\n","protected":false},"excerpt":{"rendered":"<p>Wodny klej monta\u017cowy SOUDAL 50A &#8211; 280ml<\/p>\n","protected":false},"featured_media":20421,"comment_status":"open","ping_status":"closed","template":"","meta":{"_acf_changed":false,"inline_featured_image":false},"product_cat":[1475],"product_tag":[1495,1496],"class_list":{"0":"post-20419","1":"product","2":"type-product","3":"status-publish","4":"has-post-thumbnail","6":"product_cat-kleje-montazowe","7":"product_tag-soudal","8":"product_tag-wodny-klej-montazowy","10":"first","11":"instock","12":"shipping-taxable","13":"purchasable","14":"product-type-simple"},"acf":[],"_links":{"self":[{"href":"https:\/\/e-adams.pl\/de\/wp-json\/wp\/v2\/product\/20419","targetHints":{"allow":["GET"]}}],"collection":[{"href":"https:\/\/e-adams.pl\/de\/wp-json\/wp\/v2\/product"}],"about":[{"href":"https:\/\/e-adams.pl\/de\/wp-json\/wp\/v2\/types\/product"}],"replies":[{"embeddable":true,"href":"https:\/\/e-adams.pl\/de\/wp-json\/wp\/v2\/comments?post=20419"}],"wp:featuredmedia":[{"embeddable":true,"href":"https:\/\/e-adams.pl\/de\/wp-json\/wp\/v2\/media\/20421"}],"wp:attachment":[{"href":"https:\/\/e-adams.pl\/de\/wp-json\/wp\/v2\/media?parent=20419"}],"wp:term":[{"taxonomy":"product_cat","embeddable":true,"href":"https:\/\/e-adams.pl\/de\/wp-json\/wp\/v2\/product_cat?post=20419"},{"taxonomy":"product_tag","embeddable":true,"href":"https:\/\/e-adams.pl\/de\/wp-json\/wp\/v2\/product_tag?post=20419"}],"curies":[{"name":"wp","href":"https:\/\/api.w.org\/{rel}","templated":true}]}}