{"id":20453,"date":"2023-08-18T11:10:44","date_gmt":"2023-08-18T09:10:44","guid":{"rendered":"https:\/\/e-adams.pl\/produkt\/kit-do-parkietu-brzoza-280-ml-soudal\/"},"modified":"2024-07-15T11:31:30","modified_gmt":"2024-07-15T09:31:30","slug":"kit-do-parkietu-soudal-brzoza-280ml","status":"publish","type":"product","link":"https:\/\/e-adams.pl\/de\/produkt\/kit-do-parkietu-soudal-brzoza-280ml\/","title":{"rendered":"Kit do parkietu SOUDAL BRZOZA &#8211; 280ml"},"content":{"rendered":"<h1>Akrylowy uszczelniacz do parkietu:<\/h1>\n<p>Kit do parkietu jest produktem, kt\u00f3ry s\u0142u\u017cy do renowacji szczelin i szpar w pod\u0142ogach sk\u0142adaj\u0105cych si\u0119 z drewnianych element\u00f3w. Produkt mo\u017cna stosowa\u0107 na pod\u0142ogach ulokowanych wewn\u0105trz budynk\u00f3w jak i na zewn\u0105trz. Kit do parkietu SOUDAL BRZOZA jest to uszczelniacz na bazie dyspersji akrylowych dost\u0119pny w kolorach dopasowanych do najpopularniejszych gatunk\u00f3w drewna i parkietu.<\/p>\n<div class=\"opis\">\n<p>Uszczelniacz na bazie dyspersji akrylowych &#8211; w\u00a0kolorach dopasowanych do najpopularniejszych gatunk\u00f3w parkietu<\/p>\n<h3>W\u0142a\u015bciwo\u015bci produktu:<\/h3>\n<ul>\n<li>Po utwardzeniu daje si\u0119 malowa\u0107 i\u00a0lakierowa\u0107<\/li>\n<li>Nie zawiera rozpuszczalnik\u00f3w<\/li>\n<li>Nie przebarwia drewna ani brzeg\u00f3w paneli laminowanych<\/li>\n<li>Po utwardzeniu niewra\u017cliwy na przypadkowe zalanie wod\u0105<\/li>\n<li>Nie p\u0119ka i\u00a0nie kruszy si\u0119<\/li>\n<\/ul>\n<h3>Zastosowanie produktu:<\/h3>\n<ul>\n<li>Wype\u0142nianie szczelin i\u00a0szpar w\u00a0pod\u0142ogach drewnianych i\u00a0laminowanych<\/li>\n<li>Spoinowanie listew przypod\u0142ogowych i\u00a0o\u015bcie\u017cnicowyc<\/li>\n<li>Maskowanie szczelin po\u0142\u0105czeniowych w\u00a0boazeriach, \u015bciankach dzia\u0142owych, przepierzeniach itp.<\/li>\n<\/ul>\n<\/div>\n<h3>Dane techniczne:<\/h3>\n<p>Podstawa: Dyspersja akrylowa<br \/>\nKonsystencja: Pasta<br \/>\nSystem utwardzania: Wysychanie fizyczne<br \/>\nCzas tworzenia nask\u00f3rka: Ok. 20 minut (przy 20 \u00b0C\/65 % RH)<br \/>\nCi\u0119\u017car w\u0142a\u015bciwy: Ok. 1,5 g\/cm3 (w zale\u017cno\u015bci od koloru)<br \/>\nTemperatura aplikacji: Od +5\u00b0C do + 30\u00b0C<br \/>\nOdporno\u015b\u0107 termiczna: Od &#8211; 20\u00b0C do + 80\u00b0C<br \/>\nDopuszczalne odkszta\u0142cenie: Ok. 15% (DIN 52451)<\/p>\n<h3>Spos\u00f3b u\u017cycia:<\/h3>\n<p>Pod\u0142o\u017ce musi by\u0107 czyste, suche, wolne od t\u0142uszczu i innych zanieczyszcze\u0144 (kurz, stare szczeliwa, itp.), &#8211; nak\u0142ada\u0107 pistoletem r\u0119cznym lub pneu- matycznym, pozostawiaj\u0105c niewielki nadmiar kitu w spoinie, powierzchni\u0119 wyr\u00f3wna\u0107 szpachelk\u0105, &#8211; po na\u0142o\u017ceniu przez 5 godzin chroni\u0107 kit przed dzia\u0142aniem wody, &#8211; malowa\u0107 lub lakierowa\u0107 najwcze\u015bniej po 24 godzinach, &#8211; narz\u0119dzia czy\u015bci\u0107 wod\u0105 przed utwar- dzeniem kitu.<\/p>\n<h3>Opakowanie i kolory:<\/h3>\n<p>Kartusz 280 ml: brzoza, buk, d\u0105b, sosna, klon\/jesion, wi\u015bnia\/olcha, maho\u0144, wenge.<\/p>\n","protected":false},"excerpt":{"rendered":"<p>\u015arodek do renowacji szczelin oraz szpar pod\u0142ogowych na bazie drewna.<\/p>\n","protected":false},"featured_media":20486,"comment_status":"open","ping_status":"closed","template":"","meta":{"_acf_changed":false,"inline_featured_image":false},"product_cat":[286],"product_tag":[1093,1495,1504],"class_list":{"0":"post-20453","1":"product","2":"type-product","3":"status-publish","4":"has-post-thumbnail","6":"product_cat-piany-i-pianokleje","7":"product_tag-kit","8":"product_tag-soudal","9":"product_tag-srodek-naprawczy-drewno","11":"first","12":"instock","13":"shipping-taxable","14":"purchasable","15":"product-type-simple"},"acf":[],"_links":{"self":[{"href":"https:\/\/e-adams.pl\/de\/wp-json\/wp\/v2\/product\/20453","targetHints":{"allow":["GET"]}}],"collection":[{"href":"https:\/\/e-adams.pl\/de\/wp-json\/wp\/v2\/product"}],"about":[{"href":"https:\/\/e-adams.pl\/de\/wp-json\/wp\/v2\/types\/product"}],"replies":[{"embeddable":true,"href":"https:\/\/e-adams.pl\/de\/wp-json\/wp\/v2\/comments?post=20453"}],"wp:featuredmedia":[{"embeddable":true,"href":"https:\/\/e-adams.pl\/de\/wp-json\/wp\/v2\/media\/20486"}],"wp:attachment":[{"href":"https:\/\/e-adams.pl\/de\/wp-json\/wp\/v2\/media?parent=20453"}],"wp:term":[{"taxonomy":"product_cat","embeddable":true,"href":"https:\/\/e-adams.pl\/de\/wp-json\/wp\/v2\/product_cat?post=20453"},{"taxonomy":"product_tag","embeddable":true,"href":"https:\/\/e-adams.pl\/de\/wp-json\/wp\/v2\/product_tag?post=20453"}],"curies":[{"name":"wp","href":"https:\/\/api.w.org\/{rel}","templated":true}]}}