{"id":20516,"date":"2023-08-22T08:19:56","date_gmt":"2023-08-22T06:19:56","guid":{"rendered":"https:\/\/e-adams.pl\/produkt\/akryl-w-szary-300ml-silikon\/"},"modified":"2024-07-15T11:31:09","modified_gmt":"2024-07-15T09:31:09","slug":"akryl-szary-den-braven-w-280ml","status":"publish","type":"product","link":"https:\/\/e-adams.pl\/de\/produkt\/akryl-szary-den-braven-w-280ml\/","title":{"rendered":"Akryl szary DEN BRAVEN W &#8211; 280ml"},"content":{"rendered":"<h1>Szary akrylowy uszczelniacz :<\/h1>\n<p>Den Braven Akryl W to wysokiej jako\u015bci plastyczno-elastyczny kit uszczelniaj\u0105cy, stworzony na bazie wodnej dyspersji akrylowej. Produkt jest niezwykle dobrze przyczepny do wi\u0119kszo\u015bci pod\u0142o\u017cy budowlanych. Dzi\u0119ki zastosowanej technologii, po odparowaniu wody, tworzy mocne i wysoko plastyczne wi\u0105zanie. To wszystko sprawia, \u017ce praca Akrylem jest niezwykle wydajna. Mo\u017cna go stosowa\u0107 zar\u00f3wno wewn\u0105trz, jak i na zewn\u0105trz pomieszcze\u0144. Po utwardzeniu \u2013 powierzchni\u0119 mo\u017cna pokrywa\u0107 farbami alkidowymi lub akrylowymi.<\/p>\n<div class=\"opis\">\n<p>Uszczelniacz na bazie dyspersji akrylowych &#8211; w\u00a0kolorach dopasowanych do najpopularniejszych gatunk\u00f3w parkietu<\/p>\n<h3>W\u0142a\u015bciwo\u015bci produktu:<\/h3>\n<ul>\n<li>Tworzy mocne i wysoce plastyczno-elastyczne wi\u0105zanie<\/li>\n<li>Do zastosowa\u0144 wewn\u0119trznych i zewn\u0119trznych (z wy\u0142\u0105czeniem miejsc nara\u017conych na ci\u0105g\u0142e oddzia\u0142ywanie wilgoci bez mo\u017cliwo\u015bci poprawnego wysychania)<\/li>\n<li>Po ca\u0142kowitym wyschni\u0119ciu malowalny za pomoc\u0105 farb wodnych i syntetycznych<\/li>\n<li>Odporny na sp\u0119kania i rysy skurczowe<\/li>\n<li>Doskona\u0142a przyczepno\u015b\u0107, tak\u017ce do wilgotnych pod\u0142o\u017cy<\/li>\n<li>Bez rozpuszczalnik\u00f3w (znikoma wo\u0144)<\/li>\n<li>Doskona\u0142a przyczepno\u015b\u0107, tak\u017ce do wilgotnych pod\u0142o\u017cy<\/li>\n<li>Bez rozpuszczalnik\u00f3w (znikoma wo\u0144)<\/li>\n<li>Przyjazny dla zdrowia (klasa EMICODE EC1 Plus \u2013 bezpieczny dla alergik\u00f3w czy os\u00f3b uczulonych na chemi\u0119 budowlan\u0105)<\/li>\n<li>Wyj\u0105tkowo \u0142atwy w profilowaniu (bardzo dobre w\u0142asno\u015bci robocze)<\/li>\n<li>Neutralny chemicznie (nie powoduje korozji metali)<\/li>\n<\/ul>\n<h3>Zastosowanie produktu:<\/h3>\n<p>Wype\u0142nianie p\u0119kni\u0119\u0107, rys, szczelin, po\u0142\u0105cze\u0144 w \u015bcianach i sufitach (beton, tynki, gipsy, g\u0142adzie, szpachle, drewno). Uszczelnianie naro\u017cy i po\u0142\u0105cze\u0144 w zabudowie z p\u0142yt g-k, listew wyko\u0144czeniowych, sufit\u00f3w podwieszanych, parapet\u00f3w, szaf wn\u0119kowych, konstrukcji schod\u00f3w, ram okien i drzwi, coko\u0142\u00f3w, gzyms\u00f3w, kaseton\u00f3w, rozet.<\/p>\n<\/div>\n<h3>Dane techniczne:<\/h3>\n<p>100% Modu\u0142: DIN 53504 S2 0,40 N\/mm\u00b2<br \/>\nBaza: Acrylic dispersion<br \/>\nDopuszczalne odkszta\u0142cenia: z\u0142\u0105cza 12,5%<br \/>\nG\u0119sto\u015b\u0107: ISO 1183-1 1,71 g\/ml<br \/>\nOdporno\u015b\u0107 na mr\u00f3z w transporcie: Up to -15\u00b0C<br \/>\nOdporno\u015b\u0107 termiczna -20\u00b0C to +75\u00b0C<br \/>\nShore-A twardo\u015b\u0107: DIN 53505\/ISO 868 30<br \/>\nTemperatura aplikacji: +5\u00b0C to +40\u00b0C<br \/>\nTempo wyciskania: @ \u00d83 mm\/4 bar 800 g\/min<br \/>\nTworzenie si\u0119 nask\u00f3rka: DBTM 16 7 minutes @ +23\u00b0C\/50% RH<br \/>\nWyd\u0142u\u017cenie przy zerwaniu: 240%<br \/>\nWytrzyma\u0142o\u015b\u0107 na rozci\u0105ganie: DIN 53504 0,40 N\/mm\u00b2<br \/>\n\u015aciekanie: ISO 7390 &lt; 2mm<\/p>\n<h3>Spos\u00f3b u\u017cycia:<\/h3>\n<p>G\u0142\u0119boko\u015b\u0107 spoiny powinna by\u0107 zawsze w odpowiedniej proporcji do jej szeroko\u015bci. Generalnie stosunek ten (przy szeroko\u015bci szczeliny do 10 mm) powinien by\u0107 1:1, przy czym szeroko\u015b\u0107 i g\u0142\u0119boko\u015b\u0107 szczeliny powinna wynosi\u0107 co najmniej 5 mm. Dla szczelin o szeroko\u015bci wi\u0119kszej ni\u017c 10 mm, stosunek ten oblicza si\u0119 ze wzoru &#8222;g\u0142\u0119boko\u015b\u0107 [mm] = (szeroko\u015b\u0107 [mm] \/ 3) + 6. W celu u\u017cycia zdj\u0105\u0107 aplikator, obci\u0105\u0107 ko\u0144c\u00f3wk\u0119 kartusza powy\u017cej gwintu, nakr\u0119ci\u0107 aplikator na kartusz i obci\u0105\u0107 jego ko\u0144c\u00f3wk\u0119 pod k\u0105tem na szeroko\u015b\u0107 spoiny. W celu unikni\u0119cia zabrudze\u0144 okolic wype\u0142nianej szczeliny, zabezpieczy\u0107 j\u0105 po bokach za pomoc\u0105 malarskiej ta\u015bmy maskuj\u0105cej. Ta\u015bm\u0119 usun\u0105\u0107 natychmiast po zako\u0144czeniu obr\u00f3bki fugi. Fugi wyg\u0142adzi\u0107 szpachelk\u0105, szpatu\u0142k\u0105 lub palcem, maczaj\u0105c w wodzie z niewielk\u0105 domieszk\u0105 myd\u0142a, w ci\u0105gu 7 minut od na\u0142o\u017cenia akrylu. Fuga powinna mie\u0107 kszta\u0142t pozwalaj\u0105cy na swobodne \u015bciekanie wody. Fugi zewn\u0119trzne starannie zabezpieczy\u0107 przed dzia\u0142aniem wilgoci w ci\u0105gu 5 godzin od na\u0142o\u017cenia akrylu. Po ca\u0142kowitym utwardzeniu zabezpieczy\u0107 akryl przed ci\u0105g\u0142ym oddzia\u0142ywaniem wody.<\/p>\n<h3>Okres trwa\u0142o\u015bci:<\/h3>\n<p>Przechowywa\u0107 w oryginalnym opakowaniu, w suchym i ch\u0142odnym miejscu w temperaturze +5\u00b0C do +25\u00b0C. Okres trwa\u0142o\u015bci: 18 miesi\u0119cy od daty produkcji.<\/p>\n","protected":false},"excerpt":{"rendered":"<p>Preparat do wype\u0142niania p\u0119kni\u0119\u0107, rys, szczelin, ubytk\u00f3w w \u015bcianach i sufitach.<\/p>\n","protected":false},"featured_media":20552,"comment_status":"open","ping_status":"closed","template":"","meta":{"_acf_changed":false,"inline_featured_image":false},"product_cat":[1541],"product_tag":[1521,955,1522],"class_list":{"0":"post-20516","1":"product","2":"type-product","3":"status-publish","4":"has-post-thumbnail","6":"product_cat-akryle-i-spoiny","7":"product_tag-aryl","8":"product_tag-den-braven","9":"product_tag-uszczelniacz-akrylowy","11":"first","12":"instock","13":"shipping-taxable","14":"purchasable","15":"product-type-simple"},"acf":[],"_links":{"self":[{"href":"https:\/\/e-adams.pl\/de\/wp-json\/wp\/v2\/product\/20516","targetHints":{"allow":["GET"]}}],"collection":[{"href":"https:\/\/e-adams.pl\/de\/wp-json\/wp\/v2\/product"}],"about":[{"href":"https:\/\/e-adams.pl\/de\/wp-json\/wp\/v2\/types\/product"}],"replies":[{"embeddable":true,"href":"https:\/\/e-adams.pl\/de\/wp-json\/wp\/v2\/comments?post=20516"}],"wp:featuredmedia":[{"embeddable":true,"href":"https:\/\/e-adams.pl\/de\/wp-json\/wp\/v2\/media\/20552"}],"wp:attachment":[{"href":"https:\/\/e-adams.pl\/de\/wp-json\/wp\/v2\/media?parent=20516"}],"wp:term":[{"taxonomy":"product_cat","embeddable":true,"href":"https:\/\/e-adams.pl\/de\/wp-json\/wp\/v2\/product_cat?post=20516"},{"taxonomy":"product_tag","embeddable":true,"href":"https:\/\/e-adams.pl\/de\/wp-json\/wp\/v2\/product_tag?post=20516"}],"curies":[{"name":"wp","href":"https:\/\/api.w.org\/{rel}","templated":true}]}}