{"id":20520,"date":"2023-08-22T08:19:59","date_gmt":"2023-08-22T06:19:59","guid":{"rendered":"https:\/\/e-adams.pl\/produkt\/silikon-kit-orzech-280ml\/"},"modified":"2024-02-15T11:48:53","modified_gmt":"2024-02-15T10:48:53","slug":"kit-do-parkietu-den-braven-orzech-280ml","status":"publish","type":"product","link":"https:\/\/e-adams.pl\/de\/produkt\/kit-do-parkietu-den-braven-orzech-280ml\/","title":{"rendered":"Kit do parkietu DEN BRAVEN ORZECH &#8211; 280ML"},"content":{"rendered":"<h1>Akrylowy uszczelniacz do drewna:<\/h1>\n<p>DEN BRAVEN ORZECH do pod\u0142\u00f3g Drewnianych to wysoce plastyczno-elastyczny kit uszczelniaj\u0105cy na bazie wodnej dyspersji akrylowej, do wype\u0142niania szczelin w parkietach i pod\u0142ogach drewnianych podobnego typu<\/p>\n<div class=\"opis\">\n<h3>W\u0142a\u015bciwo\u015bci produktu:<\/h3>\n<ul>\n<li>Bardzo dobrze przyczepny do drewna, paneli laminowanych, PCW, korka itp.<\/li>\n<li>Nie odbarwia i nie uszkadza drewna<\/li>\n<li>Tworzy mocne, trwa\u0142e i wysoce plastyczno-elastyczne wi\u0105zanie<\/li>\n<li>Wysoka odporno\u015b\u0107 na uszkodzenia mechaniczne<\/li>\n<li>Pracuje razem z drewnem (nigdy nie twardnieje)<\/li>\n<li>Po ca\u0142kowitym wyschni\u0119ciu malowalny za pomoc\u0105 farb i lakier\u00f3w (w tym dwusk\u0142adnikowych)<\/li>\n<li>Odporny na sp\u0119kania i rysy skurczowe<\/li>\n<li>Przyczepny do pod\u0142o\u017cy g\u0142adkich i porowatych<\/li>\n<li>Bez rozpuszczalnik\u00f3w (znikoma wo\u0144)<\/li>\n<li>Wyj\u0105tkowo \u0142atwy w profilowaniu (bardzo dobre w\u0142asno\u015bci robocze)<\/li>\n<li>Szeroka gama kolorystyczna<\/li>\n<li>Neutralny chemicznie (nie powoduje korozji metali)<\/li>\n<li>Chroni przed wnikaniem brudu, kurzu, py\u0142u<\/li>\n<\/ul>\n<h3>Zastosowanie produktu:<\/h3>\n<p>Wype\u0142nianie szczelin, szpar mi\u0119dzy pod\u0142og\u0105, \u015bcian\u0105 a listw\u0105 przypod\u0142ogow\u0105, ram\u0105 drzwi, listw\u0105 progow\u0105, instalacj\u0105 c.o. (parkiety, mozaika, deski pod\u0142ogowe, panele laminowane). Uszczelnianie po\u0142\u0105cze\u0144 w boazeriach, blatach, opaskach drzwiowych.<\/p>\n<\/div>\n<h3>Dane techniczne:<\/h3>\n<p>100% Modu\u0142: DIN 53504 S2 0,40 N\/mm\u00b2<br \/>\nBaza: Acrylic dispersion<br \/>\nCzas utwardzania: @ +23\u00b0C\/50% RH 1mm\/24 hours<br \/>\nG\u0119sto\u015b\u0107: ISO 1183-1 1,71 g\/ml<br \/>\nOdporno\u015b\u0107 na mr\u00f3z w transporcie: Up to -15\u00b0C<br \/>\nOdporno\u015b\u0107 termiczna: -20\u00b0C to +75\u00b0C<br \/>\nShore-A twardo\u015b\u0107: DIN 53505 \/ ISO 868 30<br \/>\nTemperatura aplikacji: +5\u00b0C to +40\u00b0C<br \/>\nTempo wyciskania: @ \u00d83 mm\/4 bar 450 g\/min<br \/>\nTworzenie si\u0119 nask\u00f3rka: DBTM 16 10 min @ +23\u00b0C\/50% RH<br \/>\nWyd\u0142u\u017cenie przy zerwaniu: DIN 53505\/ ISO 868 240%<br \/>\nWytrzyma\u0142o\u015b\u0107 na rozci\u0105ganie: DIN 53504 0,40 N\/mm\u00b2<br \/>\n\u015aciekanie: ISO 7390 &lt; 2mm<\/p>\n<h3>Spos\u00f3b u\u017cycia:<\/h3>\n<p>G\u0142\u0119boko\u015b\u0107 spoiny powinna by\u0107 zawsze w odpowiedniej proporcji do jej szeroko\u015bci. Generalnie stosunek ten (przy szeroko\u015bci szczeliny do 10 mm) powinien by\u0107 1:1, przy czym szeroko\u015b\u0107 i g\u0142\u0119boko\u015b\u0107 szczeliny powinna wynosi\u0107 co najmniej 5 mm. Dla szczelin o szeroko\u015bci wi\u0119kszej ni\u017c 10 mm, stosunek ten oblicza si\u0119 ze wzoru &#8222;g\u0142\u0119boko\u015b\u0107 [mm] = (szeroko\u015b\u0107 [mm] \/ 3) + 6. W celu u\u017cycia zdj\u0105\u0107 aplikator, obci\u0105\u0107 ko\u0144c\u00f3wk\u0119 kartusza powy\u017cej gwintu, nakr\u0119ci\u0107 aplikator na kartusz i obci\u0105\u0107 jego ko\u0144c\u00f3wk\u0119 pod k\u0105tem na szeroko\u015b\u0107 spoiny. W celu unikni\u0119cia zabrudze\u0144 okolic wype\u0142nianej szczeliny, zabezpieczy\u0107 j\u0105 po bokach za pomoc\u0105 malarskiej ta\u015bmy maskuj\u0105cej. Ta\u015bm\u0119 usun\u0105\u0107 natychmiast po zako\u0144czeniu obr\u00f3bki fugi. Fugi wyg\u0142adzi\u0107 szpachelk\u0105, szpatu\u0142k\u0105 lub palcem, maczaj\u0105c w wodzie z niewielk\u0105 domieszk\u0105 myd\u0142a, w ci\u0105gu 10 minut od na\u0142o\u017cenia kitu.<\/p>\n<h3>Okres trwa\u0142o\u015bci:<\/h3>\n<p>Przechowywa\u0107 w oryginalnym opakowaniu, w suchym i ch\u0142odnym miejscu w temperaturze +5\u00b0C do +25\u00b0C. Okres trwa\u0142o\u015bci: 18 miesi\u0119cy od daty produkcji.<\/p>\n","protected":false},"excerpt":{"rendered":"<p>Den Braven Kit Do Pod\u0142\u00f3g Drewnianych to wysoce plastyczno-elastyczny kit uszczelniaj\u0105cy na bazie wodnej dyspersji akrylowej, do wype\u0142niania szczelin w parkietach i pod\u0142ogach drewnianych podobnego typu<\/p>\n","protected":false},"featured_media":20559,"comment_status":"open","ping_status":"closed","template":"","meta":{"_acf_changed":false,"inline_featured_image":false},"product_cat":[1541],"product_tag":[955,1524,1525],"class_list":{"0":"post-20520","1":"product","2":"type-product","3":"status-publish","4":"has-post-thumbnail","6":"product_cat-akryle-i-spoiny","7":"product_tag-den-braven","8":"product_tag-kit-do-parkietu","9":"product_tag-uszczelniacz-do-drewna","11":"first","12":"instock","13":"shipping-taxable","14":"purchasable","15":"product-type-simple"},"acf":[],"_links":{"self":[{"href":"https:\/\/e-adams.pl\/de\/wp-json\/wp\/v2\/product\/20520","targetHints":{"allow":["GET"]}}],"collection":[{"href":"https:\/\/e-adams.pl\/de\/wp-json\/wp\/v2\/product"}],"about":[{"href":"https:\/\/e-adams.pl\/de\/wp-json\/wp\/v2\/types\/product"}],"replies":[{"embeddable":true,"href":"https:\/\/e-adams.pl\/de\/wp-json\/wp\/v2\/comments?post=20520"}],"wp:featuredmedia":[{"embeddable":true,"href":"https:\/\/e-adams.pl\/de\/wp-json\/wp\/v2\/media\/20559"}],"wp:attachment":[{"href":"https:\/\/e-adams.pl\/de\/wp-json\/wp\/v2\/media?parent=20520"}],"wp:term":[{"taxonomy":"product_cat","embeddable":true,"href":"https:\/\/e-adams.pl\/de\/wp-json\/wp\/v2\/product_cat?post=20520"},{"taxonomy":"product_tag","embeddable":true,"href":"https:\/\/e-adams.pl\/de\/wp-json\/wp\/v2\/product_tag?post=20520"}],"curies":[{"name":"wp","href":"https:\/\/api.w.org\/{rel}","templated":true}]}}