{"id":20523,"date":"2023-08-22T08:20:01","date_gmt":"2023-08-22T06:20:01","guid":{"rendered":"https:\/\/e-adams.pl\/produkt\/akryl-extra-zewnetrzny-bialy-280ml\/"},"modified":"2024-07-15T11:31:11","modified_gmt":"2024-07-15T09:31:11","slug":"akryl-bialy-den-braven-extra-zewnetrzny-280ml","status":"publish","type":"product","link":"https:\/\/e-adams.pl\/de\/produkt\/akryl-bialy-den-braven-extra-zewnetrzny-280ml\/","title":{"rendered":"Akryl bia\u0142y DEN BRAVEN EXTRA ZEWN\u0118TRZNY &#8211; 280ml"},"content":{"rendered":"<p>[wpclv]<\/p>\n<h1>Bia\u0142y akrylowy uszczelniacz :<\/h1>\n<p>Den Braven Akryl Extra Zewn\u0119trzny to wysoce plastyczno-elastyczny kit uszczelniaj\u0105cy na bazie wodnej dyspersji akrylowej, do wype\u0142niania zewn\u0119trznych i wewn\u0119trznych rys, szczelin i p\u0119kni\u0119\u0107, o wyj\u0105tkowej odporno\u015bci na dzia\u0142anie warunk\u00f3w opad\u00f3w atmosferycznych<\/p>\n<div class=\"opis\">\n<p>Uszczelniacz na bazie dyspersji akrylowych &#8211; w\u00a0kolorach dopasowanych do najpopularniejszych gatunk\u00f3w parkietu<\/p>\n<h3>W\u0142a\u015bciwo\u015bci produktu:<\/h3>\n<ul>\n<li>Odporny na opady atmosferyczne i wilgo\u0107 (ju\u017c po kilku godzinach od na\u0142o\u017cenia)<\/li>\n<li>Tworzy mocne, trwa\u0142e i wysoce plastyczno-elastyczne wi\u0105zanie<\/li>\n<li>Do zastosowa\u0144 zewn\u0119trznych i wewn\u0119trznych<\/li>\n<li>Po ca\u0142kowitym wyschni\u0119ciu malowalny za pomoc\u0105 farb wodnych i syntetycznych, wewn\u0119trznych i fasadowych Bardzo dobrze przyczepny do betonu, tynk\u00f3w, drewna i ceramiki budowlanej<\/li>\n<li>Odporny na sp\u0119kania i rysy skurczowe<\/li>\n<li>Doskona\u0142a przyczepno\u015b\u0107, tak\u017ce do wilgotnych pod\u0142o\u017cy<\/li>\n<li>Bez rozpuszczalnik\u00f3w (znikoma wo\u0144)<\/li>\n<li>Bez rozpuszczalnik\u00f3w (znikoma wo\u0144)<\/li>\n<li>Przyjazny dla zdrowia (klasa EMICODE EC1 Plus \u2013 bezpieczny dla alergik\u00f3w czy os\u00f3b uczulonych na chemi\u0119 budowlan\u0105)<\/li>\n<\/ul>\n<h3>Zastosowanie produktu:<\/h3>\n<p>Wype\u0142nianie zewn\u0119trznych i wewn\u0119trznych p\u0119kni\u0119\u0107, rys, szczelin, naro\u017cnik\u00f3w. Uszczelnienia fasadowe przy ramach okiennych, parapetach, roletach zewn\u0119trznych, gzymsach i dekoracjach podobnego typu. Wype\u0142nianie szczelin wok\u00f3\u0142 sufit\u00f3w podwieszanych, po\u0142\u0105cze\u0144 p\u0142yt g-k, po\u0142\u0105cze\u0144 konstrukcji schod\u00f3w ze \u015bcian\u0105 i z\u0142\u0105czy podobnego typu, szczeg\u00f3lnie podatnych na odkszta\u0142cenia. Uszczelnianie styk\u00f3w styropianu ze stolark\u0105 i obr\u00f3bkami blacharskimi w systemach docieple\u0144.<\/p>\n<\/div>\n<h3>Dane techniczne:<\/h3>\n<p>100% Modu\u0142: DIN 53504 S2 0,10 N\/mm\u00b2<br \/>\nBaza: Acrylic dispersion<br \/>\nCzas utwardzania: @ +23\u00b0C\/50% RH 2 mm\/24 hours<br \/>\nDopuszczalne odkszta\u0142cenia z\u0142\u0105cza: 12,5%<br \/>\nG\u0119sto\u015b\u0107: 1,57 g\/ml<br \/>\nOdporno\u015b\u0107 na mr\u00f3z w transporcie: Up to -15\u00b0C<br \/>\nOdporno\u015b\u0107 termiczna: -20\u00b0C to +75\u00b0C<br \/>\nShore-A twardo\u015b\u0107: DIN 53505 10<br \/>\nTemperatura aplikacji: +5\u00b0C to +40\u00b0C<br \/>\nTempo wyciskania: @ \u00d83 mm\/4 bar 500 g\/min<br \/>\nTworzenie si\u0119 nask\u00f3rka: DBTM 16 10 minutes @ +23\u00b0C\/50% RH<br \/>\nWyd\u0142u\u017cenie przy zerwaniu: DIN 53505\/ ISO 868 500%<br \/>\nWytrzyma\u0142o\u015b\u0107 na rozci\u0105ganie: DIN 53504 0,10 N\/mm\u00b2<br \/>\n\u015aciekanie: ISO 7390 &lt; 2 mm<\/p>\n<h3>Spos\u00f3b u\u017cycia:<\/h3>\n<p>G\u0142\u0119boko\u015b\u0107 spoiny powinna by\u0107 zawsze w odpowiedniej proporcji do jej szeroko\u015bci. Generalnie stosunek ten (przy szeroko\u015bci szczeliny do 10 mm) powinien by\u0107 1:1, przy czym szeroko\u015b\u0107 i g\u0142\u0119boko\u015b\u0107 szczeliny powinna wynosi\u0107 co najmniej 5 mm. Dla szczelin o szeroko\u015bci wi\u0119kszej ni\u017c 10 mm, stosunek ten oblicza si\u0119 ze wzoru &#8222;g\u0142\u0119boko\u015b\u0107 [mm] = (szeroko\u015b\u0107 [mm] \/ 3) + 6. W celu u\u017cycia zdj\u0105\u0107 aplikator, obci\u0105\u0107 ko\u0144c\u00f3wk\u0119 kartusza powy\u017cej gwintu, nakr\u0119ci\u0107 aplikator na kartusz i obci\u0105\u0107 jego ko\u0144c\u00f3wk\u0119 pod k\u0105tem na szeroko\u015b\u0107 spoiny. W celu unikni\u0119cia zabrudze\u0144 okolic wype\u0142nianej szczeliny, zabezpieczy\u0107 j\u0105 po bokach za pomoc\u0105 malarskiej ta\u015bmy maskuj\u0105cej. Ta\u015bm\u0119 usun\u0105\u0107 natychmiast po zako\u0144czeniu obr\u00f3bki fugi. Fugi wyg\u0142adzi\u0107 szpachelk\u0105, szpatu\u0142k\u0105 lub palcem, maczaj\u0105c w wodzie z niewielk\u0105 domieszk\u0105 myd\u0142a, w ci\u0105gu 10 minut od na\u0142o\u017cenia akrylu. Fuga powinna mie\u0107 kszta\u0142t pozwalaj\u0105cy na swobodne \u015bciekanie wody. Fugi zewn\u0119trzne chroni\u0107 przed silnymi opadami w ci\u0105gu 5 godzin od na\u0142o\u017ceniu akrylu (ryzyko uszkodzenia mechanicznego fugi).<\/p>\n<h3>Okres trwa\u0142o\u015bci:<\/h3>\n<p>Przechowywa\u0107 w oryginalnym opakowaniu, w suchym i ch\u0142odnym miejscu w temperaturze +5\u00b0C do +25\u00b0C. Okres trwa\u0142o\u015bci: 18 miesi\u0119cy od daty produkcji.<\/p>\n","protected":false},"excerpt":{"rendered":"<p>Wysoce odporny na dzia\u0142anie warunk\u00f3w atmosferycznych akrylowy uszczelniacz do wype\u0142niania niedoskona\u0142o\u015bci.<\/p>\n","protected":false},"featured_media":20564,"comment_status":"open","ping_status":"closed","template":"","meta":{"_acf_changed":false,"inline_featured_image":false},"product_cat":[1541],"product_tag":[1531,955,1097],"class_list":{"0":"post-20523","1":"product","2":"type-product","3":"status-publish","4":"has-post-thumbnail","6":"product_cat-akryle-i-spoiny","7":"product_tag-akryl-bialy","8":"product_tag-den-braven","9":"product_tag-uszczelniacz","11":"first","12":"instock","13":"shipping-taxable","14":"purchasable","15":"product-type-simple"},"acf":[],"_links":{"self":[{"href":"https:\/\/e-adams.pl\/de\/wp-json\/wp\/v2\/product\/20523","targetHints":{"allow":["GET"]}}],"collection":[{"href":"https:\/\/e-adams.pl\/de\/wp-json\/wp\/v2\/product"}],"about":[{"href":"https:\/\/e-adams.pl\/de\/wp-json\/wp\/v2\/types\/product"}],"replies":[{"embeddable":true,"href":"https:\/\/e-adams.pl\/de\/wp-json\/wp\/v2\/comments?post=20523"}],"wp:featuredmedia":[{"embeddable":true,"href":"https:\/\/e-adams.pl\/de\/wp-json\/wp\/v2\/media\/20564"}],"wp:attachment":[{"href":"https:\/\/e-adams.pl\/de\/wp-json\/wp\/v2\/media?parent=20523"}],"wp:term":[{"taxonomy":"product_cat","embeddable":true,"href":"https:\/\/e-adams.pl\/de\/wp-json\/wp\/v2\/product_cat?post=20523"},{"taxonomy":"product_tag","embeddable":true,"href":"https:\/\/e-adams.pl\/de\/wp-json\/wp\/v2\/product_tag?post=20523"}],"curies":[{"name":"wp","href":"https:\/\/api.w.org\/{rel}","templated":true}]}}