{"id":20524,"date":"2023-08-22T08:20:02","date_gmt":"2023-08-22T06:20:02","guid":{"rendered":"https:\/\/e-adams.pl\/produkt\/silikon-szklarski-brazowy-280ml\/"},"modified":"2024-07-15T11:31:12","modified_gmt":"2024-07-15T09:31:12","slug":"silikon-szklarski-den-braven-brazowy-280ml","status":"publish","type":"product","link":"https:\/\/e-adams.pl\/de\/produkt\/silikon-szklarski-den-braven-brazowy-280ml\/","title":{"rendered":"Silikon szklarski DEN BRAVEN BR\u0104ZOWY &#8211; 280ml"},"content":{"rendered":"<p>[wpclv]<\/p>\n<h1>Silikon uniwersalny do wyrob\u00f3w ze szk\u0142a :<\/h1>\n<p>Den Braven Silikon Szklarski to jednosk\u0142adnikowy, trwale elastyczny silikonowy kit uszczelniaj\u0105cy z octowym systemem utwardzania, przeznaczony do uszczelnie\u0144 szklarskich<\/p>\n<div class=\"opis\">\n<h3>W\u0142a\u015bciwo\u015bci produktu:<\/h3>\n<ul>\n<li>Idealnie przyczepny do szk\u0142a i lakierowanego drewna<\/li>\n<li>Tworzy trwale elastyczn\u0105, g\u0142adk\u0105 i po\u0142yskliw\u0105 fug\u0119, odporn\u0105 na odbarwienia<\/li>\n<li>Do zastosowa\u0144 wewn\u0119trznych i zewn\u0119trznych<\/li>\n<li>Wytrzyma\u0142y w zmiennych warunkach klimatycznych<\/li>\n<li>Nie \u017c\u00f3\u0142knie<\/li>\n<\/ul>\n<h3>Zastosowanie produktu:<\/h3>\n<p>Szklenie okien drewnianych, gablot, lad, terrari\u00f3w, kaseton\u00f3w reklamowych, mebli i witryn szklanych. Elastyczne uszczelnianie po\u0142\u0105cze\u0144 pomi\u0119dzy materia\u0142ami budowlanymi a elementami wyko\u0144czeniowymi w kombinacji ze szk\u0142em, lakierowanym drewnem, stal\u0105 emaliowan\u0105, ceramik\u0105, glazur\u0105, terakot\u0105, gresem szkliwionym.<\/p>\n<\/div>\n<h3>Dane techniczne:<\/h3>\n<p>100% Modu\u0142: DIN 53504 S2 0,30 N\/mm\u00b2<br \/>\nBaza: Silicone<br \/>\nCzas utwardzania: @ +23\u00b0C\/50% RH 2mm\/24 hours<br \/>\nG\u0119sto\u015b\u0107: ISO 1183-1 0,96 g\/ml<br \/>\nLepko\u015b\u0107: 40<br \/>\nOdporno\u015b\u0107 na mr\u00f3z w transporcie: Up to -15\u00b0C<br \/>\nOdporno\u015b\u0107 termiczna: -40\u00b0C to +180\u00b0C<br \/>\nShore-A twardo\u015b\u0107: DIN 53505 17<br \/>\nTemperatura aplikacji: +5\u00b0C to +40\u00b0C<br \/>\nTempo wyciskania: @ \u00d83 mm\/6,3 bar 700 g\/min<br \/>\nTworzenie si\u0119 nask\u00f3rka: DBTM 16 10-12 minutes @ +23\u00b0C\/50% RH<br \/>\nWyd\u0142u\u017cenie przy zerwaniu: DIN 53504 S2 440%<br \/>\nWytrzyma\u0142o\u015b\u0107 na rozci\u0105ganie: DIN 53504 S2 1,30 N\/mm\u00b2<br \/>\n\u015aciekanie: ISO 7390 < 2 mm\n\n\n\n<h3>Spos\u00f3b u\u017cycia:<\/h3>\n<p>G\u0142\u0119boko\u015b\u0107 spoiny powinna by\u0107 zawsze w odpowiedniej proporcji do jej szeroko\u015bci. Generalnie stosunek ten (przy szeroko\u015bci szczeliny do 10mm) powinien by\u0107 1:1, przy czym szeroko\u015b\u0107 i g\u0142\u0119boko\u015b\u0107 szczeliny powinna wynosi\u0107 co najmniej 5mm. Dla szczelin o szeroko\u015bci wi\u0119kszej ni\u017c 10mm, stosunek ten oblicza si\u0119 ze wzoru g\u0142\u0119boko\u015b\u0107 [mm] = (szeroko\u015b\u0107 [mm] \/ 3) + 6. W celu u\u017cycia zdj\u0105\u0107 aplikator, obci\u0105\u0107 ko\u0144c\u00f3wk\u0119 kartusza powy\u017cej gwintu, nakr\u0119ci\u0107 aplikator na kartusz i obci\u0105\u0107 jego ko\u0144c\u00f3wk\u0119 pod k\u0105tem na szeroko\u015b\u0107 spoiny. W celu unikni\u0119cia zabrudze\u0144 okolic wype\u0142nianej szczeliny, zabezpieczy\u0107 j\u0105 po bokach za pomoc\u0105 malarskiej ta\u015bmy maskuj\u0105cej. Ta\u015bm\u0119 usun\u0105\u0107 natychmiast po zako\u0144czeniu obr\u00f3bki fugi. Fugi wyg\u0142adzi\u0107 szpachelk\u0105, szpatu\u0142k\u0105 lub palcem, maczaj\u0105c w wodzie z niewielk\u0105 domieszk\u0105 myd\u0142a, w ci\u0105gu 13 minut od na\u0142o\u017cenia silikonu. Fuga powinna mie\u0107 kszta\u0142t pozwalaj\u0105cy na swobodne \u015bciekanie wody.<\/p>\n<h3>Okres trwa\u0142o\u015bci:<\/h3>\n<p>Przechowywa\u0107 w oryginalnym opakowaniu, w suchym i ch\u0142odnym miejscu w temperaturze +5\u00b0C do +25\u00b0C. Okres trwa\u0142o\u015bci: 18 miesi\u0119cy od daty produkcji.<\/p>\n","protected":false},"excerpt":{"rendered":"<p>\u015arodek do uszczelniania, przeznaczony do wyrob\u00f3w na bazie szk\u0142a. <\/p>\n","protected":false},"featured_media":20571,"comment_status":"open","ping_status":"closed","template":"","meta":{"_acf_changed":false,"inline_featured_image":false},"product_cat":[285],"product_tag":[955,1535],"class_list":{"0":"post-20524","1":"product","2":"type-product","3":"status-publish","4":"has-post-thumbnail","6":"product_cat-silikony-i-uszczelniacze","7":"product_tag-den-braven","8":"product_tag-silikon-szklarski","10":"first","11":"instock","12":"shipping-taxable","13":"purchasable","14":"product-type-simple"},"acf":[],"_links":{"self":[{"href":"https:\/\/e-adams.pl\/de\/wp-json\/wp\/v2\/product\/20524","targetHints":{"allow":["GET"]}}],"collection":[{"href":"https:\/\/e-adams.pl\/de\/wp-json\/wp\/v2\/product"}],"about":[{"href":"https:\/\/e-adams.pl\/de\/wp-json\/wp\/v2\/types\/product"}],"replies":[{"embeddable":true,"href":"https:\/\/e-adams.pl\/de\/wp-json\/wp\/v2\/comments?post=20524"}],"wp:featuredmedia":[{"embeddable":true,"href":"https:\/\/e-adams.pl\/de\/wp-json\/wp\/v2\/media\/20571"}],"wp:attachment":[{"href":"https:\/\/e-adams.pl\/de\/wp-json\/wp\/v2\/media?parent=20524"}],"wp:term":[{"taxonomy":"product_cat","embeddable":true,"href":"https:\/\/e-adams.pl\/de\/wp-json\/wp\/v2\/product_cat?post=20524"},{"taxonomy":"product_tag","embeddable":true,"href":"https:\/\/e-adams.pl\/de\/wp-json\/wp\/v2\/product_tag?post=20524"}],"curies":[{"name":"wp","href":"https:\/\/api.w.org\/{rel}","templated":true}]}}