{"id":20525,"date":"2023-08-22T08:20:02","date_gmt":"2023-08-22T06:20:02","guid":{"rendered":"https:\/\/e-adams.pl\/produkt\/piana-montazowa-whiteteq-biala-wezyk-750ml-ceresit\/"},"modified":"2024-07-15T11:31:12","modified_gmt":"2024-07-15T09:31:12","slug":"piana-montazowa-wezykowa-ceresit-whiteq-biala-750ml","status":"publish","type":"product","link":"https:\/\/e-adams.pl\/de\/produkt\/piana-montazowa-wezykowa-ceresit-whiteq-biala-750ml\/","title":{"rendered":"Piana monta\u017cowa w\u0119\u017cykowa CERESIT WHITEQ BIA\u0141A &#8211; 750ml"},"content":{"rendered":"<h1>Piana poliuretanowa CERESIT WHITEQ:<\/h1>\n<p>Jednosk\u0142adnikowa bia\u0142a piana poliuretanowa o 4 x bardziej zwartej strukturze, optymalnej niskopr\u0119\u017cno\u015bci, ultra d\u017awi\u0119koszczelno\u015bci i maksymalnej trwa\u0142o\u015bci.<\/p>\n<h3>W\u0142a\u015bciwo\u015bci produktu:<\/h3>\n<ul>\n<li>4x bardziej zwarta struktura zwi\u0119ksza w\u0142a\u015bciwo\u015bci termoizaolacyjne i d\u017awi\u0119koszczelne<\/li>\n<li>optymalna niskopr\u0119\u017cno\u015b\u0107 zabezpiecza przed wypaczaniem profili<\/li>\n<li>ultra d\u017awi\u0119koszczelno\u015b\u0107 \u2013 do 63 dB<\/li>\n<li>doskona\u0142a izolacyjno\u015b\u0107 termiczna<\/li>\n<li>wysoka elastyczno\u015b\u0107<\/li>\n<li>4x wi\u0119ksza odporno\u015b\u0107 na dzia\u0142anie UV<\/li>\n<li>\u015bnie\u017cnobia\u0142y kolor<\/li>\n<\/ul>\n<h3>Zastosowanie produktu:<\/h3>\n<p>Zwarta struktura wewn\u0119trzna oraz zwi\u0119kszona odporno\u015b\u0107 mechaniczna sprawiaj\u0105, \u017ce Ceresit WHITETEQ QUATTRO jest doskona\u0142ym produktem nadaj\u0105cym si\u0119 do prac instalacyjnych i monta\u017cowych zar\u00f3wno wewn\u0105trz, jak i na zewn\u0105trz pomieszcze\u0144. Pianka ma znakomit\u0105 przyczepno\u015b\u0107 do beton\u00f3w, mur\u00f3w, tynk\u00f3w, metali, drewna, styropianu, papieru, pow\u0142ok malarskich i tworzyw sztucznych (z wyj\u0105tkiem polietylenu, teflonu, silikonu).<\/p>\n<h3>Dane techniczne:<\/h3>\n<p>Baza: \u017cywica poliuretanowa, gaz p\u0119dny \u2013 propan\/izobutan<br \/>\nG\u0119sto\u015b\u0107 obj\u0119to\u015bciowa: \u2013pistoletowa ok. 23 kg\/m3 w\u0119\u017cykowa ok. 25 kg\/m3<br \/>\nTemperatura stosowania: od \u20135\u00b0C do +35\u00b0C<br \/>\nCzas powierzchniowego przesychania: ok. 6\u201312 min przy +23\u00b0C \/ 50% RH<br \/>\nCzas twardnienia: \u2013ok. 20 godz. w temp. \u20135\u00b0C ok. 8 godz. w temp. +20\u00b0C<br \/>\nCzas wst\u0119pnej obr\u00f3bki: ok. 30 min dla 2 cm warstwy przy +23\u00b0C \/ 50% RH<br \/>\nNasi\u0105kliwo\u015b\u0107 po 24 h cz\u0119\u015bciowego zanurzenia: pistoletowa \u2264 2,0kg\/m2 w\u0119\u017cykowa \u2264 2,0kg\/m2<br \/>\nNapr\u0119\u017cenia \u015bciskaj\u0105ce przy 10% odkszta\u0142ceniu wzgl\u0119dnym: \u2013pistoletowa \u2265 20kPa \u2013w\u0119\u017cykowa \u2265 20kPa<br \/>\nWytrzyma\u0142o\u015b\u0107 na rozci\u0105ganie prostopad\u0142e: \u2013pistoletowa \u2265 75 kPa \u2013w\u0119\u017cykowa \u2265 75 kPa<br \/>\nWytrzyma\u0142o\u015b\u0107 na \u015bcinanie: \u2265 100 kPa<br \/>\nPrzyczepno\u015b\u0107 piany, kPa, aplikowanej w temp. +35\u00b0C do pod\u0142o\u017ca z:- aluminium, drewna, PVC \u2264 70 &#8211; betonu \u2265 100<br \/>\nOdporno\u015b\u0107 na temperatur\u0119: od \u201340\u00b0C do +80\u00b0C (po utwardzeniu)<br \/>\nStabilno\u015b\u0107 wymiar\u00f3w: \u00b15%<br \/>\nIzolacyjno\u015b\u0107 akustyczna: \u2264 63 dB**<br \/>\nPrzepuszczalno\u015b\u0107 powietrza: klasa 4 (1200 Pa)<br \/>\nWsp\u00f3\u0142czynnik infiltracji powietrza: a < 0,1m3\/(m\u00d7h\u00d7daPa2\/3) (1200 Pa)\nWodoszczelno\u015b\u0107: klasa E 1200\nWydajno\u015b\u0107 opakowania: \u2013pistoletowa 750ml ok. 31 dm3 \u2013w\u0119\u017cykowa 750ml ok. 33 dm3\n\n\n\n<h3>Spos\u00f3b u\u017cycia:<\/h3>\n<p>Przed u\u017cyciem nale\u017cy przechowywa\u0107 pojemnik z pian\u0105 przez 12 godzin w temperaturze pokojowej. Przed u\u017cyciem mocno wstrz\u0105sn\u0105\u0107 pojemnikiem ok. 30 razy, zdj\u0105\u0107 zabezpieczenie zaworu puszki. W przypadku wersji pistoletowej, nakr\u0119ci\u0107 na zaw\u00f3r pistolet. Uwaga! Zaw\u00f3r pistoletu powinien by\u0107 zakr\u0119cony. Po nakr\u0119ceniu pojemnika z pian\u0105 mo\u017cna otworzy\u0107 zaw\u00f3r pistoletu i uwolni\u0107 pian\u0119 poprzez naci\u015bni\u0119cie spustu. Stosuj\u0105c w\u0119\u017cykow\u0105 wersj\u0119 piany nale\u017cy na zaw\u00f3r nakr\u0119ci\u0107 w\u0119\u017cyk do\u0142\u0105czony do zestawu. W przypadku dodatnich temperatur nak\u0142adanie piany musi by\u0107 poprzedzone zwil\u017ceniem pod\u0142o\u017ca. Nale\u017cy wype\u0142ni\u0107 jedynie 1\/2 obj\u0119to\u015bci otworu. Na koniec \u015bwie\u017c\u0105 pian\u0119 spryska\u0107 wod\u0105. Piana Ceresit WHITETEQ QUATTRO nie powoduje defor-<br \/>\nmacji ram okien i drzwi podczas ich monta\u017cu.<\/p>\n<h3>Okres trwa\u0142o\u015bci:<\/h3>\n<p>Okres przydatno\u015bci do u\u017cycia: 15 miesi\u0119cy \u2013 piana pistoletowa, 12 miesi\u0119cy \u2013 piana w\u0119\u017cykowa od daty produkcji umieszczonej na spodzie pojemnika. Przechowywa\u0107 oraz transportowa\u0107 w pozycji stoj\u0105cej, w ch\u0142odnych i suchych warunkach, w temperaturze od +5\u00b0C do +25\u00b0C. Dopuszcza si\u0119 sk\u0142adowanie pojedynczych puszek z pian\u0105 w pozycji poziomej (chroni\u0107 przed upadkiem z p\u00f3\u0142ki).<\/p>\n","protected":false},"excerpt":{"rendered":"<p>Bia\u0142a piana poliuretanowa o wyj\u0105tkowych parametrach roboczych. Piana monta\u017cowa w\u0119\u017cykowa CERESIT WHITEQ BIA\u0141A &#8211; 750ml <\/p>\n","protected":false},"featured_media":20619,"comment_status":"open","ping_status":"closed","template":"","meta":{"_acf_changed":false,"inline_featured_image":false},"product_cat":[286],"product_tag":[158,1481],"class_list":{"0":"post-20525","1":"product","2":"type-product","3":"status-publish","4":"has-post-thumbnail","6":"product_cat-piany-i-pianokleje","7":"product_tag-ceresit","8":"product_tag-piana-montazowa","10":"first","11":"instock","12":"shipping-taxable","13":"purchasable","14":"product-type-simple"},"acf":[],"_links":{"self":[{"href":"https:\/\/e-adams.pl\/de\/wp-json\/wp\/v2\/product\/20525","targetHints":{"allow":["GET"]}}],"collection":[{"href":"https:\/\/e-adams.pl\/de\/wp-json\/wp\/v2\/product"}],"about":[{"href":"https:\/\/e-adams.pl\/de\/wp-json\/wp\/v2\/types\/product"}],"replies":[{"embeddable":true,"href":"https:\/\/e-adams.pl\/de\/wp-json\/wp\/v2\/comments?post=20525"}],"wp:featuredmedia":[{"embeddable":true,"href":"https:\/\/e-adams.pl\/de\/wp-json\/wp\/v2\/media\/20619"}],"wp:attachment":[{"href":"https:\/\/e-adams.pl\/de\/wp-json\/wp\/v2\/media?parent=20525"}],"wp:term":[{"taxonomy":"product_cat","embeddable":true,"href":"https:\/\/e-adams.pl\/de\/wp-json\/wp\/v2\/product_cat?post=20525"},{"taxonomy":"product_tag","embeddable":true,"href":"https:\/\/e-adams.pl\/de\/wp-json\/wp\/v2\/product_tag?post=20525"}],"curies":[{"name":"wp","href":"https:\/\/api.w.org\/{rel}","templated":true}]}}