{"id":20526,"date":"2023-08-22T08:20:03","date_gmt":"2023-08-22T06:20:03","guid":{"rendered":"https:\/\/e-adams.pl\/produkt\/elast-o-rub-ceglasty-280ml\/"},"modified":"2024-07-15T11:31:13","modified_gmt":"2024-07-15T09:31:13","slug":"uszczelniacz-dekarski-den-braven-elast-o-rub-ceglasty-280ml","status":"publish","type":"product","link":"https:\/\/e-adams.pl\/de\/produkt\/uszczelniacz-dekarski-den-braven-elast-o-rub-ceglasty-280ml\/","title":{"rendered":"Uszczelniacz dekarski DEN BRAVEN ELAST-O-RUB CEGLASTY \u2013 280ml"},"content":{"rendered":"<p>[wpclv]<\/p>\n<h1>Uszczelniacz dekarski :<\/h1>\n<p>DEN BRAVEN ELAST-O-RUB to uszczelniacz ceglasty, trwale plastyczno-elastyczny, kauczukowy uszczelniacz dekarski, do uszczelniania pokry\u0107, rynien i obr\u00f3bek z blachy.<\/p>\n<p>To produkt, kt\u00f3ry utwardza si\u0119 pod wp\u0142ywem odparowania rozpuszczalnika. Silikon stworzony z my\u015bl\u0105 o wygodzie u\u017cytkowania oraz wysokiej wytrzyma\u0142o\u015bci. Jest odporny na dzia\u0142anie wszelkiego rodzaju czynnik\u00f3w atmosferycznych, , promieniowanie UV, powstawanie grzyb\u00f3w ple\u015bniowych, a tak\u017ce na powstawanie rys skurczowych, p\u0119kni\u0119\u0107, a tak\u017ce na sp\u0142ywanie z blachy aluminiowej i betonu. Produkt jest przyczepny do wielu pod\u0142o\u017cy. Po wyschni\u0119ciu mo\u017cna go pokrywa\u0107 pow\u0142okami malarskimi oraz lakierniczymi. Produkt nie pozostawia plam na materia\u0142ach budowlanych, a tak\u017ce jest przyczepny do wielu pod\u0142o\u017cy.<\/p>\n<div class=\"opis\">\n<h3>W\u0142a\u015bciwo\u015bci produktu:<\/h3>\n<ul>\n<li>Utwardza si\u0119 pod wp\u0142ywem odparowania rozpuszczalnika<\/li>\n<li>Trwale plastyczno-elastyczny<\/li>\n<li>Wysoce odporny na dzia\u0142anie grzyb\u00f3w ple\u015bniowych i warunk\u00f3w atmosferycznych<\/li>\n<li>Ponadto odporny na powstawanie rys skurczowych, p\u0119kni\u0119\u0107 i sp\u0142ywanie<\/li>\n<li>Przyczepny do wi\u0119kszo\u015bci pod\u0142o\u017cy spotykanych w budownictwie (tak\u017ce mokrych)<\/li>\n<li>Odporny na promieniowanie UV (nie odbarwia si\u0119)<\/li>\n<li>Nie powoduje korozji (tak\u017ce do metali szlachetnych, np. miedzi)<\/li>\n<li>Po wyschni\u0119ciu malowalny farbami i lakierami<\/li>\n<li>Nie zawiera silikonu<\/li>\n<li>Nie odbarwia pod\u0142o\u017cy<\/li>\n<li>Neutralny chemicznie (nie powoduje korozji metali)<\/li>\n<\/ul>\n<h3>Zastosowanie produktu:<\/h3>\n<p>Uszczelnianie po\u0142\u0105cze\u0144 element\u00f3w budowlanych wykonanych z blachy, stali, betonu, drewna i wybranych tworzyw sztucznych. Uszczelnianie po\u0142\u0105cze\u0144 pokry\u0107 blacharskich, blachodach\u00f3wki, opierze\u0144, blaszanych parapet\u00f3w, kopu\u0142, na\u015bwietli. Wype\u0142nianie p\u0119kni\u0119\u0107 w betonie, kamieniu, ceramice budowlanej. Uszczelnianie konstrukcji stalowych, po\u0142\u0105cze\u0144 blachy profilowanej (np. blachy falistej, trapezowej), ko\u0142nierzy okien dachowych, rynien, rur spustowych. Uszczelnianie blaszanych paneli elewacyjnych, balustrad.<\/p>\n<\/div>\n<h3>Dane techniczne:<\/h3>\n<p>100% Modu\u0142: N\/mm2 0,5<br \/>\nBaza: Synthetic rubber<br \/>\nG\u0119sto\u015b\u0107: 0,95 g\/ml<br \/>\nOdporno\u015b\u0107 termiczna: -25\u00b0C to +100\u00b0C<br \/>\nShore-A twardo\u015b\u0107: DIN 53505 25 \u00b1 5<br \/>\nSkurcz: approximately 20%<br \/>\nTemperatura aplikacji: +5\u00b0C to +40\u00b0C<br \/>\nTworzenie si\u0119 nask\u00f3rka: @ +23\u00b0C\/50% RH 3-5 minutes<\/p>\n<h3>Spos\u00f3b u\u017cycia:<\/h3>\n<p>Przed u\u017cyciem doprowadzi\u0107 produkt do temperatury pokojowej. Zdj\u0105\u0107 aplikator, obci\u0105\u0107 ko\u0144c\u00f3wk\u0119 kartusza powy\u017cej gwintu, nakr\u0119ci\u0107 aplikator na kartusz i obci\u0105\u0107 jego ko\u0144c\u00f3wk\u0119 pod k\u0105tem na szeroko\u015b\u0107 spoiny. W celu unikni\u0119cia zabrudze\u0144 okolic wype\u0142nianej szczeliny, zabezpieczy\u0107 j\u0105 po bokach za pomoc\u0105 malarskiej ta\u015bmy maskuj\u0105cej. Ta\u015bm\u0119 usun\u0105\u0107 natychmiast po zako\u0144czeniu obr\u00f3bki fugi. Fugi wyg\u0142adzi\u0107 szpachelk\u0105, szpatu\u0142k\u0105 lub palcem, maczaj\u0105c w wodzie z niewielk\u0105 domieszk\u0105 myd\u0142a, w ci\u0105gu 5 minut od na\u0142o\u017cenia kitu. Fuga powinna mie\u0107 kszta\u0142t pozwalaj\u0105cy na swobodne \u015bciekanie wody<\/p>\n<h3>Okres trwa\u0142o\u015bci:<\/h3>\n<p>Przechowywa\u0107 w oryginalnym opakowaniu, w suchym i ch\u0142odnym miejscu w temperaturze +5\u00b0C do +25\u00b0C. Okres trwa\u0142o\u015bci: 24 miesi\u0119cy od daty produkcji.<\/p>\n","protected":false},"excerpt":{"rendered":"<p>Trwale plastyczno-elastyczny, kauczukowy uszczelniacz dekarski do uszczelniania pokry\u0107, rynien i obr\u00f3bek z blachy<\/p>\n","protected":false},"featured_media":20554,"comment_status":"open","ping_status":"closed","template":"","meta":{"_acf_changed":false,"inline_featured_image":false},"product_cat":[285],"product_tag":[955,1523],"class_list":{"0":"post-20526","1":"product","2":"type-product","3":"status-publish","4":"has-post-thumbnail","6":"product_cat-silikony-i-uszczelniacze","7":"product_tag-den-braven","8":"product_tag-uszczelniacz-dekarski","10":"first","11":"instock","12":"shipping-taxable","13":"purchasable","14":"product-type-simple"},"acf":[],"_links":{"self":[{"href":"https:\/\/e-adams.pl\/de\/wp-json\/wp\/v2\/product\/20526","targetHints":{"allow":["GET"]}}],"collection":[{"href":"https:\/\/e-adams.pl\/de\/wp-json\/wp\/v2\/product"}],"about":[{"href":"https:\/\/e-adams.pl\/de\/wp-json\/wp\/v2\/types\/product"}],"replies":[{"embeddable":true,"href":"https:\/\/e-adams.pl\/de\/wp-json\/wp\/v2\/comments?post=20526"}],"wp:featuredmedia":[{"embeddable":true,"href":"https:\/\/e-adams.pl\/de\/wp-json\/wp\/v2\/media\/20554"}],"wp:attachment":[{"href":"https:\/\/e-adams.pl\/de\/wp-json\/wp\/v2\/media?parent=20526"}],"wp:term":[{"taxonomy":"product_cat","embeddable":true,"href":"https:\/\/e-adams.pl\/de\/wp-json\/wp\/v2\/product_cat?post=20526"},{"taxonomy":"product_tag","embeddable":true,"href":"https:\/\/e-adams.pl\/de\/wp-json\/wp\/v2\/product_tag?post=20526"}],"curies":[{"name":"wp","href":"https:\/\/api.w.org\/{rel}","templated":true}]}}