{"id":20530,"date":"2023-08-22T08:20:06","date_gmt":"2023-08-22T06:20:06","guid":{"rendered":"https:\/\/e-adams.pl\/produkt\/plus-fix-klej-plynny-gwozdz-400g-bialy\/"},"modified":"2024-07-15T11:31:20","modified_gmt":"2024-07-15T09:31:20","slug":"klej-tytan-plynny-gwozdz-plus-fix-bialy-400ml","status":"publish","type":"product","link":"https:\/\/e-adams.pl\/de\/produkt\/klej-tytan-plynny-gwozdz-plus-fix-bialy-400ml\/","title":{"rendered":"Klej TYTAN P\u0141YNNY GW\u00d3\u0179D\u0179 PLUS FIX BIA\u0141Y &#8211; 400ml"},"content":{"rendered":"<h1>Uniwersalny klej akrylowy:<\/h1>\n<p>Klej jest jednosk\u0142adnikowym klejem wodnym na bazie dyspersji akrylowej o du\u017cej sile wi\u0105zania do przyklejania r\u00f3\u017cnorodnych materia\u0142\u00f3w w technikach izolacyjnych i monta\u017cowych oraz element\u00f3w dekoracyjnych do pod\u0142o\u017cy porowatych (wch\u0142aniaj\u0105cych wod\u0119), np. betonu, gipsu, cementu, ceg\u0142y, p\u0142yt wi\u00f3rowo \u2013 kartonowych. Mo\u017ce by\u0107 stosowany zar\u00f3wno wewn\u0105trz jak i na zewn\u0105trz pomieszcze\u0144.<\/p>\n<h3>W\u0142a\u015bciwo\u015bci produktu:<\/h3>\n<ul>\n<li>Du\u017ca si\u0142a wi\u0105zania<\/li>\n<li>Mocny chwyt pocz\u0105tkowy<\/li>\n<li>Bia\u0142a, malowalna spoina<\/li>\n<li>Do stosowania wewn\u0105trz i na zewn\u0105trz pomieszcze\u0144<\/li>\n<li>Nie zawiera szkodliwych rozpuszczalnik\u00f3w<\/li>\n<\/ul>\n<h3>Zastosowanie produktu:<\/h3>\n<ul>\n<li>Klejenie element\u00f3w dekoracyjnych z drewna i materia\u0142\u00f3w drewnopochodnych, ze styropianu, PVC, gipsu<\/li>\n<li>Klejenie materia\u0142\u00f3w izolacyjnych ze styropianu<\/li>\n<li>Klejenie listew przypod\u0142ogowych<\/li>\n<li>Klejenie innych element\u00f3w i materia\u0142\u00f3w takich jak: drewno, styropian, szk\u0142o, metal, kamie\u0144, PVC, ceramika, do pod\u0142o\u017cy ch\u0142onnych<\/li>\n<li>Klejenie element\u00f3w dekoracyjnych, prace hobbystyczne, drobne naprawy<\/li>\n<\/ul>\n<h3>Dane techniczne:<\/h3>\n<p>kolor i konsystencja: bia\u0142a pasta<br \/>\nsk\u0142ad dyspersja: wodna kopolimeru akrylowo-styrenowego<br \/>\ng\u0119sto\u015b\u0107: 1,45 \u00b1 0,05 g\/cm3<br \/>\nczas otwarty: ok. 15 min.<br \/>\ntemperatura pracy: min. + 12\u2103<br \/>\nczas pe\u0142nego utwardzenia: 24 \u00f7 72 h (zale\u017cnie od sklejanych element\u00f3w)<br \/>\nodporno\u015b\u0107 termiczna: od -25\u2103 do +130\u2103<br \/>\nwydajno\u015b\u0107: ok. 250 g\/m2<br \/>\n\u015brodek czyszcz\u0105cy: woda palno\u015b\u0107 niepalny<\/p>\n<h3>Spos\u00f3b u\u017cycia:<\/h3>\n<ul>\n<li>Klej na\u0142o\u017cy\u0107 na jedn\u0105 z klejonych powierzchni<br \/>\npunktowo lub pasmami za pomoc\u0105 pistoletu<br \/>\nr\u0119cznego.<\/li>\n<li>Ze wzgl\u0119du na kr\u00f3tki czas schni\u0119cia posmarowa\u0107<br \/>\npowierzchnie, jak\u0105 mo\u017cna po\u0142o\u017cy\u0107 w ci\u0105gu 15<br \/>\nminut.<\/li>\n<li>Element klejony przy\u0142o\u017cy\u0107 do pod\u0142oa i silnie<br \/>\ndocisn\u0105\u0107. Pe\u0142na wytrzyma\u0142o\u015b\u0107 po 48 godzinach.<\/li>\n<\/ul>\n<h3>Okres trwa\u0142o\u015bci:<\/h3>\n<p>Przechowywa\u0107 do 12 miesi\u0119cy w szczelnie zamkni\u0119tym opakowaniu w suchych, dobrze wentylowanych pomieszczeniach, w temperaturze od +5 \u00b0C do +25 \u00b0C.<\/p>\n","protected":false},"excerpt":{"rendered":"<p>Klej TYTAN P\u0141YNNY GW\u00d3\u0179D\u0179 PLUS FIX BIA\u0141Y to jednosk\u0142adnikowy \u015bwietnie sprawdza si\u0119 podczas remontu mieszkania, drobnych napraw czy prac hobbystycznych oraz dekoracyjnych. <\/p>\n","protected":false},"featured_media":20602,"comment_status":"open","ping_status":"closed","template":"","meta":{"_acf_changed":false,"inline_featured_image":false},"product_cat":[1475],"product_tag":[],"class_list":{"0":"post-20530","1":"product","2":"type-product","3":"status-publish","4":"has-post-thumbnail","6":"product_cat-kleje-montazowe","8":"first","9":"instock","10":"shipping-taxable","11":"purchasable","12":"product-type-simple"},"acf":[],"_links":{"self":[{"href":"https:\/\/e-adams.pl\/de\/wp-json\/wp\/v2\/product\/20530","targetHints":{"allow":["GET"]}}],"collection":[{"href":"https:\/\/e-adams.pl\/de\/wp-json\/wp\/v2\/product"}],"about":[{"href":"https:\/\/e-adams.pl\/de\/wp-json\/wp\/v2\/types\/product"}],"replies":[{"embeddable":true,"href":"https:\/\/e-adams.pl\/de\/wp-json\/wp\/v2\/comments?post=20530"}],"wp:featuredmedia":[{"embeddable":true,"href":"https:\/\/e-adams.pl\/de\/wp-json\/wp\/v2\/media\/20602"}],"wp:attachment":[{"href":"https:\/\/e-adams.pl\/de\/wp-json\/wp\/v2\/media?parent=20530"}],"wp:term":[{"taxonomy":"product_cat","embeddable":true,"href":"https:\/\/e-adams.pl\/de\/wp-json\/wp\/v2\/product_cat?post=20530"},{"taxonomy":"product_tag","embeddable":true,"href":"https:\/\/e-adams.pl\/de\/wp-json\/wp\/v2\/product_tag?post=20530"}],"curies":[{"name":"wp","href":"https:\/\/api.w.org\/{rel}","templated":true}]}}