{"id":20531,"date":"2023-08-22T08:20:07","date_gmt":"2023-08-22T06:20:07","guid":{"rendered":"https:\/\/e-adams.pl\/produkt\/tytan-professional-uniwersalny-pianoklej-750ml-szary-w-wersji-pistolet\/"},"modified":"2024-07-15T11:31:20","modified_gmt":"2024-07-15T09:31:20","slug":"pianoklej-uniwersalny-pistoletowy-tytan-szary-750ml","status":"publish","type":"product","link":"https:\/\/e-adams.pl\/de\/produkt\/pianoklej-uniwersalny-pistoletowy-tytan-szary-750ml\/","title":{"rendered":"Pianoklej uniwersalny pistoletowy TYTAN SZARY &#8211; 750ml"},"content":{"rendered":"<h1>Uniwersalny pistoletowy pianoklej TYTAN:<\/h1>\n<p>Profesjonalny jednokomponentowy piano klej uniwersalny, klej poliuretanowy uniwersalnego zastosowania przeznaczony do klejenia: p\u0142yt drewnopochodnych (OSB, MDF, HDF) do \u015bcian i pod\u0142\u00f3g, klejenia p\u0142yt G-K, styropianu EPS i XPS oraz we\u0142ny mineralnej, murowania \u015bcianek dzia\u0142owych i obud\u00f3w z bloczk\u00f3w ceramicznych, silikatowych gazobetonowych, przyklejania kaseton\u00f3w, listew przypod\u0142ogowych, parapet\u00f3w, schod\u00f3w.<\/p>\n<p>Zastosowanie kleju znacznie przyspiesza wykonanie prac. Pianoklej uniwersalny wykazuje doskona\u0142\u0105 przyczepno\u015b\u0107 do typowych materia\u0142\u00f3w konstrukcyjnych, takich jak: ceg\u0142y, pustaki, bloczki silikatowe, p\u0142yty G-K, p\u0142yty OSB, beton, tynki, a tak\u017ce drewno, metale, styropian, twarde PVC.<\/p>\n<h3>W\u0142a\u015bciwo\u015bci produktu:<\/h3>\n<ul>\n<li>\u0141atwy i wygodny w nak\u0142adaniu<\/li>\n<li>Niski przyrost zapewniaj\u0105cy stabilno\u015b\u0107 klejonych element\u00f3w<\/li>\n<li>Zastosowanie w szerokim zakresie temperatur<\/li>\n<li>Doskona\u0142a przyczepno\u015b\u0107 do wi\u0119kszo\u015bci materia\u0142\u00f3w<\/li>\n<li>Nie wymaga u\u017cycia pr\u0105du, wody oraz specjalistycznego sprz\u0119tu<\/li>\n<li>\u201cOzon-friendly\u201d oznacza to, \u017ce produkt nie zawiera freon\u00f3w \u2013 gaz\u00f3w typu Chloro-Fluoro-Carbon (CFC i HCFC), kt\u00f3re przyczyniaj\u0105 si\u0119 do niszczenia pow\u0142oki ozonowej<\/li>\n<\/ul>\n<h3>Zastosowanie produktu:<\/h3>\n<ul>\n<li> Monta\u017c parapet\u00f3w okiennych i schod\u00f3w <\/li>\n<li>Klejenie element\u00f3w dekoracyjnych, kaseton\u00f3w, listew pod\u0142ogowych<\/li>\n<li>Klejenie p\u0142yt drewnopochodnych oraz niedu\u017cych element\u00f3w z p\u0142yt gipsowo-kartonowych<\/li>\n<li>Murowanie \u015bcianek dzia\u0142owych i obud\u00f3w z bloczk\u00f3w silikatowych, gazobetonowych, pustak\u00f3w ceramicznych<\/li>\n<li>Klejenie styropianu EPS, XPS<\/li>\n<\/ul>\n<h3>Dane techniczne:<\/h3>\n<p>Kolor: szary<br \/>\nTemperatura aplikacji: od +10\u00b0C do +30\u00b0C<br \/>\nTemperatura puszki: od +10\u00b0C do +30\u00b0C<br \/>\nCzas otwarty: < 5 min.*\nCzas korekty: \u2264 15min.*\nKotwienie mechaniczne: \u2265 2 h *\nWydajno\u015b\u0107: ok. 40 mb**\nPe\u0142ne utwardzenie: 24 h*\nKlasa reakcji na ogie\u0144: F\/B3 (EN 13501\/DIN 4102) \n\n\n\n<h3>Spos\u00f3b u\u017cycia:<\/h3>\n<p>\u2022 za\u0142o\u017cy\u0107 r\u0119kawiczki ochronne<br \/>\n\u2022 na\u0142o\u017cy\u0107 klej na powierzchni\u0119 klejon\u0105 w postaci warkocza o \u015brednicy 2-3 cm<br \/>\n\u2022 nast\u0119pnie po\u0142\u0105czy\u0107 klejone elementy, jednak nie p\u00f3\u017aniej ni\u017c do 5 minut po aplikacji<br \/>\n\u2022 w zale\u017cno\u015bci od wagi \/ rozmiaru klejonych element\u00f3w dociska\u0107 lub podpiera\u0107 klejone elementy przez minimum 1 min.<br \/>\n\u2022UWAGA: nie zaleca si\u0119 zwil\u017cania wod\u0105 kleju i powierzchni roboczych<br \/>\n\u2022 w przypadku ma\u0142ych element\u00f3w wyko\u0144czeniowych lub dekoracyjnych pianoklej powinien pokrywa\u0107 min. 50% powierzchni klejenia<br \/>\n\u2022 zalecana grubo\u015b\u0107 spoiny wynosi max. 5 mm<br \/>\n\u2022 w celu polepszenia przyczepno\u015bci, zaleca si\u0119 klejenie kontaktowe (\u201eprzyci\u015bnij \u2013 oderwij \u2013 odczekaj chwil\u0119 \u2013 doci\u015bnij\u201d)<\/p>\n<h3>Okres trwa\u0142o\u015bci:<\/h3>\n<p>Data wa\u017cno\u015bci i numer partii na opakowaniu. Produkt przechowywa\u0107 w suchym, ch\u0142odnym miejscu, w oryginalnie zapakowanych pojemnikach, w pozycji pionowej (\u201ezaworem do g\u00f3ry\u201d). Temperatura przechowywania: od +10\u00b0C do +30\u00b0C. Przechowywanie w temperaturze wy\u017cszej ni\u017c +30\u00b0C skraca okres przydatno\u015bci produktu do u\u017cycia, wp\u0142ywaj\u0105c negatywnie na jego parametry. Istnieje mo\u017cliwo\u015b\u0107 przechowywania produktu w temperaturze -5\u00b0C nie d\u0142u\u017cej jednak ni\u017c 7 dni (z wy\u0142\u0105czeniem transportu). Nie jest dozwolone przechowywanie pojemnik\u00f3w z pianoklejem w temp. powy\u017cej + 50\u00b0C ani w pobli\u017cu otwartego ognia. Przechowywanie produktu w pozycji innej ni\u017c zalecana mo\u017ce doprowadzi\u0107 do blokady zaworu. Puszki nie wolno zgniata\u0107 ani przebija\u0107 nawet po ca\u0142kowitym opr\u00f3\u017cnieniu. Nie przechowywa\u0107 produktu w kabinie samochodu. Przewozi\u0107 wy\u0142\u0105cznie w baga\u017cniku<\/p>\n","protected":false},"excerpt":{"rendered":"<p>Jednokomponentowy, wysokowydajny pianoklej poliuretanowy uniwersalnego zastosowania. Pianoklej uniwersalny pistoletowy TYTAN SZARY.<\/p>\n","protected":false},"featured_media":20607,"comment_status":"open","ping_status":"closed","template":"","meta":{"_acf_changed":false,"inline_featured_image":false},"product_cat":[1475],"product_tag":[],"class_list":{"0":"post-20531","1":"product","2":"type-product","3":"status-publish","4":"has-post-thumbnail","6":"product_cat-kleje-montazowe","8":"first","9":"instock","10":"shipping-taxable","11":"purchasable","12":"product-type-simple"},"acf":[],"_links":{"self":[{"href":"https:\/\/e-adams.pl\/de\/wp-json\/wp\/v2\/product\/20531","targetHints":{"allow":["GET"]}}],"collection":[{"href":"https:\/\/e-adams.pl\/de\/wp-json\/wp\/v2\/product"}],"about":[{"href":"https:\/\/e-adams.pl\/de\/wp-json\/wp\/v2\/types\/product"}],"replies":[{"embeddable":true,"href":"https:\/\/e-adams.pl\/de\/wp-json\/wp\/v2\/comments?post=20531"}],"wp:featuredmedia":[{"embeddable":true,"href":"https:\/\/e-adams.pl\/de\/wp-json\/wp\/v2\/media\/20607"}],"wp:attachment":[{"href":"https:\/\/e-adams.pl\/de\/wp-json\/wp\/v2\/media?parent=20531"}],"wp:term":[{"taxonomy":"product_cat","embeddable":true,"href":"https:\/\/e-adams.pl\/de\/wp-json\/wp\/v2\/product_cat?post=20531"},{"taxonomy":"product_tag","embeddable":true,"href":"https:\/\/e-adams.pl\/de\/wp-json\/wp\/v2\/product_tag?post=20531"}],"curies":[{"name":"wp","href":"https:\/\/api.w.org\/{rel}","templated":true}]}}