{"id":20532,"date":"2023-08-22T08:20:07","date_gmt":"2023-08-22T06:20:07","guid":{"rendered":"https:\/\/e-adams.pl\/produkt\/tytan-professional-pianoklej-do-murowania-870ml-szary\/"},"modified":"2024-02-15T11:49:25","modified_gmt":"2024-02-15T10:49:25","slug":"pianoklej-do-murowania-tytan-szary-870ml","status":"publish","type":"product","link":"https:\/\/e-adams.pl\/de\/produkt\/pianoklej-do-murowania-tytan-szary-870ml\/","title":{"rendered":"Pianoklej do murowania TYTAN SZARY &#8211; 870ml"},"content":{"rendered":"<h1>Produkt do murowania TYTAN:<\/h1>\n<p>Profesjonalny, nowoczesny i gotowy do u\u017cycia pianoklej do murowania na cienkie spoiny. Produkt przeznaczony do wykonywania zewn\u0119trznych i wewn\u0119trznych mur\u00f3w z bloczk\u00f3w z betonu kom\u00f3rkowego, bloczk\u00f3w silikatowych oraz szlifowanych pustak\u00f3w ceramicznych o wysokiej dok\u0142adno\u015bci wymiarowej.<\/p>\n<p>Jest bardzo wygodny w nak\u0142adaniu, a dzi\u0119ki jego u\u017cyciu, wznoszenie \u015bcian jest o wiele \u0142atwiejsze. Pianoklej do murowania wykazuje bardzo dobr\u0105 przyczepno\u015b\u0107 do typowych element\u00f3w murowych takich jak: beton zwyk\u0142y i kom\u00f3rkowy, pustaki ceramiczne, ceg\u0142a, silikat.<\/p>\n<h3>W\u0142a\u015bciwo\u015bci produktu:<\/h3>\n<ul>\n<li>zastosowanie w niskich temperaturach nawet od -100C*<\/li>\n<li>doskona\u0142a izolacyjno\u015b\u0107 termiczna poprzez eliminacj\u0119 mostk\u00f3w termicznych<\/li>\n<li>nie wymaga u\u017cycia pr\u0105du, wody oraz specjalistycznego sprz\u0119tu<\/li>\n<li>odporno\u015b\u0107 na powstawanie ple\u015bni i grzyb\u00f3w<\/li>\n<li>mo\u017ce by\u0107 stosowany do \u015bcian no\u015bnych i dzia\u0142owych<\/li>\n<li>trwa\u0142e i mocne po\u0142\u0105czenie ju\u017c po dw\u00f3ch godzinach<\/li>\n<li>\u201cOzon-friendly\u201d oznacza to, \u017ce produkt nie zawiera freon\u00f3w &#8211; gaz\u00f3w typu<\/li>\n<p>Chloro-Fluoro-Carbon (CFC i HCFC), kt\u00f3re przyczyniaj\u0105 si\u0119 do niszczenia pow\u0142oki ozonowej<\/li>\n<\/ul>\n<h3>Zastosowanie produktu:<\/h3>\n<ul>\n<li> budowa domk\u00f3w jednorodzinnych lub budownictwo wielorodzinne<\/li>\n<li>murowanie \u015bcian konstrukcyjnych z betonu kom\u00f3rkowego, silikatu lub ceramiki szlifowanej<\/li>\n<li>murowanie \u015bcianek dzia\u0142owych z ceramiki szlifowanej, silikatu lub betonu kom\u00f3rkowego<\/li>\n<\/ul>\n<h3>Dane techniczne:<\/h3>\n<p>Kolor: szary<br \/>\nTemperatura aplikacji:<br \/>\nod -100C do +300C (dla bloczk\u00f3w z betonukom\u00f3rkowego i silikat\u00f3w)<br \/>\nod -50C do +300C (dla pustak\u00f3w ceramicznych szlifowanych)<br \/>\nTemperatura puszki: od +100C do +300C<br \/>\nTemperatura pod\u0142o\u017ca: od -100C do +300C (dla bloczk\u00f3w z betonu kom\u00f3rkowego i silikat\u00f3w) \/ od -50C do +300C (dla pustak\u00f3w ceramicznych szlifowanych)<br \/>\nCzas korekty (dla bloczk\u00f3w z betonu kom\u00f3rkowego i silikat\u00f3w): < 3 min *\nPe\u0142ne utwardzenie: 24 h *\nWsp\u00f3\u0142czynnik przewodzenia ciep\u0142a (dla zaprawy wolno spienionej): \u2264 0,036 W\/mK\nWydajno\u015b\u0107 dla \u015bcian o grubo\u015bci: \u2264 130 mm 50-60 mb **\n\n\n\n<h3>Spos\u00f3b u\u017cycia:<\/h3>\n<p>\u2022 za\u0142o\u017cy\u0107 r\u0119kawiczki ochronne<br \/>\n\u2022 pierwsza warstwa pianokleju musi by\u0107 aplikowana na warstw\u0119 element\u00f3w murowych u\u0142o\u017conych i wypoziomowanych na tradycyjnej<br \/>\nzaprawie cementowej<br \/>\n\u2022 w przypadku element\u00f3w murowych o szeroko\u015bci >13 cm zaaplikowa\u0107 pianoklej w postaci dw\u00f3ch r\u00f3wnoleg\u0142ych do d\u0142u\u017cszej kraw\u0119dzi<br \/>\nelementu murowego warkoczy w odleg\u0142o\u015bci ok. 3- 5 cm od ka\u017cdej z kraw\u0119dzi bloczka<br \/>\n\u2022 dla element\u00f3w murowych o szeroko\u015bci <13 cm zaaplikowa\u0107 jeden warkocz pianokleju wzd\u0142u\u017c elementu murowego po \u015brodku jego\nszeroko\u015bci\n\u2022 dla element\u00f3w murowych z betonu kom\u00f3rkowego i silikat\u00f3w warkocz nak\u0142adanego pianokleju powinien mie\u0107 \u015brednic\u0119 minimum\n2-3 cm\n\u2022 dla ceramicznych element\u00f3w murowych \u015brednica warkocza powinna wynosi\u0107 min 5-6 cm\n\u2022 czas na po\u0142o\u017cenie bloczka na na\u0142o\u017cony pianoklej wynosi do 3 minut \u2013 warkocz nie powinien tworzy\u0107 nask\u00f3rka\n\u2022 po przy\u0142o\u017ceniu elementu murowego nale\u017cy go docisn\u0105\u0107 tak, aby uzyska\u0107 jak najcie\u0144sz\u0105 spoin\u0119, wyr\u00f3wna\u0107 poprzez postukiwanie\ngumowym m\u0142otkiem\n\u2022 korekta w poziomie nie powinna wynosi\u0107 wi\u0119cej ni\u017c 5 mm\n\u2022 je\u015bli musimy oderwa\u0107 pustak\/bloczek nale\u017cy ponownie na\u0142o\u017cy\u0107 pianoklej\n\u2022 naro\u017cniki murowe wykonywa\u0107 zgodnie z instrukcj\u0105 producenta element\u00f3w murowych\n\u2022 nadpro\u017ca uk\u0142ada\u0107 zgodnie z og\u00f3lnie przyj\u0119tymi metodami montowania nadpro\u017cy\n\u2022 po pe\u0142nym utwardzeniu pianokleju nale\u017cy zabezpieczy\u0107 go przed dzia\u0142aniem promieniowania UV u\u017cywaj\u0105c np. tynku\n\n\n\n<h3>Okres trwa\u0142o\u015bci:<\/h3>\n<p>Data wa\u017cno\u015bci i numer partii na opakowaniu. Produkt przechowywa\u0107 w suchym, ch\u0142odnym miejscu, w oryginalnie zapakowanych pojemnikach, w pozycji pionowej (\u201ezaworem do g\u00f3ry\u201d). Temperatura przechowywania: od +5\u00b0C do +30\u00b0C. Przechowywanie w temperaturze wy\u017cszej ni\u017c +30\u00b0C skraca okres przydatno\u015bci produktu do u\u017cycia, wp\u0142ywaj\u0105c negatywnie na jego parametry. Istnieje mo\u017cliwo\u015b\u0107 przechowywania produktu w temperaturze -5\u00b0C nie d\u0142u\u017cej jednak ni\u017c 7 dni (z wy\u0142\u0105czeniem transportu). Nie jest dozwolone przechowywanie pojemnik\u00f3w z pianoklejem w temp. powy\u017cej + 50\u00b0C ani w pobli\u017cu otwartego ognia. Przechowywanie produktu w pozycji innej ni\u017c zalecana mo\u017ce doprowadzi\u0107 do blokady zaworu. Puszki nie wolno zgniata\u0107 ani przebija\u0107 nawet po ca\u0142kowitym opr\u00f3\u017cnieniu. Nie przechowywa\u0107 produktu w kabinie samochodu. Przewozi\u0107 wy\u0142\u0105cznie w baga\u017cniku<\/p>\n","protected":false},"excerpt":{"rendered":"<p>Preparat do murowania. Pianoklej do murowania TYTAN SZARY.<\/p>\n","protected":false},"featured_media":20605,"comment_status":"open","ping_status":"closed","template":"","meta":{"_acf_changed":false,"inline_featured_image":false},"product_cat":[1475],"product_tag":[1545,1483],"class_list":{"0":"post-20532","1":"product","2":"type-product","3":"status-publish","4":"has-post-thumbnail","6":"product_cat-kleje-montazowe","7":"product_tag-pianoklej-do-murowania","8":"product_tag-tytan","10":"first","11":"instock","12":"shipping-taxable","13":"purchasable","14":"product-type-simple"},"acf":[],"_links":{"self":[{"href":"https:\/\/e-adams.pl\/de\/wp-json\/wp\/v2\/product\/20532","targetHints":{"allow":["GET"]}}],"collection":[{"href":"https:\/\/e-adams.pl\/de\/wp-json\/wp\/v2\/product"}],"about":[{"href":"https:\/\/e-adams.pl\/de\/wp-json\/wp\/v2\/types\/product"}],"replies":[{"embeddable":true,"href":"https:\/\/e-adams.pl\/de\/wp-json\/wp\/v2\/comments?post=20532"}],"wp:featuredmedia":[{"embeddable":true,"href":"https:\/\/e-adams.pl\/de\/wp-json\/wp\/v2\/media\/20605"}],"wp:attachment":[{"href":"https:\/\/e-adams.pl\/de\/wp-json\/wp\/v2\/media?parent=20532"}],"wp:term":[{"taxonomy":"product_cat","embeddable":true,"href":"https:\/\/e-adams.pl\/de\/wp-json\/wp\/v2\/product_cat?post=20532"},{"taxonomy":"product_tag","embeddable":true,"href":"https:\/\/e-adams.pl\/de\/wp-json\/wp\/v2\/product_tag?post=20532"}],"curies":[{"name":"wp","href":"https:\/\/api.w.org\/{rel}","templated":true}]}}