{"id":20533,"date":"2023-08-22T08:20:08","date_gmt":"2023-08-22T06:20:08","guid":{"rendered":"https:\/\/e-adams.pl\/produkt\/tytan-euro-line-klej-do-styropianu-750ml-w-wersji-pistolet\/"},"modified":"2024-07-15T11:31:20","modified_gmt":"2024-07-15T09:31:20","slug":"klej-do-styropianu-pistoletowy-tytan-euro-line-eps-xps-750ml","status":"publish","type":"product","link":"https:\/\/e-adams.pl\/de\/produkt\/klej-do-styropianu-pistoletowy-tytan-euro-line-eps-xps-750ml\/","title":{"rendered":"Klej do styropianu pistoletowy TYTAN EURO-LINE EPS\/XPS &#8211; 750ml"},"content":{"rendered":"<h1>Produkt do klejenia styropianu:<\/h1>\n<p>Jednokomponentowy klej poliuretanowy TYTAN EURO-LINE EPS\/XPS przeznaczony do klejenia p\u0142yt styropianowych przy ocieplaniu \u015bcian zewn\u0119trznych budynk\u00f3w oraz styrodurowych XPS do membran bitumicznych przy termoizolacji fundament\u00f3w.<\/p>\n<p>Produkt charakteryzuje si\u0119 doskona\u0142\u0105 przyczepno\u015bci\u0105 do materia\u0142\u00f3w budowlanych, tj. spieniony polistyren (EPS), ekstrudowany polistyren (XPS), p\u0142yty poliuretanowe (PUR, PIR), p\u0142yty kartonowe, drewno\/korek, beton kom\u00f3rkowy, metal, kamie\u0144, elementy ceramiczne, silikaty, powierzchnie bitumiczne z posypka mineraln\u0105, r\u00f3\u017cne rodzaje tynk\u00f3w i pokry\u0107 dachowych, p\u0142yty gipsowe.<\/p>\n<h3>W\u0142a\u015bciwo\u015bci produktu:<\/h3>\n<ul>\n<li>\u0142atwy i wygodny w nak\u0142adaniu<\/li>\n<li>ko\u0142kowanie po 2h<\/li>\n<li>bardzo dobra przyczepno\u015b\u0107 do pod\u0142o\u017cy mineralnych i do styropianu EPS oraz XPS<\/li>\n<li>zastosowanie w szerokim zakresie temperatur<\/li>\n<\/ul>\n<h3>Zastosowanie produktu:<\/h3>\n<ul>\n<li>klejenie p\u0142yt styropianowych do pod\u0142o\u017cy mineralnych przy ocieplaniu budynk\u00f3w metod\u0105 bezspoinow\u0105 (ETICS)<\/li>\n<li>mocowania p\u0142yt EPS oraz XPS do powierzchni podziemnych cz\u0119\u015bci budynk\u00f3w z bitumiczn\u0105 pow\u0142ok\u0105<\/li>\n<li>hydroizolacyjn\u0105 lub bez, przy wykonywaniu obwodowej izolacji cieplnej<\/li>\n<li>klejenie kaseton\u00f3w styropianowych, parapet\u00f3w<\/li>\n<li>wype\u0142nianie szczelin dylatacyjnych w izolacji termicznej<\/li>\n<\/ul>\n<h3>Dane techniczne:<\/h3>\n<p>Kolor: \u017c\u00f3\u0142ty<br \/>\nTemperatura aplikacji: od 0\u00b0C do +30\u00b0C<br \/>\nTemperatura puszki: od +10\u00b0C do +30\u00b0C<br \/>\nCzas korekty: &lt; 15 min * Czas ko\u0142kowania: &gt; 2 h *<br \/>\nPe\u0142ne utwardzenie po 24h*<br \/>\nWydajno\u015b\u0107 elewacja: ok. 8 m\u00b2**<br \/>\nWydajno\u015b\u0107 fundament: ok. 12 m\u00b2**<br \/>\nWsp\u00f3\u0142czynnik przewodzenia ciep\u0142a: \u22640,036 W\/mK<\/p>\n<h3>Spos\u00f3b u\u017cycia:<\/h3>\n<p>\u2022 za\u0142o\u017cy\u0107 r\u0119kawiczki ochronne<br \/>\n\u2022 klej do styropianu nak\u0142adamy warkoczem o \u015brednicy ok. 3 cm na p\u0142yt\u0119 styropianow\u0105 po obwodzie z zachowaniem odst\u0119pu<br \/>\nod jej kraw\u0119dzi ok. 2 cm i jednym pasem wzd\u0142u\u017c \u015brodka p\u0142yty, zgodnie z poni\u017cszym rysunkiem<br \/>\n<img decoding=\"async\" src=\"https:\/\/e-adams.pl\/wp-content\/uploads\/2023\/08\/schemat.png\" alt=\"\" title=\"\"><br \/>\n\u2022 bezpo\u015brednio po na\u0142o\u017ceniu kleju (max. do 4 minut) przy\u0142o\u017cy\u0107 p\u0142yt\u0119 do \u015bciany dociskaj\u0105c niewielk\u0105 si\u0142\u0105 i wyr\u00f3wna\u0107 u\u017cywaj\u0105c d\u0142ugiej<br \/>\n\u0142aty<br \/>\n\u2022 ustawienie p\u0142yt mo\u017cna korygowa\u0107 do 15 minut od ich przy\u0142o\u017cenia do \u015bciany<br \/>\n\u2022 w przypadku prowadzenia prac w niekorzystnych warunkach, takich jak silny wiatr lub opady deszczu, nale\u017cy bezwzgl\u0119dnie stosowa\u0107<br \/>\nsiatk\u0119 rusztowaniow\u0105<br \/>\n\u2022 przy nadpro\u017cach nale\u017cy podeprze\u0107 p\u0142yty do momentu wst\u0119pnego zwi\u0105zania kleju, czyli ok. 15 minut<br \/>\n\u2022 po stwardnieniu kleju (po ok. 2 h) p\u0142yty nale\u017cy przeszlifowa\u0107 i przymocowa\u0107 dodatkowo odpowiednimi \u0142\u0105cznikami mechanicznymi<br \/>\ndo termoizolacji w ilo\u015bci min. 4 szt.\/m\u00b2, a wzd\u0142u\u017c kraw\u0119dzi budynku min. 8 szt.\/m\u00b2<\/p>\n<h3>Okres trwa\u0142o\u015bci:<\/h3>\n<p>Data wa\u017cno\u015bci i numer partii na opakowaniu. Produkt przechowywa\u0107 w suchym, ch\u0142odnym miejscu, w oryginalnie zapakowanych pojemnikach, w pozycji pionowej (\u201ezaworem do g\u00f3ry\u201d). Temperatura przechowywania: od +5\u00b0C do +30\u00b0C. Przechowywanie w temperaturze wy\u017cszej ni\u017c +30\u00b0C skraca okres przydatno\u015bci produktu do u\u017cycia, wp\u0142ywaj\u0105c negatywnie na jego parametry. Istnieje mo\u017cliwo\u015b\u0107 przechowywania produktu w temperaturze -5\u00b0C nie d\u0142u\u017cej jednak ni\u017c 7 dni (z wy\u0142\u0105czeniem transportu). Nie jest dozwolone przechowywanie pojemnik\u00f3w z pianoklejem w temp. powy\u017cej + 50\u00b0C ani w pobli\u017cu otwartego ognia. Przechowywanie produktu w pozycji innej ni\u017c zalecana mo\u017ce doprowadzi\u0107 do blokady zaworu. Puszki nie wolno zgniata\u0107 ani przebija\u0107 nawet po ca\u0142kowitym opr\u00f3\u017cnieniu. Nie przechowywa\u0107 produktu w kabinie samochodu. Przewozi\u0107 wy\u0142\u0105cznie w baga\u017cniku<\/p>\n","protected":false},"excerpt":{"rendered":"<p>Produkt do klejenia p\u0142yt styropianowych przy ocieplaniu \u015bcian zewn\u0119trznych budynk\u00f3w oraz styrodurowych XPS do membran bitumicznych przy termoizolacji fundament\u00f3w. TYTAN EURO-LINE EPS\/XPS<\/p>\n","protected":false},"featured_media":20610,"comment_status":"open","ping_status":"closed","template":"","meta":{"_acf_changed":false,"inline_featured_image":false},"product_cat":[1475],"product_tag":[1546,1483],"class_list":{"0":"post-20533","1":"product","2":"type-product","3":"status-publish","4":"has-post-thumbnail","6":"product_cat-kleje-montazowe","7":"product_tag-klej-do-styropianow","8":"product_tag-tytan","10":"first","11":"instock","12":"shipping-taxable","13":"purchasable","14":"product-type-simple"},"acf":[],"_links":{"self":[{"href":"https:\/\/e-adams.pl\/de\/wp-json\/wp\/v2\/product\/20533","targetHints":{"allow":["GET"]}}],"collection":[{"href":"https:\/\/e-adams.pl\/de\/wp-json\/wp\/v2\/product"}],"about":[{"href":"https:\/\/e-adams.pl\/de\/wp-json\/wp\/v2\/types\/product"}],"replies":[{"embeddable":true,"href":"https:\/\/e-adams.pl\/de\/wp-json\/wp\/v2\/comments?post=20533"}],"wp:featuredmedia":[{"embeddable":true,"href":"https:\/\/e-adams.pl\/de\/wp-json\/wp\/v2\/media\/20610"}],"wp:attachment":[{"href":"https:\/\/e-adams.pl\/de\/wp-json\/wp\/v2\/media?parent=20533"}],"wp:term":[{"taxonomy":"product_cat","embeddable":true,"href":"https:\/\/e-adams.pl\/de\/wp-json\/wp\/v2\/product_cat?post=20533"},{"taxonomy":"product_tag","embeddable":true,"href":"https:\/\/e-adams.pl\/de\/wp-json\/wp\/v2\/product_tag?post=20533"}],"curies":[{"name":"wp","href":"https:\/\/api.w.org\/{rel}","templated":true}]}}