{"id":20534,"date":"2023-08-22T08:20:09","date_gmt":"2023-08-22T06:20:09","guid":{"rendered":"https:\/\/e-adams.pl\/produkt\/tytan-professional-classic-fix-klej-montazowy-290ml-bezbarwny\/"},"modified":"2024-07-15T11:31:20","modified_gmt":"2024-07-15T09:31:20","slug":"klej-montazowy-tytan-classic-fix-290ml","status":"publish","type":"product","link":"https:\/\/e-adams.pl\/de\/produkt\/klej-montazowy-tytan-classic-fix-290ml\/","title":{"rendered":"Klej monta\u017cowy TYTAN CLASSIC FIX &#8211; 290ML"},"content":{"rendered":"<h1>Klej-uszczelniacz CLASSIC FIX:<\/h1>\n<p>Uniwersalny, bezbarwny klej rozpuszczalnikowy przeznaczony do r\u00f3\u017cnorodnych prac monta\u017cowych i wyko\u0144czeniowych w budownictwie, szczeg\u00f3lnie sytuacji, kiedy potrzebna jest bezbarwna i wytrzyma\u0142a spoina.<\/p>\n<p>Charakteryzuje si\u0119 szybkim i mocnym chwytem pocz\u0105tkowym oraz doskona\u0142\u0105 przyczepno\u015bci\u0105 do wi\u0119kszo\u015bci pod\u0142o\u017cy. Po utwardzeniu tworzy bezbarwn\u0105 spoin\u0119 o bardzo wysokiej sile \u0142\u0105czenia, odporn\u0105 na wilgo\u0107 oraz na zmienne warunki atmosferyczne i promieniowanie UV. Mo\u017ce by\u0107 stosowany wewn\u0105trz i na zewn\u0105trz pomieszcze\u0144.<\/p>\n<h3>W\u0142a\u015bciwo\u015bci produktu:<\/h3>\n<ul>\n<li>odporny na wilgo\u0107 i promieniowanie UV<\/li>\n<li>odporny na zmienne warunki atmosferyczne<\/li>\n<li>transparentna spoina<\/li>\n<li>du\u017ca si\u0142a klejenia<\/li>\n<li>do wewn\u0105trz i na zewn\u0105trz<\/li>\n<li>doskona\u0142a przyczepno\u015b\u0107 do wi\u0119kszo\u015bci materia\u0142\u00f3w stosowanych w budownictwie (z wyj\u0105tkiem PE,PP, teflonu i bitumu<\/li>\n<\/ul>\n<h3>Zastosowanie produktu:<\/h3>\n<ul>\n<li>klejenie listew przypod\u0142ogowych, paneli \u015bciennych, element\u00f3w wyko\u0144czeniowych wykonanych z materia\u0142\u00f3w: drewnianych, drewnopochodnych (MDF, HDF), PVC <\/li>\n<li>klejenie innych element\u00f3w i materia\u0142\u00f3w takich jak: beton, ceg\u0142a, drewno, materia\u0142y drewnopochodne, metal, szk\u0142o, PVC, ceramika w dowolnej kombinacji <\/li>\n<li>klejenie element\u00f3w dekoracyjnych, prace hobbystyczne, drobne naprawy <\/li>\n<\/ul>\n<h3>Dane techniczne:<\/h3>\n<p>Kolor: bezbarwny<br \/>\nKonsystencja: pasta<br \/>\nCzas pe\u0142nego utwardzenia: 3-5 dni*<br \/>\nCzas pracy: 10-20 min<br \/>\nOdporno\u015b\u0107 temperaturowa (po utwardzeniu): od -20\u00b0C do +60\u00b0C<br \/>\nTemperatura aplikacji: od +10\u00b0C do +40\u00b0C<br \/>\nCzyszczenie narz\u0119dzi: aceton, benzyna ekstrakcyjna<br \/>\nZu\u017cycie: 150-350 g\/m\u00b2 <\/p>\n<h3>Spos\u00f3b u\u017cycia:<\/h3>\n<p>\u2022 wylot z kartusza odci\u0105\u0107 powy\u017cej gwintu i wkr\u0119ci\u0107 na niego ko\u0144c\u00f3wk\u0119, przyci\u0119t\u0105 pod ostrym k\u0105tem na szeroko\u015b\u0107 spoiny<br \/>\n\u2022 w\u0142o\u017cy\u0107 kartusz do wyciskacza i poprzez wyciskanie nak\u0142ada\u0107 klej punktowo lub pasmami na jedn\u0105 z klejonych powierzchni.<br \/>\n\u2022 nast\u0119pnie po\u0142\u0105czy\u0107 klejone elementy lekko przesuwaj\u0105c je wzgl\u0119dem siebie, roz\u0142\u0105czy\u0107, odczeka\u0107 do 5 min i ponownie po\u0142\u0105czy\u0107<br \/>\nmocno i r\u00f3wnomiernie dociskaj\u0105c<br \/>\n\u2022 niewielka korekta po\u0142o\u017cenia przyklejonego materia\u0142u jest mo\u017cliwa poprzez przesuni\u0119cie (bez roz\u0142\u0105czania element\u00f3w) w czasie<br \/>\n2-3 minut od chwili ponownego po\u0142\u0105czenia<\/p>\n<h3>Okres trwa\u0142o\u015bci:<\/h3>\n<p>Przechowywa\u0107 w suchych i ch\u0142odnych pomieszczeniach w szczelnie oryginalnie zamkni\u0119tych opakowaniach w temperaturze od +5\u00b0C do +25\u00b0C. Data wa\u017cno\u015bci i numer partii na opakowaniu.<\/p>\n","protected":false},"excerpt":{"rendered":"<p>Uniwersalny, bezbarwny klej rozpuszczalnikowy przeznaczony do r\u00f3\u017cnorodnych prac monta\u017cowych. Klej monta\u017cowy TYTAN CLASSIC FIX &#8211; 290ML<\/p>\n","protected":false},"featured_media":20612,"comment_status":"open","ping_status":"closed","template":"","meta":{"_acf_changed":false,"inline_featured_image":false},"product_cat":[1475],"product_tag":[1500,1483],"class_list":{"0":"post-20534","1":"product","2":"type-product","3":"status-publish","4":"has-post-thumbnail","6":"product_cat-kleje-montazowe","7":"product_tag-klej-montazowy","8":"product_tag-tytan","10":"first","11":"instock","12":"shipping-taxable","13":"purchasable","14":"product-type-simple"},"acf":[],"_links":{"self":[{"href":"https:\/\/e-adams.pl\/de\/wp-json\/wp\/v2\/product\/20534","targetHints":{"allow":["GET"]}}],"collection":[{"href":"https:\/\/e-adams.pl\/de\/wp-json\/wp\/v2\/product"}],"about":[{"href":"https:\/\/e-adams.pl\/de\/wp-json\/wp\/v2\/types\/product"}],"replies":[{"embeddable":true,"href":"https:\/\/e-adams.pl\/de\/wp-json\/wp\/v2\/comments?post=20534"}],"wp:featuredmedia":[{"embeddable":true,"href":"https:\/\/e-adams.pl\/de\/wp-json\/wp\/v2\/media\/20612"}],"wp:attachment":[{"href":"https:\/\/e-adams.pl\/de\/wp-json\/wp\/v2\/media?parent=20534"}],"wp:term":[{"taxonomy":"product_cat","embeddable":true,"href":"https:\/\/e-adams.pl\/de\/wp-json\/wp\/v2\/product_cat?post=20534"},{"taxonomy":"product_tag","embeddable":true,"href":"https:\/\/e-adams.pl\/de\/wp-json\/wp\/v2\/product_tag?post=20534"}],"curies":[{"name":"wp","href":"https:\/\/api.w.org\/{rel}","templated":true}]}}